{"id":1252,"date":"2017-10-23T10:59:51","date_gmt":"2017-10-23T08:59:51","guid":{"rendered":"http:\/\/parroquiasdesancristobal.archimadrid.es\/?page_id=1252"},"modified":"2022-03-03T18:26:38","modified_gmt":"2022-03-03T18:26:38","slug":"aviso-legal","status":"publish","type":"page","link":"https:\/\/parroquiacarcavas.archimadrid.es\/index.php\/aviso-legal\/","title":{"rendered":"AVISO LEGAL"},"content":{"rendered":"\n<div class=\"wp-block-image\"><figure class=\"aligncenter size-large is-resized\"><img data-recalc-dims=\"1\" loading=\"lazy\" decoding=\"async\" src=\"https:\/\/i0.wp.com\/parroquiacarcavas.archimadrid.es\/wp-content\/uploads\/2022\/02\/LOGO-SAN-ANTONIO.png?resize=304%2C191&#038;ssl=1\" alt=\"\" class=\"wp-image-4464\" width=\"304\" height=\"191\" srcset=\"https:\/\/i0.wp.com\/parroquiacarcavas.archimadrid.es\/wp-content\/uploads\/2022\/02\/LOGO-SAN-ANTONIO.png?resize=1024%2C644&amp;ssl=1 1024w, https:\/\/i0.wp.com\/parroquiacarcavas.archimadrid.es\/wp-content\/uploads\/2022\/02\/LOGO-SAN-ANTONIO.png?resize=300%2C189&amp;ssl=1 300w, https:\/\/i0.wp.com\/parroquiacarcavas.archimadrid.es\/wp-content\/uploads\/2022\/02\/LOGO-SAN-ANTONIO.png?resize=768%2C483&amp;ssl=1 768w, https:\/\/i0.wp.com\/parroquiacarcavas.archimadrid.es\/wp-content\/uploads\/2022\/02\/LOGO-SAN-ANTONIO.png?resize=1536%2C965&amp;ssl=1 1536w, https:\/\/i0.wp.com\/parroquiacarcavas.archimadrid.es\/wp-content\/uploads\/2022\/02\/LOGO-SAN-ANTONIO.png?resize=150%2C94&amp;ssl=1 150w, https:\/\/i0.wp.com\/parroquiacarcavas.archimadrid.es\/wp-content\/uploads\/2022\/02\/LOGO-SAN-ANTONIO.png?w=1863&amp;ssl=1 1863w\" sizes=\"auto, (max-width: 304px) 100vw, 304px\" \/><\/figure><\/div>\n\n\n<p><span class=\"xr_tl Texto Texto_amplio\">El presente Aviso Legal determina el servicio\u00a0<\/span><span class=\"xr_tl Texto Texto_amplio\">que presta la p\u00e1gina web denominada www.parroquiacarcavas.archimadrid.es <\/span><span class=\"xr_tl Texto Texto_amplio\">,\u00a0<\/span><span class=\"xr_tl Texto Texto_amplio\">dependiente de la PARROQUIA SAN ANTONIO DE LAS C\u00c1RCAVAS \/ VALDEBEBAS<span class=\"Texto Texto_amplio\">\u00a0en<\/span><\/span><span class=\"xr_tl Texto Texto_amplio\"> Madrid (en adelante SAC), as\u00ed <\/span><span class=\"xr_tl Texto Texto_amplio\">como el uso de dicho servicio. El acceso a la\u00a0<\/span><span class=\"xr_tl Texto Texto_amplio\">citada p\u00e1gina supone la aceptaci\u00f3n del presente\u00a0<\/span><span class=\"xr_tl Texto Texto_amplio\">Aviso Legal.\u00a0<\/span><span class=\"xr_tl Texto Texto_amplio\">Quien acceda a la citada p\u00e1gina web se\u00a0<\/span><span class=\"xr_tl Texto Texto_amplio\">compromete a no utilizarla de manera il\u00edcita, en\u00a0<\/span><span class=\"xr_tl Texto Texto_amplio\">contra de la finalidad de la misma o con objetivos\u00a0<\/span><span class=\"xr_tl Texto Texto_amplio\">contrarios a los derechos de cualquier persona o\u00a0<\/span><span class=\"xr_tl Texto Texto_amplio\">instituci\u00f3n; as\u00ed como a no perjudicar la citada\u00a0<\/span><span class=\"xr_tl Texto Texto_amplio\">p\u00e1gina web impidiendo su uso normal y los\u00a0<\/span><span class=\"xr_tl Texto Texto_amplio\">objetivos de la misma. <\/span><\/p>\n<p><span class=\"xr_tl Texto Texto_amplio\">El uso que se haga de la presente p\u00e1gina web\u00a0<\/span><span class=\"xr_tl Texto Texto_amplio\">es responsabilidad exclusiva del usuario, por lo\u00a0<\/span><span class=\"xr_tl Texto Texto_amplio\">que la SAC no se hace responsable del perjuicio <\/span><span class=\"xr_tl Texto Texto_amplio\">que pudiera seguirse del uso que se haga de la\u00a0<\/span><span class=\"xr_tl Texto Texto_amplio\">misma o de sus contenidos.<\/span><span class=\"xr_tl Texto Texto_amplio\">Todos los derechos de propiedad intelectual\u00a0<\/span><span class=\"xr_tl Texto Texto_amplio\">correspondientes a la p\u00e1gina web denominada www.parroquiacarcavas.archimadrid.es <\/span><span class=\"xr_tl Texto Texto_amplio\">son\u00a0<\/span><span class=\"xr_tl Texto Texto_amplio\">propiedad de la SAC. Se autoriza la reproducci\u00f3n <\/span><span class=\"xr_tl Texto Texto_amplio\">de dichos contenidos en medios de difusi\u00f3n con\u00a0<\/span><span class=\"xr_tl Texto Texto_amplio\">la condici\u00f3n de que se cite expresamente la\u00a0<\/span><span class=\"xr_tl Texto Texto_amplio\">fuente y se inserte el v\u00ednculo o enlace del material\u00a0<\/span><span class=\"xr_tl Texto Texto_amplio\">reproducido.\u00a0<\/span><span class=\"xr_tl Texto Texto_amplio\">Los derechos sobre materiales reproducidos en\u00a0<\/span><span class=\"xr_tl Texto Texto_amplio\">la presente p\u00e1gina web y que no pertenezcan a la SAC <\/span><span class=\"xr_tl Texto Texto_amplio\">pertenecen a sus autores.<\/span><\/p>\n<p><span class=\"xr_tl Texto Texto_amplio\">Si alguien creyera que alguno de los contenidos\u00a0<\/span><span class=\"xr_tl Texto Texto_amplio\">de la presente p\u00e1gina web sea ilegal o vulnere los\u00a0<\/span><span class=\"xr_tl Texto Texto_amplio\">derechos de cualquier persona f\u00edsica o jur\u00eddica,\u00a0<\/span><span class=\"xr_tl Texto Texto_amplio\">deber\u00e1 ponerlo en conocimiento de la SAC por <\/span><span class=\"xr_tl Texto Texto_amplio\">cualquiera de los medios que figuran en la p\u00e1gina\u00a0<\/span><span class=\"xr_tl Texto Texto_amplio\">web, para que se pueda subsanar lo antes\u00a0<\/span><span class=\"xr_tl Texto Texto_amplio\">posible.<\/span><span class=\"xr_tl Texto Texto_amplio\">La SAC se reserva el derecho a modificar los <\/span><span class=\"xr_tl Texto Texto_amplio\">contenidos de la presente p\u00e1gina web en\u00a0<\/span><span class=\"xr_tl Texto Texto_amplio\">cualquier momento.<\/span><span class=\"xr_tl Texto Texto_amplio\">Los datos personales que se reciban en esta\u00a0<\/span><span class=\"xr_tl Texto Texto_amplio\">p\u00e1gina web s\u00f3lo se utilizar\u00e1n en la medida en que\u00a0<\/span><span class=\"xr_tl Texto Texto_amplio\">se necesiten para prestar los servicios que\u00a0<\/span><span class=\"xr_tl Texto Texto_amplio\">soliciten los propietarios de los mismos y no\u00a0<\/span><span class=\"xr_tl Texto Texto_amplio\">ser\u00e1n comunicados a terceros.<\/span><\/p>\n\n\n<div class=\"wp-block-image\"><figure class=\"aligncenter size-full is-resized\"><img data-recalc-dims=\"1\" loading=\"lazy\" decoding=\"async\" src=\"https:\/\/i0.wp.com\/parroquiacarcavas.archimadrid.es\/wp-content\/uploads\/2022\/02\/cropped-cropped-iglesia-carcavas-k4DE-620x349%40abc.jpg?resize=769%2C422&#038;ssl=1\" alt=\"\" class=\"wp-image-4466\" width=\"769\" height=\"422\" srcset=\"https:\/\/i0.wp.com\/parroquiacarcavas.archimadrid.es\/wp-content\/uploads\/2022\/02\/cropped-cropped-iglesia-carcavas-k4DE-620x349%40abc.jpg?w=592&amp;ssl=1 592w, https:\/\/i0.wp.com\/parroquiacarcavas.archimadrid.es\/wp-content\/uploads\/2022\/02\/cropped-cropped-iglesia-carcavas-k4DE-620x349%40abc.jpg?resize=300%2C165&amp;ssl=1 300w, https:\/\/i0.wp.com\/parroquiacarcavas.archimadrid.es\/wp-content\/uploads\/2022\/02\/cropped-cropped-iglesia-carcavas-k4DE-620x349%40abc.jpg?resize=150%2C82&amp;ssl=1 150w\" sizes=\"auto, (max-width: 769px) 100vw, 769px\" \/><\/figure><\/div>\n","protected":false},"excerpt":{"rendered":"<p>El presente Aviso Legal determina el servicio\u00a0que presta la p\u00e1gina web denominada www.parroquiacarcavas.archimadrid.es ,\u00a0dependiente de la PARROQUIA SAN ANTONIO DE LAS C\u00c1RCAVAS \/ VALDEBEBAS\u00a0en Madrid &hellip;<\/p>\n","protected":false},"author":1,"featured_media":1088,"parent":0,"menu_order":0,"comment_status":"closed","ping_status":"closed","template":"","meta":{"footnotes":""},"class_list":["post-1252","page","type-page","status-publish","has-post-thumbnail","hentry"],"yoast_head":"<!-- This site is optimized with the Yoast SEO plugin v27.6 - https:\/\/yoast.com\/product\/yoast-seo-wordpress\/ -->\n<title>AVISO LEGAL DE LA WEB DE LA UPSC EN MADRID<\/title>\n<meta name=\"description\" content=\"AVISO LEGAL: El acceso a la\u00a0citada p\u00e1gina supone la aceptaci\u00f3n y cumplimiento del presente\u00a0Aviso Legal que se le presenta a continuaci\u00f3n\" \/>\n<meta name=\"robots\" content=\"index, follow, max-snippet:-1, max-image-preview:large, max-video-preview:-1\" \/>\n<link rel=\"canonical\" href=\"https:\/\/parroquiacarcavas.archimadrid.es\/index.php\/aviso-legal\/\" \/>\n<meta property=\"og:locale\" content=\"es_ES\" \/>\n<meta property=\"og:type\" content=\"article\" \/>\n<meta property=\"og:title\" content=\"AVISO LEGAL DE LA WEB DE LA UPSC EN MADRID\" \/>\n<meta property=\"og:description\" content=\"AVISO LEGAL: El acceso a la\u00a0citada p\u00e1gina supone la aceptaci\u00f3n y cumplimiento del presente\u00a0Aviso Legal que se le presenta a continuaci\u00f3n\" \/>\n<meta property=\"og:url\" content=\"https:\/\/parroquiacarcavas.archimadrid.es\/index.php\/aviso-legal\/\" \/>\n<meta property=\"og:site_name\" content=\"PARROQUIA SAN ANTONIO DE LAS C\u00c1RCAVAS\" \/>\n<meta property=\"article:modified_time\" content=\"2022-03-03T18:26:38+00:00\" \/>\n<meta name=\"twitter:card\" content=\"summary_large_image\" \/>\n<meta name=\"twitter:label1\" content=\"Tiempo de lectura\" \/>\n\t<meta name=\"twitter:data1\" content=\"2 minutos\" \/>\n<script type=\"application\/ld+json\" class=\"yoast-schema-graph\">{\"@context\":\"https:\\\/\\\/schema.org\",\"@graph\":[{\"@type\":\"WebPage\",\"@id\":\"https:\\\/\\\/parroquiacarcavas.archimadrid.es\\\/index.php\\\/aviso-legal\\\/\",\"url\":\"https:\\\/\\\/parroquiacarcavas.archimadrid.es\\\/index.php\\\/aviso-legal\\\/\",\"name\":\"AVISO LEGAL DE LA WEB DE LA UPSC EN MADRID\",\"isPartOf\":{\"@id\":\"https:\\\/\\\/parroquiacarcavas.archimadrid.es\\\/#website\"},\"primaryImageOfPage\":{\"@id\":\"https:\\\/\\\/parroquiacarcavas.archimadrid.es\\\/index.php\\\/aviso-legal\\\/#primaryimage\"},\"image\":{\"@id\":\"https:\\\/\\\/parroquiacarcavas.archimadrid.es\\\/index.php\\\/aviso-legal\\\/#primaryimage\"},\"thumbnailUrl\":\"\",\"datePublished\":\"2017-10-23T08:59:51+00:00\",\"dateModified\":\"2022-03-03T18:26:38+00:00\",\"description\":\"AVISO LEGAL: El acceso a la\u00a0citada p\u00e1gina supone la aceptaci\u00f3n y cumplimiento del presente\u00a0Aviso Legal que se le presenta a continuaci\u00f3n\",\"breadcrumb\":{\"@id\":\"https:\\\/\\\/parroquiacarcavas.archimadrid.es\\\/index.php\\\/aviso-legal\\\/#breadcrumb\"},\"inLanguage\":\"es\",\"potentialAction\":[{\"@type\":\"ReadAction\",\"target\":[\"https:\\\/\\\/parroquiacarcavas.archimadrid.es\\\/index.php\\\/aviso-legal\\\/\"]}]},{\"@type\":\"ImageObject\",\"inLanguage\":\"es\",\"@id\":\"https:\\\/\\\/parroquiacarcavas.archimadrid.es\\\/index.php\\\/aviso-legal\\\/#primaryimage\",\"url\":\"\",\"contentUrl\":\"\"},{\"@type\":\"BreadcrumbList\",\"@id\":\"https:\\\/\\\/parroquiacarcavas.archimadrid.es\\\/index.php\\\/aviso-legal\\\/#breadcrumb\",\"itemListElement\":[{\"@type\":\"ListItem\",\"position\":1,\"name\":\"Portada\",\"item\":\"https:\\\/\\\/parroquiacarcavas.archimadrid.es\\\/\"},{\"@type\":\"ListItem\",\"position\":2,\"name\":\"AVISO LEGAL\"}]},{\"@type\":\"WebSite\",\"@id\":\"https:\\\/\\\/parroquiacarcavas.archimadrid.es\\\/#website\",\"url\":\"https:\\\/\\\/parroquiacarcavas.archimadrid.es\\\/\",\"name\":\"PARROQUIA SAN ANTONIO DE LAS C\u00c1RCAVAS\",\"description\":\"VUESTRA CASA\",\"publisher\":{\"@id\":\"https:\\\/\\\/parroquiacarcavas.archimadrid.es\\\/#organization\"},\"potentialAction\":[{\"@type\":\"SearchAction\",\"target\":{\"@type\":\"EntryPoint\",\"urlTemplate\":\"https:\\\/\\\/parroquiacarcavas.archimadrid.es\\\/?s={search_term_string}\"},\"query-input\":{\"@type\":\"PropertyValueSpecification\",\"valueRequired\":true,\"valueName\":\"search_term_string\"}}],\"inLanguage\":\"es\"},{\"@type\":\"Organization\",\"@id\":\"https:\\\/\\\/parroquiacarcavas.archimadrid.es\\\/#organization\",\"name\":\"PARROQUIA SAN ANTONIO DE LAS C\u00c1RCAVAS\",\"url\":\"https:\\\/\\\/parroquiacarcavas.archimadrid.es\\\/\",\"logo\":{\"@type\":\"ImageObject\",\"inLanguage\":\"es\",\"@id\":\"https:\\\/\\\/parroquiacarcavas.archimadrid.es\\\/#\\\/schema\\\/logo\\\/image\\\/\",\"url\":\"https:\\\/\\\/parroquiacarcavas.archimadrid.es\\\/wp-content\\\/uploads\\\/2022\\\/02\\\/LOGO-SAN-ANTONIO.png\",\"contentUrl\":\"https:\\\/\\\/parroquiacarcavas.archimadrid.es\\\/wp-content\\\/uploads\\\/2022\\\/02\\\/LOGO-SAN-ANTONIO.png\",\"width\":1863,\"height\":1171,\"caption\":\"PARROQUIA SAN ANTONIO DE LAS C\u00c1RCAVAS\"},\"image\":{\"@id\":\"https:\\\/\\\/parroquiacarcavas.archimadrid.es\\\/#\\\/schema\\\/logo\\\/image\\\/\"}}]}<\/script>\n<!-- \/ Yoast SEO plugin. -->","yoast_head_json":{"title":"AVISO LEGAL DE LA WEB DE LA UPSC EN MADRID","description":"AVISO LEGAL: El acceso a la\u00a0citada p\u00e1gina supone la aceptaci\u00f3n y cumplimiento del presente\u00a0Aviso Legal que se le presenta a continuaci\u00f3n","robots":{"index":"index","follow":"follow","max-snippet":"max-snippet:-1","max-image-preview":"max-image-preview:large","max-video-preview":"max-video-preview:-1"},"canonical":"https:\/\/parroquiacarcavas.archimadrid.es\/index.php\/aviso-legal\/","og_locale":"es_ES","og_type":"article","og_title":"AVISO LEGAL DE LA WEB DE LA UPSC EN MADRID","og_description":"AVISO LEGAL: El acceso a la\u00a0citada p\u00e1gina supone la aceptaci\u00f3n y cumplimiento del presente\u00a0Aviso Legal que se le presenta a continuaci\u00f3n","og_url":"https:\/\/parroquiacarcavas.archimadrid.es\/index.php\/aviso-legal\/","og_site_name":"PARROQUIA SAN ANTONIO DE LAS C\u00c1RCAVAS","article_modified_time":"2022-03-03T18:26:38+00:00","twitter_card":"summary_large_image","twitter_misc":{"Tiempo de lectura":"2 minutos"},"schema":{"@context":"https:\/\/schema.org","@graph":[{"@type":"WebPage","@id":"https:\/\/parroquiacarcavas.archimadrid.es\/index.php\/aviso-legal\/","url":"https:\/\/parroquiacarcavas.archimadrid.es\/index.php\/aviso-legal\/","name":"AVISO LEGAL DE LA WEB DE LA UPSC EN MADRID","isPartOf":{"@id":"https:\/\/parroquiacarcavas.archimadrid.es\/#website"},"primaryImageOfPage":{"@id":"https:\/\/parroquiacarcavas.archimadrid.es\/index.php\/aviso-legal\/#primaryimage"},"image":{"@id":"https:\/\/parroquiacarcavas.archimadrid.es\/index.php\/aviso-legal\/#primaryimage"},"thumbnailUrl":"","datePublished":"2017-10-23T08:59:51+00:00","dateModified":"2022-03-03T18:26:38+00:00","description":"AVISO LEGAL: El acceso a la\u00a0citada p\u00e1gina supone la aceptaci\u00f3n y cumplimiento del presente\u00a0Aviso Legal que se le presenta a continuaci\u00f3n","breadcrumb":{"@id":"https:\/\/parroquiacarcavas.archimadrid.es\/index.php\/aviso-legal\/#breadcrumb"},"inLanguage":"es","potentialAction":[{"@type":"ReadAction","target":["https:\/\/parroquiacarcavas.archimadrid.es\/index.php\/aviso-legal\/"]}]},{"@type":"ImageObject","inLanguage":"es","@id":"https:\/\/parroquiacarcavas.archimadrid.es\/index.php\/aviso-legal\/#primaryimage","url":"","contentUrl":""},{"@type":"BreadcrumbList","@id":"https:\/\/parroquiacarcavas.archimadrid.es\/index.php\/aviso-legal\/#breadcrumb","itemListElement":[{"@type":"ListItem","position":1,"name":"Portada","item":"https:\/\/parroquiacarcavas.archimadrid.es\/"},{"@type":"ListItem","position":2,"name":"AVISO LEGAL"}]},{"@type":"WebSite","@id":"https:\/\/parroquiacarcavas.archimadrid.es\/#website","url":"https:\/\/parroquiacarcavas.archimadrid.es\/","name":"PARROQUIA SAN ANTONIO DE LAS C\u00c1RCAVAS","description":"VUESTRA CASA","publisher":{"@id":"https:\/\/parroquiacarcavas.archimadrid.es\/#organization"},"potentialAction":[{"@type":"SearchAction","target":{"@type":"EntryPoint","urlTemplate":"https:\/\/parroquiacarcavas.archimadrid.es\/?s={search_term_string}"},"query-input":{"@type":"PropertyValueSpecification","valueRequired":true,"valueName":"search_term_string"}}],"inLanguage":"es"},{"@type":"Organization","@id":"https:\/\/parroquiacarcavas.archimadrid.es\/#organization","name":"PARROQUIA SAN ANTONIO DE LAS C\u00c1RCAVAS","url":"https:\/\/parroquiacarcavas.archimadrid.es\/","logo":{"@type":"ImageObject","inLanguage":"es","@id":"https:\/\/parroquiacarcavas.archimadrid.es\/#\/schema\/logo\/image\/","url":"https:\/\/parroquiacarcavas.archimadrid.es\/wp-content\/uploads\/2022\/02\/LOGO-SAN-ANTONIO.png","contentUrl":"https:\/\/parroquiacarcavas.archimadrid.es\/wp-content\/uploads\/2022\/02\/LOGO-SAN-ANTONIO.png","width":1863,"height":1171,"caption":"PARROQUIA SAN ANTONIO DE LAS C\u00c1RCAVAS"},"image":{"@id":"https:\/\/parroquiacarcavas.archimadrid.es\/#\/schema\/logo\/image\/"}}]}},"_links":{"self":[{"href":"https:\/\/parroquiacarcavas.archimadrid.es\/index.php\/wp-json\/wp\/v2\/pages\/1252","targetHints":{"allow":["GET"]}}],"collection":[{"href":"https:\/\/parroquiacarcavas.archimadrid.es\/index.php\/wp-json\/wp\/v2\/pages"}],"about":[{"href":"https:\/\/parroquiacarcavas.archimadrid.es\/index.php\/wp-json\/wp\/v2\/types\/page"}],"author":[{"embeddable":true,"href":"https:\/\/parroquiacarcavas.archimadrid.es\/index.php\/wp-json\/wp\/v2\/users\/1"}],"replies":[{"embeddable":true,"href":"https:\/\/parroquiacarcavas.archimadrid.es\/index.php\/wp-json\/wp\/v2\/comments?post=1252"}],"version-history":[{"count":3,"href":"https:\/\/parroquiacarcavas.archimadrid.es\/index.php\/wp-json\/wp\/v2\/pages\/1252\/revisions"}],"predecessor-version":[{"id":4531,"href":"https:\/\/parroquiacarcavas.archimadrid.es\/index.php\/wp-json\/wp\/v2\/pages\/1252\/revisions\/4531"}],"wp:featuredmedia":[{"embeddable":true,"href":"https:\/\/parroquiacarcavas.archimadrid.es\/index.php\/wp-json\/"}],"wp:attachment":[{"href":"https:\/\/parroquiacarcavas.archimadrid.es\/index.php\/wp-json\/wp\/v2\/media?parent=1252"}],"curies":[{"name":"wp","href":"https:\/\/api.w.org\/{rel}","templated":true}]}}