{"id":4444,"date":"2022-02-28T10:18:59","date_gmt":"2022-02-28T10:18:59","guid":{"rendered":"https:\/\/parroquiacarcavas.archimadrid.es\/?page_id=4444"},"modified":"2026-04-18T10:15:19","modified_gmt":"2026-04-18T10:15:19","slug":"bautismo","status":"publish","type":"page","link":"https:\/\/parroquiacarcavas.archimadrid.es\/index.php\/bautismo\/","title":{"rendered":"BAUTISMO"},"content":{"rendered":"\n<figure class=\"wp-block-image size-large\"><img data-recalc-dims=\"1\" loading=\"lazy\" decoding=\"async\" width=\"769\" height=\"354\" src=\"https:\/\/i0.wp.com\/parroquiacarcavas.archimadrid.es\/wp-content\/uploads\/2025\/05\/1000483572.jpg?resize=769%2C354&#038;ssl=1\" alt=\"\" class=\"wp-image-5432\" srcset=\"https:\/\/i0.wp.com\/parroquiacarcavas.archimadrid.es\/wp-content\/uploads\/2025\/05\/1000483572.jpg?resize=1024%2C472&amp;ssl=1 1024w, https:\/\/i0.wp.com\/parroquiacarcavas.archimadrid.es\/wp-content\/uploads\/2025\/05\/1000483572.jpg?resize=300%2C138&amp;ssl=1 300w, https:\/\/i0.wp.com\/parroquiacarcavas.archimadrid.es\/wp-content\/uploads\/2025\/05\/1000483572.jpg?resize=768%2C354&amp;ssl=1 768w, https:\/\/i0.wp.com\/parroquiacarcavas.archimadrid.es\/wp-content\/uploads\/2025\/05\/1000483572.jpg?resize=362%2C167&amp;ssl=1 362w, https:\/\/i0.wp.com\/parroquiacarcavas.archimadrid.es\/wp-content\/uploads\/2025\/05\/1000483572.jpg?w=1220&amp;ssl=1 1220w\" sizes=\"auto, (max-width: 769px) 100vw, 769px\" \/><\/figure>\n\n\n\n<h3 class=\"wp-block-heading\">\u00bfQu\u00e9 tengo que hacer para bautizar a mi hijo?<\/h3>\n\n\n\n<p>Para la celebraci\u00f3n del Bautismo hay tres pasos:<\/p>\n\n\n\n<ol class=\"wp-block-list\">\n<li><strong>Solicitar el Bautismo:\u00a0presencialmente\u00a0en la parroquia<\/strong>\u00a0en el horario de despacho parroquial: mi\u00e9rcoles de 18:00 a 20:30 y viernes de 9:00 a 10:00 y de 10:30 a 12:00). Puedes descargarte la solicitud <a href=\"https:\/\/parroquiacarcavas.archimadrid.es\/wp-content\/uploads\/2026\/04\/Solicitud-de-Bautismo-Autorrellenable-2026.pdf\">AQU\u00cd<\/a><\/li>\n\n\n\n<li>Preparar la ceremonia con el sacerdote.<\/li>\n\n\n\n<li>Celebrar el sacramento.<\/li>\n<\/ol>\n\n\n\n<p>La catequesis de preparaci\u00f3n para el Bautismo consisten en una entrevista del p\u00e1rroco con los padres del ni\u00f1o. Los Bautizos son comunitarios y son los <strong>s\u00e1bados<\/strong> por la ma\u00f1ana.<\/p>\n\n\n\n<p>Para solicitar la <a href=\"https:\/\/parroquiacarcavas.archimadrid.es\/index.php\/tasas-administrativas-2025-2028\/\">partida de bautismo<\/a> para la Primera Comuni\u00f3n, Confirmaci\u00f3n o Matrimonio, haz click <a href=\"https:\/\/parroquiacarcavas.archimadrid.es\/index.php\/partida-de-bautismo\/\">AQU\u00cd<\/a><\/p>\n\n\n\n<h2 class=\"wp-block-heading\"><strong>\u00bfQui\u00e9n puede ser padrino o madrina de bautismo?<\/strong><\/h2>\n\n\n\n<p>Debes elegir, al menos, una persona como padrino o madrina de bautismo para tu hijo y ha de reunir estas condiciones:<\/p>\n\n\n\n<ul class=\"wp-block-list\">\n<li>Haya sido elegido por quien va a bautizarse o por sus padres o por quienes ocupan su lugar o, faltando \u00e9stos, por el p\u00e1rroco o ministro; y que tenga capacidad para esta misi\u00f3n e intenci\u00f3n de desempe\u00f1arla;<\/li>\n\n\n\n<li>Haya cumplido <strong>diecis\u00e9is a\u00f1os<\/strong>, a no ser que el Obispo diocesano establezca otra edad, o que, por justa causa, el p\u00e1rroco o el ministro consideren admisible una excepci\u00f3n;<\/li>\n\n\n\n<li>Sea <strong>cat\u00f3lico, est\u00e9 confirmado, haya recibido ya el sant\u00edsimo sacramento de la Eucarist\u00eda y lleve, al mismo tiempo, una vida congruente con la fe y con la misi\u00f3n que va a asumir;<\/strong><\/li>\n\n\n\n<li>No est\u00e9 afectado por una pena can\u00f3nica, leg\u00edtimamente impuesta o declarada;<\/li>\n\n\n\n<li>No sea el padre o la madre de quien se ha de bautizar.<\/li>\n\n\n\n<li>El bautizado que pertenece a una comunidad eclesial no cat\u00f3lica s\u00f3lo puede ser admitido junto con un padrino cat\u00f3lico, y exclusivamente en calidad de testigo del bautismo.<\/li>\n<\/ul>\n\n\n\n<p>Si est\u00e1s pensando en alguien que no re\u00fane estas condiciones, com\u00e9ntalo con el p\u00e1rroco .<\/p>\n\n\n\n<h3 class=\"wp-block-heading\">Catequesis de preparaci\u00f3n para bautismo<\/h3>\n\n\n\n<blockquote class=\"wp-block-quote is-layout-flow wp-block-quote-is-layout-flow\">\n<p><em>El Bautismo \u201ces el m\u00e1s bello y magn\u00edfico de los dones de Dios [\u2026] lo llamamos don, gracia, unci\u00f3n, iluminaci\u00f3n, vestidura de incorruptibilidad, ba\u00f1o de regeneraci\u00f3n, sello y todo lo m\u00e1s precioso que hay.&nbsp;Don, porque es conferido a los que no aportan nada;&nbsp;gracia, porque es dado incluso a culpables;&nbsp;bautismo, porque el pecado es sepultado en el agua;&nbsp;unci\u00f3n, porque es sagrado y real (tales son los que son ungidos);&nbsp;iluminaci\u00f3n, porque es luz resplandeciente;&nbsp;vestidura, porque cubre nuestra verg\u00fcenza;&nbsp;ba\u00f1o, porque lava;&nbsp;sello, porque nos guarda y es el signo de la soberan\u00eda de Dios\u201d.&nbsp;<\/em><\/p>\n<cite><strong>SAN GREGORIO NACIANCENO<\/strong>.<\/cite><\/blockquote>\n\n\n\n<p><\/p>\n\n\n\n<figure class=\"wp-block-embed is-type-video is-provider-youtube wp-block-embed-youtube wp-embed-aspect-16-9 wp-has-aspect-ratio\"><div class=\"wp-block-embed__wrapper\">\n<iframe loading=\"lazy\" title=\"3MC - 3 Minute Catechism - Episodio 36 \u00bfQu\u00e9 es el Bautismo?\" width=\"769\" height=\"433\" src=\"https:\/\/www.youtube.com\/embed\/YIR1bKJUPzI?feature=oembed\" frameborder=\"0\" allow=\"accelerometer; autoplay; clipboard-write; encrypted-media; gyroscope; picture-in-picture; web-share\" referrerpolicy=\"strict-origin-when-cross-origin\" allowfullscreen><\/iframe>\n<\/div><\/figure>\n\n\n\n<h3 class=\"wp-block-heading\">Para saber m\u00e1s<\/h3>\n\n\n\n<blockquote class=\"wp-block-quote is-layout-flow wp-block-quote-is-layout-flow\">\n<p>Dios, al crear al hombre, le concedi\u00f3 el don de la gracia santificante, elev\u00e1ndolo a la dignidad de hijo suyo y heredero del cielo. Al pecar Ad\u00e1n y Eva se rompi\u00f3 la amistad del hombre con Dios, perdiendo el alma la vida de la gracia. A partir de ese momento, todos los hombres con la sola excepci\u00f3n de la Bienaventurada Virgen Mar\u00eda<em>&nbsp;nacemos con el alma manchada por el pecado original<\/em>.<\/p>\n\n\n\n<p>La misericordia de Dios, sin embargo, es infinita: compadecido de nuestra triste situaci\u00f3n, envi\u00f3 a su Hijo a la tierra para rescatarnos del pecado, devolvernos la amistad perdida y la vida de la gracia, haci\u00e9ndonos nuevamente dignos de entrar en la gloria del cielo.<\/p>\n\n\n\n<p>Todo esto nos lo concede a trav\u00e9s del sacramento del bautismo: Con El hemos sido sepultados por el bautismo, para participar en su muerte, de modo que as\u00ed como El resucit\u00f3 de entre los muertos por la gloria del Padre, as\u00ed tambi\u00e9n nosotros vivamos una nueva vida\u201d (<em>Rom.&nbsp;<\/em>6, 4).<\/p>\n<\/blockquote>\n\n\n\n<p><em>El Bautismo es el sacramento por el cual el hombre nace a la vida espiritual, mediante la abluci\u00f3n del agua y la invocaci\u00f3n de la Sant\u00edsima Trinidad.<\/em><\/p>\n\n\n\n<blockquote class=\"wp-block-quote is-layout-flow wp-block-quote-is-layout-flow\">\n<p>Nominalmente, la palabra bautizar (\u2018baptismsV\u2019 en griego) significa \u2018sumergir\u2019, \u2018introducir dentro del agua\u2019; la \u2018inmersi\u00f3n\u2019 en el agua simboliza el acto de sepultar al catec\u00fameno en la muerte de Cristo de donde sale por la resurrecci\u00f3n con El (cfr. Rm. 6, 3-4; Col 2, 12) como \u2018nueva criatura\u2019 (2 Co. 5, 17; Ga. 6, 15) (Catecismo, n. 1214).<\/p>\n<\/blockquote>\n\n\n\n<p>Entre los sacramentos, ocupa el primer lugar porque&nbsp;<em>es el fundamento de toda la vida cristiana, el p\u00f3rtico de la vida en el esp\u00edritu y la puerta que abre el acceso a los otros sacramentos<\/em>. Por el Bautismo somos liberados del pecado y regenerados como hijos de Dios, llegamos a ser miembros de Cristo y somos incorporados a la Iglesia y hechos part\u00edcipes de su misi\u00f3n (Catecismo, n. 1213).<\/p>\n\n\n\n<blockquote class=\"wp-block-quote is-layout-flow wp-block-quote-is-layout-flow\">\n<p>San Pablo lo denomina ba\u00f1o de regeneraci\u00f3n y renovaci\u00f3n del Esp\u00edritu Santo (Tit. 3, 5);<\/p>\n\n\n\n<p>San Le\u00f3n Magno compara la regeneraci\u00f3n del bautismo con el seno virginal de Mar\u00eda;<\/p>\n\n\n\n<p>Santo Tom\u00e1s, asemejando la vida espiritual con la vida corporal, ve en el bautismo el nacimiento a la vida sobrenatural.<\/p>\n<\/blockquote>\n\n\n\n<h4 class=\"wp-block-heading\"><em>LA MATERIA<\/em><\/h4>\n\n\n\n<p><em>La materia del bautismo es el agua natural<\/em>&nbsp;(de fe, Conc. de Florencia,&nbsp;<em>Dz.<\/em>&nbsp;696).<\/p>\n\n\n\n<blockquote class=\"wp-block-quote is-layout-flow wp-block-quote-is-layout-flow\">\n<p>Las pruebas son:<\/p>\n\n\n\n<p>1o.&nbsp;<em>Sagrada Escritura<\/em>: lo dispuso el mismo Cristo (<em>Jn.<\/em>&nbsp;3, 5: quien no naciere del agua\u2026 ) y as\u00ed lo practicaron los ap\u00f3stoles (<em>Hechos&nbsp;<\/em>8, 38; llegados donde hab\u00eda agua, Felipe lo bautiz\u00f3\u2026;<em>&nbsp;Hechos&nbsp;<\/em>10, 44-48).<\/p>\n\n\n\n<p>2o.&nbsp;<em>Magisterio de la Iglesia<\/em>: lo defini\u00f3 el Concilio de Trento: si alguno dijere que el agua verdadera y natural no es necesaria para el bautismo\u2026 sea anatema (<em>Dz.<\/em>858).<\/p>\n\n\n\n<p>Trento hizo esta definici\u00f3n contra la doctrina de Lutero, que juzgaba l\u00edcito emplear cualquier l\u00edquido apto para realizar una abluci\u00f3n. Otros textos del Magisterio:&nbsp;<em>Dz.<\/em>412, 447, 696. Ser\u00eda materia inv\u00e1lida, por ejemplo, el vino, el jugo de frutas, la tinta, el lodo, la cerveza, la saliva, el sudor y, en general, todo aquello que no sea agua verdadera y natural.<\/p>\n\n\n\n<p>3o. La&nbsp;<em>raz\u00f3n teol\u00f3gica&nbsp;<\/em>encuentra adem\u00e1s los siguientes argumentos de conveniencia para emplear el agua:<br>\u2013 el agua lava el cuerpo; luego, es muy apta para el bautismo, que lava el alma de los pecados;<br>\u2013 el bautismo es el m\u00e1s necesario de todos los sacramentos: conven\u00eda, por lo mismo, que su materia fuera f\u00e1cil de hallar en cualquier parte: agua natural (cfr. S.&nbsp;<em>Th. III,&nbsp;<\/em>q. 66, a. 3).<\/p>\n<\/blockquote>\n\n\n\n<p>La abluci\u00f3n del bautizado puede hacerse ya sea por&nbsp;<em>infusi\u00f3n&nbsp;<\/em>(derramando agua sobre la cabeza) o por&nbsp;<em>inmersi\u00f3n<\/em>&nbsp;(sumergiendo totalmente al bautizado en el agua):<\/p>\n\n\n\n<blockquote class=\"wp-block-quote is-layout-flow wp-block-quote-is-layout-flow\">\n<p>\u201cEl bautismo se ha de administrar por inmersi\u00f3n o por infusi\u00f3n, de acuerdo a las normas de la Conferencia Episcopal\u201d (CIC. c. 854).<\/p>\n<\/blockquote>\n\n\n\n<p>Para que el bautismo sea v\u00e1lido<\/p>\n\n\n\n<p>a) debe derramarse el agua al mismo tiempo que se pronuncian las palabras de la forma;<br>b) el agua debe resbalar o correr sobre la cabeza, tal que se verifique un lavado efectivo (en caso de necesidad p. ej., bautismo de un feto bastar\u00eda derramar el agua sobre cualquier parte del cuerpo).<\/p>\n\n\n\n<h4 class=\"wp-block-heading\">LA FORMA<\/h4>\n\n\n\n<p>La forma del bautismo son las palabras del que lo administra, las cuales acompa\u00f1an y determinan la abluci\u00f3n. Esas palabras son:<em>&nbsp;\u201cYo te bautizo en el nombre del Padre, y del Hijo, y del Esp\u00edritu Santo\u201d<\/em>.<\/p>\n\n\n\n<p>Esta f\u00f3rmula expresa las cinco cosas esenciales:<\/p>\n\n\n\n<ol class=\"wp-block-list\">\n<li>La persona que bautiza (ministro): Yo<\/li>\n\n\n\n<li>La persona bautizada (sujeto): te<\/li>\n\n\n\n<li>La acci\u00f3n de bautizar, el lavado: bautizo<\/li>\n\n\n\n<li>La unidad de la divina naturaleza: en el nombre (en singular; no \u2018en los nombres\u2019, lo que ser\u00eda err\u00f3neo)<\/li>\n\n\n\n<li>La distinci\u00f3n de las tres Personas divinas: Padre, Hijo y Esp\u00edritu Santo.<\/li>\n<\/ol>\n","protected":false},"excerpt":{"rendered":"<p>\u00bfQu\u00e9 tengo que hacer para bautizar a mi hijo? Para la celebraci\u00f3n del Bautismo hay tres pasos: La catequesis de preparaci\u00f3n para el Bautismo consisten &hellip;<\/p>\n","protected":false},"author":1,"featured_media":5386,"parent":0,"menu_order":0,"comment_status":"closed","ping_status":"closed","template":"","meta":{"footnotes":""},"class_list":["post-4444","page","type-page","status-publish","has-post-thumbnail","hentry"],"yoast_head":"<!-- This site is optimized with the Yoast SEO plugin v27.6 - https:\/\/yoast.com\/product\/yoast-seo-wordpress\/ -->\n<title>BAUTISMO -<\/title>\n<meta name=\"description\" content=\"Bautismo Parroquia San Antonio de las C\u00e1rcavas. \u00bfQu\u00e9 tengo que hacer para bautizar a mi hijo?Para la celebraci\u00f3n del Bautismo hay tres pasos:\" \/>\n<meta name=\"robots\" content=\"index, follow, max-snippet:-1, max-image-preview:large, max-video-preview:-1\" \/>\n<link rel=\"canonical\" href=\"https:\/\/parroquiacarcavas.archimadrid.es\/index.php\/bautismo\/\" \/>\n<meta property=\"og:locale\" content=\"es_ES\" \/>\n<meta property=\"og:type\" content=\"article\" \/>\n<meta property=\"og:title\" content=\"BAUTISMO -\" \/>\n<meta property=\"og:description\" content=\"Bautismo Parroquia San Antonio de las C\u00e1rcavas. \u00bfQu\u00e9 tengo que hacer para bautizar a mi hijo?Para la celebraci\u00f3n del Bautismo hay tres pasos:\" \/>\n<meta property=\"og:url\" content=\"https:\/\/parroquiacarcavas.archimadrid.es\/index.php\/bautismo\/\" \/>\n<meta property=\"og:site_name\" content=\"PARROQUIA SAN ANTONIO DE LAS C\u00c1RCAVAS\" \/>\n<meta property=\"article:modified_time\" content=\"2026-04-18T10:15:19+00:00\" \/>\n<meta property=\"og:image\" content=\"https:\/\/parroquiacarcavas.archimadrid.es\/wp-content\/uploads\/2025\/03\/IMG_20230617_1853142-scaled.jpg\" \/>\n\t<meta property=\"og:image:width\" content=\"2560\" \/>\n\t<meta property=\"og:image:height\" content=\"2023\" \/>\n\t<meta property=\"og:image:type\" content=\"image\/jpeg\" \/>\n<meta name=\"twitter:card\" content=\"summary_large_image\" \/>\n<meta name=\"twitter:label1\" content=\"Tiempo de lectura\" \/>\n\t<meta name=\"twitter:data1\" content=\"4 minutos\" \/>\n<script type=\"application\/ld+json\" class=\"yoast-schema-graph\">{\"@context\":\"https:\\\/\\\/schema.org\",\"@graph\":[{\"@type\":\"WebPage\",\"@id\":\"https:\\\/\\\/parroquiacarcavas.archimadrid.es\\\/index.php\\\/bautismo\\\/\",\"url\":\"https:\\\/\\\/parroquiacarcavas.archimadrid.es\\\/index.php\\\/bautismo\\\/\",\"name\":\"BAUTISMO -\",\"isPartOf\":{\"@id\":\"https:\\\/\\\/parroquiacarcavas.archimadrid.es\\\/#website\"},\"primaryImageOfPage\":{\"@id\":\"https:\\\/\\\/parroquiacarcavas.archimadrid.es\\\/index.php\\\/bautismo\\\/#primaryimage\"},\"image\":{\"@id\":\"https:\\\/\\\/parroquiacarcavas.archimadrid.es\\\/index.php\\\/bautismo\\\/#primaryimage\"},\"thumbnailUrl\":\"https:\\\/\\\/i0.wp.com\\\/parroquiacarcavas.archimadrid.es\\\/wp-content\\\/uploads\\\/2025\\\/03\\\/IMG_20230617_1853142-scaled.jpg?fit=2560%2C2023&ssl=1\",\"datePublished\":\"2022-02-28T10:18:59+00:00\",\"dateModified\":\"2026-04-18T10:15:19+00:00\",\"description\":\"Bautismo Parroquia San Antonio de las C\u00e1rcavas. \u00bfQu\u00e9 tengo que hacer para bautizar a mi hijo?Para la celebraci\u00f3n del Bautismo hay tres pasos:\",\"breadcrumb\":{\"@id\":\"https:\\\/\\\/parroquiacarcavas.archimadrid.es\\\/index.php\\\/bautismo\\\/#breadcrumb\"},\"inLanguage\":\"es\",\"potentialAction\":[{\"@type\":\"ReadAction\",\"target\":[\"https:\\\/\\\/parroquiacarcavas.archimadrid.es\\\/index.php\\\/bautismo\\\/\"]}]},{\"@type\":\"ImageObject\",\"inLanguage\":\"es\",\"@id\":\"https:\\\/\\\/parroquiacarcavas.archimadrid.es\\\/index.php\\\/bautismo\\\/#primaryimage\",\"url\":\"https:\\\/\\\/i0.wp.com\\\/parroquiacarcavas.archimadrid.es\\\/wp-content\\\/uploads\\\/2025\\\/03\\\/IMG_20230617_1853142-scaled.jpg?fit=2560%2C2023&ssl=1\",\"contentUrl\":\"https:\\\/\\\/i0.wp.com\\\/parroquiacarcavas.archimadrid.es\\\/wp-content\\\/uploads\\\/2025\\\/03\\\/IMG_20230617_1853142-scaled.jpg?fit=2560%2C2023&ssl=1\",\"width\":2560,\"height\":2023},{\"@type\":\"BreadcrumbList\",\"@id\":\"https:\\\/\\\/parroquiacarcavas.archimadrid.es\\\/index.php\\\/bautismo\\\/#breadcrumb\",\"itemListElement\":[{\"@type\":\"ListItem\",\"position\":1,\"name\":\"Portada\",\"item\":\"https:\\\/\\\/parroquiacarcavas.archimadrid.es\\\/\"},{\"@type\":\"ListItem\",\"position\":2,\"name\":\"BAUTISMO\"}]},{\"@type\":\"WebSite\",\"@id\":\"https:\\\/\\\/parroquiacarcavas.archimadrid.es\\\/#website\",\"url\":\"https:\\\/\\\/parroquiacarcavas.archimadrid.es\\\/\",\"name\":\"PARROQUIA SAN ANTONIO DE LAS C\u00c1RCAVAS\",\"description\":\"VUESTRA CASA\",\"publisher\":{\"@id\":\"https:\\\/\\\/parroquiacarcavas.archimadrid.es\\\/#organization\"},\"potentialAction\":[{\"@type\":\"SearchAction\",\"target\":{\"@type\":\"EntryPoint\",\"urlTemplate\":\"https:\\\/\\\/parroquiacarcavas.archimadrid.es\\\/?s={search_term_string}\"},\"query-input\":{\"@type\":\"PropertyValueSpecification\",\"valueRequired\":true,\"valueName\":\"search_term_string\"}}],\"inLanguage\":\"es\"},{\"@type\":\"Organization\",\"@id\":\"https:\\\/\\\/parroquiacarcavas.archimadrid.es\\\/#organization\",\"name\":\"PARROQUIA SAN ANTONIO DE LAS C\u00c1RCAVAS\",\"url\":\"https:\\\/\\\/parroquiacarcavas.archimadrid.es\\\/\",\"logo\":{\"@type\":\"ImageObject\",\"inLanguage\":\"es\",\"@id\":\"https:\\\/\\\/parroquiacarcavas.archimadrid.es\\\/#\\\/schema\\\/logo\\\/image\\\/\",\"url\":\"https:\\\/\\\/parroquiacarcavas.archimadrid.es\\\/wp-content\\\/uploads\\\/2022\\\/02\\\/LOGO-SAN-ANTONIO.png\",\"contentUrl\":\"https:\\\/\\\/parroquiacarcavas.archimadrid.es\\\/wp-content\\\/uploads\\\/2022\\\/02\\\/LOGO-SAN-ANTONIO.png\",\"width\":1863,\"height\":1171,\"caption\":\"PARROQUIA SAN ANTONIO DE LAS C\u00c1RCAVAS\"},\"image\":{\"@id\":\"https:\\\/\\\/parroquiacarcavas.archimadrid.es\\\/#\\\/schema\\\/logo\\\/image\\\/\"}}]}<\/script>\n<!-- \/ Yoast SEO plugin. -->","yoast_head_json":{"title":"BAUTISMO -","description":"Bautismo Parroquia San Antonio de las C\u00e1rcavas. \u00bfQu\u00e9 tengo que hacer para bautizar a mi hijo?Para la celebraci\u00f3n del Bautismo hay tres pasos:","robots":{"index":"index","follow":"follow","max-snippet":"max-snippet:-1","max-image-preview":"max-image-preview:large","max-video-preview":"max-video-preview:-1"},"canonical":"https:\/\/parroquiacarcavas.archimadrid.es\/index.php\/bautismo\/","og_locale":"es_ES","og_type":"article","og_title":"BAUTISMO -","og_description":"Bautismo Parroquia San Antonio de las C\u00e1rcavas. \u00bfQu\u00e9 tengo que hacer para bautizar a mi hijo?Para la celebraci\u00f3n del Bautismo hay tres pasos:","og_url":"https:\/\/parroquiacarcavas.archimadrid.es\/index.php\/bautismo\/","og_site_name":"PARROQUIA SAN ANTONIO DE LAS C\u00c1RCAVAS","article_modified_time":"2026-04-18T10:15:19+00:00","og_image":[{"width":2560,"height":2023,"url":"https:\/\/parroquiacarcavas.archimadrid.es\/wp-content\/uploads\/2025\/03\/IMG_20230617_1853142-scaled.jpg","type":"image\/jpeg"}],"twitter_card":"summary_large_image","twitter_misc":{"Tiempo de lectura":"4 minutos"},"schema":{"@context":"https:\/\/schema.org","@graph":[{"@type":"WebPage","@id":"https:\/\/parroquiacarcavas.archimadrid.es\/index.php\/bautismo\/","url":"https:\/\/parroquiacarcavas.archimadrid.es\/index.php\/bautismo\/","name":"BAUTISMO -","isPartOf":{"@id":"https:\/\/parroquiacarcavas.archimadrid.es\/#website"},"primaryImageOfPage":{"@id":"https:\/\/parroquiacarcavas.archimadrid.es\/index.php\/bautismo\/#primaryimage"},"image":{"@id":"https:\/\/parroquiacarcavas.archimadrid.es\/index.php\/bautismo\/#primaryimage"},"thumbnailUrl":"https:\/\/i0.wp.com\/parroquiacarcavas.archimadrid.es\/wp-content\/uploads\/2025\/03\/IMG_20230617_1853142-scaled.jpg?fit=2560%2C2023&ssl=1","datePublished":"2022-02-28T10:18:59+00:00","dateModified":"2026-04-18T10:15:19+00:00","description":"Bautismo Parroquia San Antonio de las C\u00e1rcavas. \u00bfQu\u00e9 tengo que hacer para bautizar a mi hijo?Para la celebraci\u00f3n del Bautismo hay tres pasos:","breadcrumb":{"@id":"https:\/\/parroquiacarcavas.archimadrid.es\/index.php\/bautismo\/#breadcrumb"},"inLanguage":"es","potentialAction":[{"@type":"ReadAction","target":["https:\/\/parroquiacarcavas.archimadrid.es\/index.php\/bautismo\/"]}]},{"@type":"ImageObject","inLanguage":"es","@id":"https:\/\/parroquiacarcavas.archimadrid.es\/index.php\/bautismo\/#primaryimage","url":"https:\/\/i0.wp.com\/parroquiacarcavas.archimadrid.es\/wp-content\/uploads\/2025\/03\/IMG_20230617_1853142-scaled.jpg?fit=2560%2C2023&ssl=1","contentUrl":"https:\/\/i0.wp.com\/parroquiacarcavas.archimadrid.es\/wp-content\/uploads\/2025\/03\/IMG_20230617_1853142-scaled.jpg?fit=2560%2C2023&ssl=1","width":2560,"height":2023},{"@type":"BreadcrumbList","@id":"https:\/\/parroquiacarcavas.archimadrid.es\/index.php\/bautismo\/#breadcrumb","itemListElement":[{"@type":"ListItem","position":1,"name":"Portada","item":"https:\/\/parroquiacarcavas.archimadrid.es\/"},{"@type":"ListItem","position":2,"name":"BAUTISMO"}]},{"@type":"WebSite","@id":"https:\/\/parroquiacarcavas.archimadrid.es\/#website","url":"https:\/\/parroquiacarcavas.archimadrid.es\/","name":"PARROQUIA SAN ANTONIO DE LAS C\u00c1RCAVAS","description":"VUESTRA CASA","publisher":{"@id":"https:\/\/parroquiacarcavas.archimadrid.es\/#organization"},"potentialAction":[{"@type":"SearchAction","target":{"@type":"EntryPoint","urlTemplate":"https:\/\/parroquiacarcavas.archimadrid.es\/?s={search_term_string}"},"query-input":{"@type":"PropertyValueSpecification","valueRequired":true,"valueName":"search_term_string"}}],"inLanguage":"es"},{"@type":"Organization","@id":"https:\/\/parroquiacarcavas.archimadrid.es\/#organization","name":"PARROQUIA SAN ANTONIO DE LAS C\u00c1RCAVAS","url":"https:\/\/parroquiacarcavas.archimadrid.es\/","logo":{"@type":"ImageObject","inLanguage":"es","@id":"https:\/\/parroquiacarcavas.archimadrid.es\/#\/schema\/logo\/image\/","url":"https:\/\/parroquiacarcavas.archimadrid.es\/wp-content\/uploads\/2022\/02\/LOGO-SAN-ANTONIO.png","contentUrl":"https:\/\/parroquiacarcavas.archimadrid.es\/wp-content\/uploads\/2022\/02\/LOGO-SAN-ANTONIO.png","width":1863,"height":1171,"caption":"PARROQUIA SAN ANTONIO DE LAS C\u00c1RCAVAS"},"image":{"@id":"https:\/\/parroquiacarcavas.archimadrid.es\/#\/schema\/logo\/image\/"}}]}},"_links":{"self":[{"href":"https:\/\/parroquiacarcavas.archimadrid.es\/index.php\/wp-json\/wp\/v2\/pages\/4444","targetHints":{"allow":["GET"]}}],"collection":[{"href":"https:\/\/parroquiacarcavas.archimadrid.es\/index.php\/wp-json\/wp\/v2\/pages"}],"about":[{"href":"https:\/\/parroquiacarcavas.archimadrid.es\/index.php\/wp-json\/wp\/v2\/types\/page"}],"author":[{"embeddable":true,"href":"https:\/\/parroquiacarcavas.archimadrid.es\/index.php\/wp-json\/wp\/v2\/users\/1"}],"replies":[{"embeddable":true,"href":"https:\/\/parroquiacarcavas.archimadrid.es\/index.php\/wp-json\/wp\/v2\/comments?post=4444"}],"version-history":[{"count":22,"href":"https:\/\/parroquiacarcavas.archimadrid.es\/index.php\/wp-json\/wp\/v2\/pages\/4444\/revisions"}],"predecessor-version":[{"id":5693,"href":"https:\/\/parroquiacarcavas.archimadrid.es\/index.php\/wp-json\/wp\/v2\/pages\/4444\/revisions\/5693"}],"wp:featuredmedia":[{"embeddable":true,"href":"https:\/\/parroquiacarcavas.archimadrid.es\/index.php\/wp-json\/wp\/v2\/media\/5386"}],"wp:attachment":[{"href":"https:\/\/parroquiacarcavas.archimadrid.es\/index.php\/wp-json\/wp\/v2\/media?parent=4444"}],"curies":[{"name":"wp","href":"https:\/\/api.w.org\/{rel}","templated":true}]}}