{"id":4448,"date":"2022-02-28T12:41:51","date_gmt":"2022-02-28T12:41:51","guid":{"rendered":"https:\/\/parroquiacarcavas.archimadrid.es\/?page_id=4448"},"modified":"2022-04-26T15:51:09","modified_gmt":"2022-04-26T15:51:09","slug":"uncion-de-enfermos","status":"publish","type":"page","link":"https:\/\/parroquiacarcavas.archimadrid.es\/index.php\/uncion-de-enfermos\/","title":{"rendered":"UNCI\u00d3N DE ENFERMOS"},"content":{"rendered":"\n<p>La Parroquia  desea conocer las necesidades de todos aquellos vecinos que se encuentren enfermos, a objeto de prestarles ayuda espiritual\u00a0y sacramental.Si teneis a alg\u00fan familiar, amigo o conocido enfermo y necesita el sacramento de la Unci\u00f3n y\/o la Comuni\u00f3n no dudeis en ped\u00edrnoslo. Cada vez que se pide se realizan visitas a los enfermos ubicados en el\u00a0<a href=\"https:\/\/www.comunidad.madrid\/centros\/hospital-emergencias-enfermera-isabel-zendal\">Hospital de Emergencias Isabel Zendal<\/a>, en Valdebebas, que lo solicitan.Si conoc\u00e9is o ten\u00e9is alg\u00fan familiar, que haya de necesitar nuestra presencia, no dud\u00e9is en acercaros a la Parroquia.<\/p>\n\n\n\n<h3 class=\"wp-block-heading\"><strong>\u00bfQu\u00e9 es la Unci\u00f3n de los enfermos?<\/strong><\/h3>\n\n\n\n<p>La Unci\u00f3n de enfermos es un sacramento por el cual el sacerdote y la Comunidad Cristiana oran por el enfermo, ungi\u00e9ndole<br>con el aceite sagrado.Es un sacramento para ayudar a los enfermos a vivir cristianamente su enfermedad, ancianidad o minusval\u00eda. Es una oraci\u00f3n que anima a creer que la vida vale la pena ser vivida. Es una acci\u00f3n de Cristo y de la Iglesia por el ministerio del sacerdote. Cristo se acerca al enfermo que expresa su fe en \u00c9l. Uni\u00e9ndose a Cristo en su dolor, el enfermo participa en su gloriosa\u00a0<strong>RESURRECCI\u00d3N.<\/strong><\/p>\n\n\n\n<figure class=\"wp-block-embed is-type-video is-provider-youtube wp-block-embed-youtube wp-embed-aspect-16-9 wp-has-aspect-ratio\"><div class=\"wp-block-embed__wrapper\">\n<iframe loading=\"lazy\" title=\"3MC - 3 Minute Catechism - Episodio 45 \u00bfQu\u00e9 es la unci\u00f3n de los enfermos?\" width=\"769\" height=\"433\" src=\"https:\/\/www.youtube.com\/embed\/39xdmNzJlG4?feature=oembed\" frameborder=\"0\" allow=\"accelerometer; autoplay; clipboard-write; encrypted-media; gyroscope; picture-in-picture; web-share\" allowfullscreen><\/iframe>\n<\/div><\/figure>\n\n\n\n<p>NO ES:<\/p>\n\n\n\n<ul class=\"wp-block-list\"><li>Un sacramento para el \u00faltimo momento (moribundos). Menos a\u00fan, para cuando ha fallecido la persona. (Para ese momento la Iglesia tiene otras acciones propias).<\/li><li>Un rito m\u00e1gico para recobrar la salud.<\/li><li>Un anuncio de la muerte cuando la medicina no tiene nada que hacer<img data-recalc-dims=\"1\" decoding=\"async\" src=\"https:\/\/i0.wp.com\/i.avoz.es\/default\/2018\/01\/22\/00121516646402954176874\/Foto\/SEE24P1F4_193917.jpg?w=769&#038;ssl=1\" alt=\"Resultado de imagen de oleo enfermos\"><\/li><\/ul>\n\n\n\n<h3 class=\"wp-block-heading\"><strong><a href=\"https:\/\/parroquiasdesancristobal.archimadrid.es\/contacto\/\">\u00bfAlg\u00fan amigo o familiar necesita este Sacramento?<\/a><\/strong><\/h3>\n\n\n\n<p>\u201cCon la sagrada unci\u00f3n de los enfermos y con la oraci\u00f3n de los presb\u00edteros, toda la Iglesia entera encomienda a os enfermos al Se\u00f1or sufriente y glorificado para que los alivie y los salve. Incluso los anima a unirse libremente a la pasi\u00f3n y muerte de Cristo; y contribuir, as\u00ed, al bien del Pueblo de Dios\u201d (LG 11).&nbsp;<strong>Catecismo de la Iglesia Cat\u00f3lica 1499.<\/strong><\/p>\n\n\n\n<p>La gracia especial del sacramento de la Unci\u00f3n de los enfermos tiene como efectos:<\/p>\n\n\n\n<p>\u2014 la uni\u00f3n del enfermo a la Pasi\u00f3n de Cristo, para su bien y el de toda la Iglesia;<\/p>\n\n\n\n<p>\u2014 el consuelo, la paz y el \u00e1nimo para soportar cristianamente los sufrimientos de la enfermedad o de la vejez;<\/p>\n\n\n\n<p>\u2014 el perd\u00f3n de los pecados si el enfermo no ha podido obtenerlo por el sacramento de la penitencia;<\/p>\n\n\n\n<p>\u2014 el restablecimiento de la salud corporal, si conviene a la salud espiritual;<\/p>\n\n\n\n<p>\u2014 la preparaci\u00f3n para el paso a la vida eterna. (Catecismo de la Iglesia Cat\u00f3lica, n. 1532)<\/p>\n\n\n\n<h3 class=\"wp-block-heading\">\u00bfQui\u00e9n puede recibir este sacramento?<\/h3>\n\n\n\n<p>La Unci\u00f3n de los enfermos \u201cno es un sacramento s\u00f3lo para aquellos que est\u00e1n a punto de morir. Por eso, se considera tiempo oportuno para recibirlo cuando el fiel empieza a estar en peligro de muerte por enfermedad o vejez\u201d (SC 73; cf CIC, can. 1004, \u00a71; 1005; 1007; CCEO, can. 738).&nbsp;Si un enfermo que recibi\u00f3 la unci\u00f3n recupera la salud, puede, en caso de nueva enfermedad grave, recibir de nuevo este sacramento. En el curso de la misma enfermedad, el sacramento puede ser reiterado si la enfermedad se agrava. Es apropiado recibir la Unci\u00f3n de los enfermos antes de una operaci\u00f3n importante. Y esto mismo puede aplicarse a las personas de edad edad avanzada cuyas fuerzas se debilitan. (Catecismo de la Iglesia Cat\u00f3lica 1514-1515)<img data-recalc-dims=\"1\" decoding=\"async\" src=\"https:\/\/i0.wp.com\/i.pinimg.com\/originals\/51\/a5\/66\/51a5663a89a283f703844d3f5e14e0b1.jpg?w=769&#038;ssl=1\"><\/p>\n\n\n\n<h3 class=\"wp-block-heading\">F\u00f3rmula del Sacramento<\/h3>\n\n\n\n<div class=\"wp-block-image\"><figure class=\"alignleft\"><img data-recalc-dims=\"1\" decoding=\"async\" src=\"https:\/\/i0.wp.com\/psteresinha.com.br\/wp-content\/uploads\/2016\/04\/PST_UncaoEnfermos2.jpg?w=769\" alt=\"Imagen relacionada\"\/><\/figure><\/div>\n\n\n\n<p>Por esta santa Unci\u00f3n y por su<br>bondadosa misericordia te<br>ayude el Se\u00f1or con la gracia<br>del Esp\u00edritu Santo. AM\u00c9N.<br>Para que, libre de tus pecados,<br>te conceda la salvaci\u00f3n y te<br>conforte en tu enfermedad.<br>AM\u00c9N.<\/p>\n","protected":false},"excerpt":{"rendered":"<p>La Parroquia desea conocer las necesidades de todos aquellos vecinos que se encuentren enfermos, a objeto de prestarles ayuda espiritual\u00a0y sacramental.Si teneis a alg\u00fan familiar, &hellip;<\/p>\n","protected":false},"author":1,"featured_media":0,"parent":0,"menu_order":0,"comment_status":"closed","ping_status":"closed","template":"","meta":{"footnotes":""},"class_list":["post-4448","page","type-page","status-publish","hentry"],"yoast_head":"<!-- This site is optimized with the Yoast SEO plugin v27.5 - https:\/\/yoast.com\/product\/yoast-seo-wordpress\/ -->\n<title>UNCI\u00d3N DE ENFERMOS -<\/title>\n<meta name=\"description\" content=\"La Parroquia desea conocer las necesidades de todos aquellos vecinos que se encuentren enfermos, a objeto de prestarles ayuda.\" \/>\n<meta name=\"robots\" content=\"index, follow, max-snippet:-1, max-image-preview:large, max-video-preview:-1\" \/>\n<link rel=\"canonical\" href=\"https:\/\/parroquiacarcavas.archimadrid.es\/index.php\/uncion-de-enfermos\/\" \/>\n<meta property=\"og:locale\" content=\"es_ES\" \/>\n<meta property=\"og:type\" content=\"article\" \/>\n<meta property=\"og:title\" content=\"UNCI\u00d3N DE ENFERMOS -\" \/>\n<meta property=\"og:description\" content=\"La Parroquia desea conocer las necesidades de todos aquellos vecinos que se encuentren enfermos, a objeto de prestarles ayuda.\" \/>\n<meta property=\"og:url\" content=\"https:\/\/parroquiacarcavas.archimadrid.es\/index.php\/uncion-de-enfermos\/\" \/>\n<meta property=\"og:site_name\" content=\"PARROQUIA SAN ANTONIO DE LAS C\u00c1RCAVAS\" \/>\n<meta property=\"article:modified_time\" content=\"2022-04-26T15:51:09+00:00\" \/>\n<meta property=\"og:image\" content=\"https:\/\/i.avoz.es\/default\/2018\/01\/22\/00121516646402954176874\/Foto\/SEE24P1F4_193917.jpg\" \/>\n<meta name=\"twitter:card\" content=\"summary_large_image\" \/>\n<meta name=\"twitter:label1\" content=\"Tiempo de lectura\" \/>\n\t<meta name=\"twitter:data1\" content=\"4 minutos\" \/>\n<script type=\"application\/ld+json\" class=\"yoast-schema-graph\">{\"@context\":\"https:\\\/\\\/schema.org\",\"@graph\":[{\"@type\":\"WebPage\",\"@id\":\"https:\\\/\\\/parroquiacarcavas.archimadrid.es\\\/index.php\\\/uncion-de-enfermos\\\/\",\"url\":\"https:\\\/\\\/parroquiacarcavas.archimadrid.es\\\/index.php\\\/uncion-de-enfermos\\\/\",\"name\":\"UNCI\u00d3N DE ENFERMOS -\",\"isPartOf\":{\"@id\":\"https:\\\/\\\/parroquiacarcavas.archimadrid.es\\\/#website\"},\"primaryImageOfPage\":{\"@id\":\"https:\\\/\\\/parroquiacarcavas.archimadrid.es\\\/index.php\\\/uncion-de-enfermos\\\/#primaryimage\"},\"image\":{\"@id\":\"https:\\\/\\\/parroquiacarcavas.archimadrid.es\\\/index.php\\\/uncion-de-enfermos\\\/#primaryimage\"},\"thumbnailUrl\":\"https:\\\/\\\/i.avoz.es\\\/default\\\/2018\\\/01\\\/22\\\/00121516646402954176874\\\/Foto\\\/SEE24P1F4_193917.jpg\",\"datePublished\":\"2022-02-28T12:41:51+00:00\",\"dateModified\":\"2022-04-26T15:51:09+00:00\",\"description\":\"La Parroquia desea conocer las necesidades de todos aquellos vecinos que se encuentren enfermos, a objeto de prestarles ayuda.\",\"breadcrumb\":{\"@id\":\"https:\\\/\\\/parroquiacarcavas.archimadrid.es\\\/index.php\\\/uncion-de-enfermos\\\/#breadcrumb\"},\"inLanguage\":\"es\",\"potentialAction\":[{\"@type\":\"ReadAction\",\"target\":[\"https:\\\/\\\/parroquiacarcavas.archimadrid.es\\\/index.php\\\/uncion-de-enfermos\\\/\"]}]},{\"@type\":\"ImageObject\",\"inLanguage\":\"es\",\"@id\":\"https:\\\/\\\/parroquiacarcavas.archimadrid.es\\\/index.php\\\/uncion-de-enfermos\\\/#primaryimage\",\"url\":\"https:\\\/\\\/i.avoz.es\\\/default\\\/2018\\\/01\\\/22\\\/00121516646402954176874\\\/Foto\\\/SEE24P1F4_193917.jpg\",\"contentUrl\":\"https:\\\/\\\/i.avoz.es\\\/default\\\/2018\\\/01\\\/22\\\/00121516646402954176874\\\/Foto\\\/SEE24P1F4_193917.jpg\"},{\"@type\":\"BreadcrumbList\",\"@id\":\"https:\\\/\\\/parroquiacarcavas.archimadrid.es\\\/index.php\\\/uncion-de-enfermos\\\/#breadcrumb\",\"itemListElement\":[{\"@type\":\"ListItem\",\"position\":1,\"name\":\"Portada\",\"item\":\"https:\\\/\\\/parroquiacarcavas.archimadrid.es\\\/\"},{\"@type\":\"ListItem\",\"position\":2,\"name\":\"UNCI\u00d3N DE ENFERMOS\"}]},{\"@type\":\"WebSite\",\"@id\":\"https:\\\/\\\/parroquiacarcavas.archimadrid.es\\\/#website\",\"url\":\"https:\\\/\\\/parroquiacarcavas.archimadrid.es\\\/\",\"name\":\"PARROQUIA SAN ANTONIO DE LAS C\u00c1RCAVAS\",\"description\":\"VUESTRA CASA\",\"publisher\":{\"@id\":\"https:\\\/\\\/parroquiacarcavas.archimadrid.es\\\/#organization\"},\"potentialAction\":[{\"@type\":\"SearchAction\",\"target\":{\"@type\":\"EntryPoint\",\"urlTemplate\":\"https:\\\/\\\/parroquiacarcavas.archimadrid.es\\\/?s={search_term_string}\"},\"query-input\":{\"@type\":\"PropertyValueSpecification\",\"valueRequired\":true,\"valueName\":\"search_term_string\"}}],\"inLanguage\":\"es\"},{\"@type\":\"Organization\",\"@id\":\"https:\\\/\\\/parroquiacarcavas.archimadrid.es\\\/#organization\",\"name\":\"PARROQUIA SAN ANTONIO DE LAS C\u00c1RCAVAS\",\"url\":\"https:\\\/\\\/parroquiacarcavas.archimadrid.es\\\/\",\"logo\":{\"@type\":\"ImageObject\",\"inLanguage\":\"es\",\"@id\":\"https:\\\/\\\/parroquiacarcavas.archimadrid.es\\\/#\\\/schema\\\/logo\\\/image\\\/\",\"url\":\"https:\\\/\\\/parroquiacarcavas.archimadrid.es\\\/wp-content\\\/uploads\\\/2022\\\/02\\\/LOGO-SAN-ANTONIO.png\",\"contentUrl\":\"https:\\\/\\\/parroquiacarcavas.archimadrid.es\\\/wp-content\\\/uploads\\\/2022\\\/02\\\/LOGO-SAN-ANTONIO.png\",\"width\":1863,\"height\":1171,\"caption\":\"PARROQUIA SAN ANTONIO DE LAS C\u00c1RCAVAS\"},\"image\":{\"@id\":\"https:\\\/\\\/parroquiacarcavas.archimadrid.es\\\/#\\\/schema\\\/logo\\\/image\\\/\"}}]}<\/script>\n<!-- \/ Yoast SEO plugin. -->","yoast_head_json":{"title":"UNCI\u00d3N DE ENFERMOS -","description":"La Parroquia desea conocer las necesidades de todos aquellos vecinos que se encuentren enfermos, a objeto de prestarles ayuda.","robots":{"index":"index","follow":"follow","max-snippet":"max-snippet:-1","max-image-preview":"max-image-preview:large","max-video-preview":"max-video-preview:-1"},"canonical":"https:\/\/parroquiacarcavas.archimadrid.es\/index.php\/uncion-de-enfermos\/","og_locale":"es_ES","og_type":"article","og_title":"UNCI\u00d3N DE ENFERMOS -","og_description":"La Parroquia desea conocer las necesidades de todos aquellos vecinos que se encuentren enfermos, a objeto de prestarles ayuda.","og_url":"https:\/\/parroquiacarcavas.archimadrid.es\/index.php\/uncion-de-enfermos\/","og_site_name":"PARROQUIA SAN ANTONIO DE LAS C\u00c1RCAVAS","article_modified_time":"2022-04-26T15:51:09+00:00","og_image":[{"url":"https:\/\/i.avoz.es\/default\/2018\/01\/22\/00121516646402954176874\/Foto\/SEE24P1F4_193917.jpg","type":"","width":"","height":""}],"twitter_card":"summary_large_image","twitter_misc":{"Tiempo de lectura":"4 minutos"},"schema":{"@context":"https:\/\/schema.org","@graph":[{"@type":"WebPage","@id":"https:\/\/parroquiacarcavas.archimadrid.es\/index.php\/uncion-de-enfermos\/","url":"https:\/\/parroquiacarcavas.archimadrid.es\/index.php\/uncion-de-enfermos\/","name":"UNCI\u00d3N DE ENFERMOS -","isPartOf":{"@id":"https:\/\/parroquiacarcavas.archimadrid.es\/#website"},"primaryImageOfPage":{"@id":"https:\/\/parroquiacarcavas.archimadrid.es\/index.php\/uncion-de-enfermos\/#primaryimage"},"image":{"@id":"https:\/\/parroquiacarcavas.archimadrid.es\/index.php\/uncion-de-enfermos\/#primaryimage"},"thumbnailUrl":"https:\/\/i.avoz.es\/default\/2018\/01\/22\/00121516646402954176874\/Foto\/SEE24P1F4_193917.jpg","datePublished":"2022-02-28T12:41:51+00:00","dateModified":"2022-04-26T15:51:09+00:00","description":"La Parroquia desea conocer las necesidades de todos aquellos vecinos que se encuentren enfermos, a objeto de prestarles ayuda.","breadcrumb":{"@id":"https:\/\/parroquiacarcavas.archimadrid.es\/index.php\/uncion-de-enfermos\/#breadcrumb"},"inLanguage":"es","potentialAction":[{"@type":"ReadAction","target":["https:\/\/parroquiacarcavas.archimadrid.es\/index.php\/uncion-de-enfermos\/"]}]},{"@type":"ImageObject","inLanguage":"es","@id":"https:\/\/parroquiacarcavas.archimadrid.es\/index.php\/uncion-de-enfermos\/#primaryimage","url":"https:\/\/i.avoz.es\/default\/2018\/01\/22\/00121516646402954176874\/Foto\/SEE24P1F4_193917.jpg","contentUrl":"https:\/\/i.avoz.es\/default\/2018\/01\/22\/00121516646402954176874\/Foto\/SEE24P1F4_193917.jpg"},{"@type":"BreadcrumbList","@id":"https:\/\/parroquiacarcavas.archimadrid.es\/index.php\/uncion-de-enfermos\/#breadcrumb","itemListElement":[{"@type":"ListItem","position":1,"name":"Portada","item":"https:\/\/parroquiacarcavas.archimadrid.es\/"},{"@type":"ListItem","position":2,"name":"UNCI\u00d3N DE ENFERMOS"}]},{"@type":"WebSite","@id":"https:\/\/parroquiacarcavas.archimadrid.es\/#website","url":"https:\/\/parroquiacarcavas.archimadrid.es\/","name":"PARROQUIA SAN ANTONIO DE LAS C\u00c1RCAVAS","description":"VUESTRA CASA","publisher":{"@id":"https:\/\/parroquiacarcavas.archimadrid.es\/#organization"},"potentialAction":[{"@type":"SearchAction","target":{"@type":"EntryPoint","urlTemplate":"https:\/\/parroquiacarcavas.archimadrid.es\/?s={search_term_string}"},"query-input":{"@type":"PropertyValueSpecification","valueRequired":true,"valueName":"search_term_string"}}],"inLanguage":"es"},{"@type":"Organization","@id":"https:\/\/parroquiacarcavas.archimadrid.es\/#organization","name":"PARROQUIA SAN ANTONIO DE LAS C\u00c1RCAVAS","url":"https:\/\/parroquiacarcavas.archimadrid.es\/","logo":{"@type":"ImageObject","inLanguage":"es","@id":"https:\/\/parroquiacarcavas.archimadrid.es\/#\/schema\/logo\/image\/","url":"https:\/\/parroquiacarcavas.archimadrid.es\/wp-content\/uploads\/2022\/02\/LOGO-SAN-ANTONIO.png","contentUrl":"https:\/\/parroquiacarcavas.archimadrid.es\/wp-content\/uploads\/2022\/02\/LOGO-SAN-ANTONIO.png","width":1863,"height":1171,"caption":"PARROQUIA SAN ANTONIO DE LAS C\u00c1RCAVAS"},"image":{"@id":"https:\/\/parroquiacarcavas.archimadrid.es\/#\/schema\/logo\/image\/"}}]}},"_links":{"self":[{"href":"https:\/\/parroquiacarcavas.archimadrid.es\/index.php\/wp-json\/wp\/v2\/pages\/4448","targetHints":{"allow":["GET"]}}],"collection":[{"href":"https:\/\/parroquiacarcavas.archimadrid.es\/index.php\/wp-json\/wp\/v2\/pages"}],"about":[{"href":"https:\/\/parroquiacarcavas.archimadrid.es\/index.php\/wp-json\/wp\/v2\/types\/page"}],"author":[{"embeddable":true,"href":"https:\/\/parroquiacarcavas.archimadrid.es\/index.php\/wp-json\/wp\/v2\/users\/1"}],"replies":[{"embeddable":true,"href":"https:\/\/parroquiacarcavas.archimadrid.es\/index.php\/wp-json\/wp\/v2\/comments?post=4448"}],"version-history":[{"count":2,"href":"https:\/\/parroquiacarcavas.archimadrid.es\/index.php\/wp-json\/wp\/v2\/pages\/4448\/revisions"}],"predecessor-version":[{"id":4642,"href":"https:\/\/parroquiacarcavas.archimadrid.es\/index.php\/wp-json\/wp\/v2\/pages\/4448\/revisions\/4642"}],"wp:attachment":[{"href":"https:\/\/parroquiacarcavas.archimadrid.es\/index.php\/wp-json\/wp\/v2\/media?parent=4448"}],"curies":[{"name":"wp","href":"https:\/\/api.w.org\/{rel}","templated":true}]}}