{"id":4519,"date":"2022-03-03T18:20:15","date_gmt":"2022-03-03T18:20:15","guid":{"rendered":"https:\/\/parroquiacarcavas.archimadrid.es\/?page_id=4519"},"modified":"2026-03-27T08:49:45","modified_gmt":"2026-03-27T08:49:45","slug":"emaus","status":"publish","type":"page","link":"https:\/\/parroquiacarcavas.archimadrid.es\/index.php\/emaus\/","title":{"rendered":"EMA\u00daS"},"content":{"rendered":"\n<figure class=\"wp-block-image size-full\"><img data-recalc-dims=\"1\" loading=\"lazy\" decoding=\"async\" width=\"769\" height=\"553\" src=\"https:\/\/i0.wp.com\/parroquiacarcavas.archimadrid.es\/wp-content\/uploads\/2022\/07\/image.png?resize=769%2C553&#038;ssl=1\" alt=\"\" class=\"wp-image-4724\" srcset=\"https:\/\/i0.wp.com\/parroquiacarcavas.archimadrid.es\/wp-content\/uploads\/2022\/07\/image.png?w=1024&amp;ssl=1 1024w, https:\/\/i0.wp.com\/parroquiacarcavas.archimadrid.es\/wp-content\/uploads\/2022\/07\/image.png?resize=300%2C216&amp;ssl=1 300w, https:\/\/i0.wp.com\/parroquiacarcavas.archimadrid.es\/wp-content\/uploads\/2022\/07\/image.png?resize=768%2C552&amp;ssl=1 768w, https:\/\/i0.wp.com\/parroquiacarcavas.archimadrid.es\/wp-content\/uploads\/2022\/07\/image.png?resize=224%2C161&amp;ssl=1 224w, https:\/\/i0.wp.com\/parroquiacarcavas.archimadrid.es\/wp-content\/uploads\/2022\/07\/image.png?resize=416%2C300&amp;ssl=1 416w\" sizes=\"auto, (max-width: 769px) 100vw, 769px\" \/><\/figure>\n\n\n\n<p><strong>\u00bfQu\u00e9 es Ema\u00fas?<\/strong><\/p>\n\n\n\n<p>Es s\u00f3lo un retiro de un fin de semana que organiza tu parroquia.<\/p>\n\n\n\n<p>Por 48h dejas fuera todas tus preocupaciones del mundo y centras tu mirada en Dios. \u00c9l te preguntar\u00e1: \u00bfQu\u00e9 puedo hacer por ti?<\/p>\n\n\n\n<p>Este retiro s\u00f3lo lo podr\u00e1s hacer una vez en la vida.<\/p>\n\n\n\n<p><strong>\u00bfQui\u00e9n puede ir a un retiro de Ema\u00fas?<\/strong><\/p>\n\n\n\n<p>Da igual tu edad, si crees en Dios o no, si te has enfadado con \u00c9l, o si le sigues, la \u00fanica condici\u00f3n es que quieras aparcar tus prejuicios, abrir tu coraz\u00f3n y querer encontrarte con \u00c9l.<\/p>\n\n\n\n<p><strong>\u00bfCu\u00e1ndo es el pr\u00f3ximo retiro en nuestra parroquia?<\/strong> (Las plazas vuelan, reserva la tuya)<\/p>\n\n\n\n<p><strong>Retiro para MUJERES<\/strong> (entre 29 y 99 a\u00f1os) del <strong>17 al 19 de abril de 2026<\/strong>. para inscribirte o para recibir informaci\u00f3n por ahora puedes mandarnos un email a emausmujeressac@gmail.com o hacer click en este link: <a href=\"https:\/\/forms.gle\/r5G7DXHtEnUcGBd59\" target=\"_blank\" rel=\"noreferrer noopener\">https:\/\/forms.gle\/r5G7DXHtEnUcGBd59<\/a><\/p>\n\n\n\n<figure class=\"wp-block-image size-full\"><img data-recalc-dims=\"1\" loading=\"lazy\" decoding=\"async\" width=\"769\" height=\"577\" src=\"https:\/\/i0.wp.com\/parroquiacarcavas.archimadrid.es\/wp-content\/uploads\/2026\/03\/IMG-20260327-WA0002.jpg?resize=769%2C577&#038;ssl=1\" alt=\"\" class=\"wp-image-5669\" srcset=\"https:\/\/i0.wp.com\/parroquiacarcavas.archimadrid.es\/wp-content\/uploads\/2026\/03\/IMG-20260327-WA0002.jpg?w=800&amp;ssl=1 800w, https:\/\/i0.wp.com\/parroquiacarcavas.archimadrid.es\/wp-content\/uploads\/2026\/03\/IMG-20260327-WA0002.jpg?resize=300%2C225&amp;ssl=1 300w, https:\/\/i0.wp.com\/parroquiacarcavas.archimadrid.es\/wp-content\/uploads\/2026\/03\/IMG-20260327-WA0002.jpg?resize=768%2C576&amp;ssl=1 768w, https:\/\/i0.wp.com\/parroquiacarcavas.archimadrid.es\/wp-content\/uploads\/2026\/03\/IMG-20260327-WA0002.jpg?resize=362%2C272&amp;ssl=1 362w\" sizes=\"auto, (max-width: 769px) 100vw, 769px\" \/><\/figure>\n\n\n\n<p><strong>Retiro para HOMBRES<\/strong> (entre 28 y 99 a\u00f1os) del <strong><em>8 al 10 de mayo de 2026<\/em><\/strong>. Para apuntarse al pr\u00f3ximo Retiro haz click en este link: <a href=\"https:\/\/docs.google.com\/forms\/d\/e\/1FAIpQLSeKjqSdkPRf_mfGnBv_QTrChJoan204Ra7EeCrhhvBLOUvZ6w\/viewform\" target=\"_blank\" rel=\"noreferrer noopener\">https:\/\/docs.google.com\/forms\/d\/e\/1FAIpQLSeKjqSdkPRf_mfGnBv_QTrChJoan204Ra7EeCrhhvBLOUvZ6w\/viewform<\/a><\/p>\n\n\n\n<figure class=\"wp-block-image size-large\"><img data-recalc-dims=\"1\" loading=\"lazy\" decoding=\"async\" width=\"724\" height=\"1024\" src=\"https:\/\/i0.wp.com\/parroquiacarcavas.archimadrid.es\/wp-content\/uploads\/2026\/03\/1000970536.jpg?resize=724%2C1024&#038;ssl=1\" alt=\"\" class=\"wp-image-5672\" srcset=\"https:\/\/i0.wp.com\/parroquiacarcavas.archimadrid.es\/wp-content\/uploads\/2026\/03\/1000970536.jpg?resize=724%2C1024&amp;ssl=1 724w, https:\/\/i0.wp.com\/parroquiacarcavas.archimadrid.es\/wp-content\/uploads\/2026\/03\/1000970536.jpg?resize=212%2C300&amp;ssl=1 212w, https:\/\/i0.wp.com\/parroquiacarcavas.archimadrid.es\/wp-content\/uploads\/2026\/03\/1000970536.jpg?resize=768%2C1086&amp;ssl=1 768w, https:\/\/i0.wp.com\/parroquiacarcavas.archimadrid.es\/wp-content\/uploads\/2026\/03\/1000970536.jpg?resize=1086%2C1536&amp;ssl=1 1086w, https:\/\/i0.wp.com\/parroquiacarcavas.archimadrid.es\/wp-content\/uploads\/2026\/03\/1000970536.jpg?w=1414&amp;ssl=1 1414w\" sizes=\"auto, (max-width: 724px) 100vw, 724px\" \/><\/figure>\n\n\n\n<p><\/p>\n\n\n\n<figure class=\"wp-block-image size-large\"><img data-recalc-dims=\"1\" loading=\"lazy\" decoding=\"async\" width=\"769\" height=\"535\" src=\"https:\/\/i0.wp.com\/parroquiacarcavas.archimadrid.es\/wp-content\/uploads\/2024\/11\/1000217783.jpg?resize=769%2C535&#038;ssl=1\" alt=\"\" class=\"wp-image-5257\" srcset=\"https:\/\/i0.wp.com\/parroquiacarcavas.archimadrid.es\/wp-content\/uploads\/2024\/11\/1000217783.jpg?resize=1024%2C713&amp;ssl=1 1024w, https:\/\/i0.wp.com\/parroquiacarcavas.archimadrid.es\/wp-content\/uploads\/2024\/11\/1000217783.jpg?resize=300%2C209&amp;ssl=1 300w, https:\/\/i0.wp.com\/parroquiacarcavas.archimadrid.es\/wp-content\/uploads\/2024\/11\/1000217783.jpg?resize=768%2C535&amp;ssl=1 768w, https:\/\/i0.wp.com\/parroquiacarcavas.archimadrid.es\/wp-content\/uploads\/2024\/11\/1000217783.jpg?resize=362%2C252&amp;ssl=1 362w, https:\/\/i0.wp.com\/parroquiacarcavas.archimadrid.es\/wp-content\/uploads\/2024\/11\/1000217783.jpg?w=1080&amp;ssl=1 1080w\" sizes=\"auto, (max-width: 769px) 100vw, 769px\" \/><\/figure>\n\n\n\n<figure class=\"wp-block-image size-large\"><img data-recalc-dims=\"1\" loading=\"lazy\" decoding=\"async\" width=\"769\" height=\"540\" src=\"https:\/\/i0.wp.com\/parroquiacarcavas.archimadrid.es\/wp-content\/uploads\/2024\/11\/1000217785.jpg?resize=769%2C540&#038;ssl=1\" alt=\"\" class=\"wp-image-5259\" srcset=\"https:\/\/i0.wp.com\/parroquiacarcavas.archimadrid.es\/wp-content\/uploads\/2024\/11\/1000217785.jpg?resize=1024%2C719&amp;ssl=1 1024w, https:\/\/i0.wp.com\/parroquiacarcavas.archimadrid.es\/wp-content\/uploads\/2024\/11\/1000217785.jpg?resize=300%2C211&amp;ssl=1 300w, https:\/\/i0.wp.com\/parroquiacarcavas.archimadrid.es\/wp-content\/uploads\/2024\/11\/1000217785.jpg?resize=768%2C539&amp;ssl=1 768w, https:\/\/i0.wp.com\/parroquiacarcavas.archimadrid.es\/wp-content\/uploads\/2024\/11\/1000217785.jpg?resize=362%2C254&amp;ssl=1 362w, https:\/\/i0.wp.com\/parroquiacarcavas.archimadrid.es\/wp-content\/uploads\/2024\/11\/1000217785.jpg?w=1076&amp;ssl=1 1076w\" sizes=\"auto, (max-width: 769px) 100vw, 769px\" \/><\/figure>\n\n\n\n<figure class=\"wp-block-image size-large\"><img data-recalc-dims=\"1\" loading=\"lazy\" decoding=\"async\" width=\"759\" height=\"1024\" src=\"https:\/\/i0.wp.com\/parroquiacarcavas.archimadrid.es\/wp-content\/uploads\/2025\/03\/1000385711.jpg?resize=759%2C1024&#038;ssl=1\" alt=\"\" class=\"wp-image-5383\" srcset=\"https:\/\/i0.wp.com\/parroquiacarcavas.archimadrid.es\/wp-content\/uploads\/2025\/03\/1000385711.jpg?resize=759%2C1024&amp;ssl=1 759w, https:\/\/i0.wp.com\/parroquiacarcavas.archimadrid.es\/wp-content\/uploads\/2025\/03\/1000385711.jpg?resize=222%2C300&amp;ssl=1 222w, https:\/\/i0.wp.com\/parroquiacarcavas.archimadrid.es\/wp-content\/uploads\/2025\/03\/1000385711.jpg?resize=768%2C1037&amp;ssl=1 768w, https:\/\/i0.wp.com\/parroquiacarcavas.archimadrid.es\/wp-content\/uploads\/2025\/03\/1000385711.jpg?resize=1138%2C1536&amp;ssl=1 1138w, https:\/\/i0.wp.com\/parroquiacarcavas.archimadrid.es\/wp-content\/uploads\/2025\/03\/1000385711.jpg?w=1192&amp;ssl=1 1192w\" sizes=\"auto, (max-width: 759px) 100vw, 759px\" \/><\/figure>\n","protected":false},"excerpt":{"rendered":"<p>\u00bfQu\u00e9 es Ema\u00fas? Es s\u00f3lo un retiro de un fin de semana que organiza tu parroquia. Por 48h dejas fuera todas tus preocupaciones del mundo &hellip;<\/p>\n","protected":false},"author":1,"featured_media":5302,"parent":0,"menu_order":0,"comment_status":"closed","ping_status":"closed","template":"","meta":{"footnotes":""},"class_list":["post-4519","page","type-page","status-publish","has-post-thumbnail","hentry"],"yoast_head":"<!-- This site is optimized with the Yoast SEO plugin v27.6 - https:\/\/yoast.com\/product\/yoast-seo-wordpress\/ -->\n<title>EMA\u00daS -<\/title>\n<meta name=\"description\" content=\"\u00bfQuieres que tu vida cambie en 48 horas?\" \/>\n<meta name=\"robots\" content=\"index, follow, max-snippet:-1, max-image-preview:large, max-video-preview:-1\" \/>\n<link rel=\"canonical\" href=\"https:\/\/parroquiacarcavas.archimadrid.es\/index.php\/emaus\/\" \/>\n<meta property=\"og:locale\" content=\"es_ES\" \/>\n<meta property=\"og:type\" content=\"article\" \/>\n<meta property=\"og:title\" content=\"EMA\u00daS -\" \/>\n<meta property=\"og:description\" content=\"\u00bfQuieres que tu vida cambie en 48 horas?\" \/>\n<meta property=\"og:url\" content=\"https:\/\/parroquiacarcavas.archimadrid.es\/index.php\/emaus\/\" \/>\n<meta property=\"og:site_name\" content=\"PARROQUIA SAN ANTONIO DE LAS C\u00c1RCAVAS\" \/>\n<meta property=\"article:modified_time\" content=\"2026-03-27T08:49:45+00:00\" \/>\n<meta property=\"og:image\" content=\"https:\/\/parroquiacarcavas.archimadrid.es\/wp-content\/uploads\/2024\/12\/Screenshot_2024-12-12-19-12-07-744_com.miui_.gallery-scaled.jpg\" \/>\n\t<meta property=\"og:image:width\" content=\"1152\" \/>\n\t<meta property=\"og:image:height\" content=\"2560\" \/>\n\t<meta property=\"og:image:type\" content=\"image\/jpeg\" \/>\n<meta name=\"twitter:card\" content=\"summary_large_image\" \/>\n<meta name=\"twitter:label1\" content=\"Tiempo de lectura\" \/>\n\t<meta name=\"twitter:data1\" content=\"3 minutos\" \/>\n<script type=\"application\/ld+json\" class=\"yoast-schema-graph\">{\"@context\":\"https:\\\/\\\/schema.org\",\"@graph\":[{\"@type\":\"WebPage\",\"@id\":\"https:\\\/\\\/parroquiacarcavas.archimadrid.es\\\/index.php\\\/emaus\\\/\",\"url\":\"https:\\\/\\\/parroquiacarcavas.archimadrid.es\\\/index.php\\\/emaus\\\/\",\"name\":\"EMA\u00daS -\",\"isPartOf\":{\"@id\":\"https:\\\/\\\/parroquiacarcavas.archimadrid.es\\\/#website\"},\"primaryImageOfPage\":{\"@id\":\"https:\\\/\\\/parroquiacarcavas.archimadrid.es\\\/index.php\\\/emaus\\\/#primaryimage\"},\"image\":{\"@id\":\"https:\\\/\\\/parroquiacarcavas.archimadrid.es\\\/index.php\\\/emaus\\\/#primaryimage\"},\"thumbnailUrl\":\"https:\\\/\\\/i0.wp.com\\\/parroquiacarcavas.archimadrid.es\\\/wp-content\\\/uploads\\\/2024\\\/12\\\/Screenshot_2024-12-12-19-12-07-744_com.miui_.gallery-scaled.jpg?fit=1152%2C2560&ssl=1\",\"datePublished\":\"2022-03-03T18:20:15+00:00\",\"dateModified\":\"2026-03-27T08:49:45+00:00\",\"description\":\"\u00bfQuieres que tu vida cambie en 48 horas?\",\"breadcrumb\":{\"@id\":\"https:\\\/\\\/parroquiacarcavas.archimadrid.es\\\/index.php\\\/emaus\\\/#breadcrumb\"},\"inLanguage\":\"es\",\"potentialAction\":[{\"@type\":\"ReadAction\",\"target\":[\"https:\\\/\\\/parroquiacarcavas.archimadrid.es\\\/index.php\\\/emaus\\\/\"]}]},{\"@type\":\"ImageObject\",\"inLanguage\":\"es\",\"@id\":\"https:\\\/\\\/parroquiacarcavas.archimadrid.es\\\/index.php\\\/emaus\\\/#primaryimage\",\"url\":\"https:\\\/\\\/i0.wp.com\\\/parroquiacarcavas.archimadrid.es\\\/wp-content\\\/uploads\\\/2024\\\/12\\\/Screenshot_2024-12-12-19-12-07-744_com.miui_.gallery-scaled.jpg?fit=1152%2C2560&ssl=1\",\"contentUrl\":\"https:\\\/\\\/i0.wp.com\\\/parroquiacarcavas.archimadrid.es\\\/wp-content\\\/uploads\\\/2024\\\/12\\\/Screenshot_2024-12-12-19-12-07-744_com.miui_.gallery-scaled.jpg?fit=1152%2C2560&ssl=1\",\"width\":1152,\"height\":2560},{\"@type\":\"BreadcrumbList\",\"@id\":\"https:\\\/\\\/parroquiacarcavas.archimadrid.es\\\/index.php\\\/emaus\\\/#breadcrumb\",\"itemListElement\":[{\"@type\":\"ListItem\",\"position\":1,\"name\":\"Portada\",\"item\":\"https:\\\/\\\/parroquiacarcavas.archimadrid.es\\\/\"},{\"@type\":\"ListItem\",\"position\":2,\"name\":\"EMA\u00daS\"}]},{\"@type\":\"WebSite\",\"@id\":\"https:\\\/\\\/parroquiacarcavas.archimadrid.es\\\/#website\",\"url\":\"https:\\\/\\\/parroquiacarcavas.archimadrid.es\\\/\",\"name\":\"PARROQUIA SAN ANTONIO DE LAS C\u00c1RCAVAS\",\"description\":\"VUESTRA CASA\",\"publisher\":{\"@id\":\"https:\\\/\\\/parroquiacarcavas.archimadrid.es\\\/#organization\"},\"potentialAction\":[{\"@type\":\"SearchAction\",\"target\":{\"@type\":\"EntryPoint\",\"urlTemplate\":\"https:\\\/\\\/parroquiacarcavas.archimadrid.es\\\/?s={search_term_string}\"},\"query-input\":{\"@type\":\"PropertyValueSpecification\",\"valueRequired\":true,\"valueName\":\"search_term_string\"}}],\"inLanguage\":\"es\"},{\"@type\":\"Organization\",\"@id\":\"https:\\\/\\\/parroquiacarcavas.archimadrid.es\\\/#organization\",\"name\":\"PARROQUIA SAN ANTONIO DE LAS C\u00c1RCAVAS\",\"url\":\"https:\\\/\\\/parroquiacarcavas.archimadrid.es\\\/\",\"logo\":{\"@type\":\"ImageObject\",\"inLanguage\":\"es\",\"@id\":\"https:\\\/\\\/parroquiacarcavas.archimadrid.es\\\/#\\\/schema\\\/logo\\\/image\\\/\",\"url\":\"https:\\\/\\\/parroquiacarcavas.archimadrid.es\\\/wp-content\\\/uploads\\\/2022\\\/02\\\/LOGO-SAN-ANTONIO.png\",\"contentUrl\":\"https:\\\/\\\/parroquiacarcavas.archimadrid.es\\\/wp-content\\\/uploads\\\/2022\\\/02\\\/LOGO-SAN-ANTONIO.png\",\"width\":1863,\"height\":1171,\"caption\":\"PARROQUIA SAN ANTONIO DE LAS C\u00c1RCAVAS\"},\"image\":{\"@id\":\"https:\\\/\\\/parroquiacarcavas.archimadrid.es\\\/#\\\/schema\\\/logo\\\/image\\\/\"}}]}<\/script>\n<!-- \/ Yoast SEO plugin. -->","yoast_head_json":{"title":"EMA\u00daS -","description":"\u00bfQuieres que tu vida cambie en 48 horas?","robots":{"index":"index","follow":"follow","max-snippet":"max-snippet:-1","max-image-preview":"max-image-preview:large","max-video-preview":"max-video-preview:-1"},"canonical":"https:\/\/parroquiacarcavas.archimadrid.es\/index.php\/emaus\/","og_locale":"es_ES","og_type":"article","og_title":"EMA\u00daS -","og_description":"\u00bfQuieres que tu vida cambie en 48 horas?","og_url":"https:\/\/parroquiacarcavas.archimadrid.es\/index.php\/emaus\/","og_site_name":"PARROQUIA SAN ANTONIO DE LAS C\u00c1RCAVAS","article_modified_time":"2026-03-27T08:49:45+00:00","og_image":[{"width":1152,"height":2560,"url":"https:\/\/parroquiacarcavas.archimadrid.es\/wp-content\/uploads\/2024\/12\/Screenshot_2024-12-12-19-12-07-744_com.miui_.gallery-scaled.jpg","type":"image\/jpeg"}],"twitter_card":"summary_large_image","twitter_misc":{"Tiempo de lectura":"3 minutos"},"schema":{"@context":"https:\/\/schema.org","@graph":[{"@type":"WebPage","@id":"https:\/\/parroquiacarcavas.archimadrid.es\/index.php\/emaus\/","url":"https:\/\/parroquiacarcavas.archimadrid.es\/index.php\/emaus\/","name":"EMA\u00daS -","isPartOf":{"@id":"https:\/\/parroquiacarcavas.archimadrid.es\/#website"},"primaryImageOfPage":{"@id":"https:\/\/parroquiacarcavas.archimadrid.es\/index.php\/emaus\/#primaryimage"},"image":{"@id":"https:\/\/parroquiacarcavas.archimadrid.es\/index.php\/emaus\/#primaryimage"},"thumbnailUrl":"https:\/\/i0.wp.com\/parroquiacarcavas.archimadrid.es\/wp-content\/uploads\/2024\/12\/Screenshot_2024-12-12-19-12-07-744_com.miui_.gallery-scaled.jpg?fit=1152%2C2560&ssl=1","datePublished":"2022-03-03T18:20:15+00:00","dateModified":"2026-03-27T08:49:45+00:00","description":"\u00bfQuieres que tu vida cambie en 48 horas?","breadcrumb":{"@id":"https:\/\/parroquiacarcavas.archimadrid.es\/index.php\/emaus\/#breadcrumb"},"inLanguage":"es","potentialAction":[{"@type":"ReadAction","target":["https:\/\/parroquiacarcavas.archimadrid.es\/index.php\/emaus\/"]}]},{"@type":"ImageObject","inLanguage":"es","@id":"https:\/\/parroquiacarcavas.archimadrid.es\/index.php\/emaus\/#primaryimage","url":"https:\/\/i0.wp.com\/parroquiacarcavas.archimadrid.es\/wp-content\/uploads\/2024\/12\/Screenshot_2024-12-12-19-12-07-744_com.miui_.gallery-scaled.jpg?fit=1152%2C2560&ssl=1","contentUrl":"https:\/\/i0.wp.com\/parroquiacarcavas.archimadrid.es\/wp-content\/uploads\/2024\/12\/Screenshot_2024-12-12-19-12-07-744_com.miui_.gallery-scaled.jpg?fit=1152%2C2560&ssl=1","width":1152,"height":2560},{"@type":"BreadcrumbList","@id":"https:\/\/parroquiacarcavas.archimadrid.es\/index.php\/emaus\/#breadcrumb","itemListElement":[{"@type":"ListItem","position":1,"name":"Portada","item":"https:\/\/parroquiacarcavas.archimadrid.es\/"},{"@type":"ListItem","position":2,"name":"EMA\u00daS"}]},{"@type":"WebSite","@id":"https:\/\/parroquiacarcavas.archimadrid.es\/#website","url":"https:\/\/parroquiacarcavas.archimadrid.es\/","name":"PARROQUIA SAN ANTONIO DE LAS C\u00c1RCAVAS","description":"VUESTRA CASA","publisher":{"@id":"https:\/\/parroquiacarcavas.archimadrid.es\/#organization"},"potentialAction":[{"@type":"SearchAction","target":{"@type":"EntryPoint","urlTemplate":"https:\/\/parroquiacarcavas.archimadrid.es\/?s={search_term_string}"},"query-input":{"@type":"PropertyValueSpecification","valueRequired":true,"valueName":"search_term_string"}}],"inLanguage":"es"},{"@type":"Organization","@id":"https:\/\/parroquiacarcavas.archimadrid.es\/#organization","name":"PARROQUIA SAN ANTONIO DE LAS C\u00c1RCAVAS","url":"https:\/\/parroquiacarcavas.archimadrid.es\/","logo":{"@type":"ImageObject","inLanguage":"es","@id":"https:\/\/parroquiacarcavas.archimadrid.es\/#\/schema\/logo\/image\/","url":"https:\/\/parroquiacarcavas.archimadrid.es\/wp-content\/uploads\/2022\/02\/LOGO-SAN-ANTONIO.png","contentUrl":"https:\/\/parroquiacarcavas.archimadrid.es\/wp-content\/uploads\/2022\/02\/LOGO-SAN-ANTONIO.png","width":1863,"height":1171,"caption":"PARROQUIA SAN ANTONIO DE LAS C\u00c1RCAVAS"},"image":{"@id":"https:\/\/parroquiacarcavas.archimadrid.es\/#\/schema\/logo\/image\/"}}]}},"_links":{"self":[{"href":"https:\/\/parroquiacarcavas.archimadrid.es\/index.php\/wp-json\/wp\/v2\/pages\/4519","targetHints":{"allow":["GET"]}}],"collection":[{"href":"https:\/\/parroquiacarcavas.archimadrid.es\/index.php\/wp-json\/wp\/v2\/pages"}],"about":[{"href":"https:\/\/parroquiacarcavas.archimadrid.es\/index.php\/wp-json\/wp\/v2\/types\/page"}],"author":[{"embeddable":true,"href":"https:\/\/parroquiacarcavas.archimadrid.es\/index.php\/wp-json\/wp\/v2\/users\/1"}],"replies":[{"embeddable":true,"href":"https:\/\/parroquiacarcavas.archimadrid.es\/index.php\/wp-json\/wp\/v2\/comments?post=4519"}],"version-history":[{"count":26,"href":"https:\/\/parroquiacarcavas.archimadrid.es\/index.php\/wp-json\/wp\/v2\/pages\/4519\/revisions"}],"predecessor-version":[{"id":5673,"href":"https:\/\/parroquiacarcavas.archimadrid.es\/index.php\/wp-json\/wp\/v2\/pages\/4519\/revisions\/5673"}],"wp:featuredmedia":[{"embeddable":true,"href":"https:\/\/parroquiacarcavas.archimadrid.es\/index.php\/wp-json\/wp\/v2\/media\/5302"}],"wp:attachment":[{"href":"https:\/\/parroquiacarcavas.archimadrid.es\/index.php\/wp-json\/wp\/v2\/media?parent=4519"}],"curies":[{"name":"wp","href":"https:\/\/api.w.org\/{rel}","templated":true}]}}