{"id":4743,"date":"2022-07-16T08:54:08","date_gmt":"2022-07-16T08:54:08","guid":{"rendered":"https:\/\/parroquiacarcavas.archimadrid.es\/?page_id=4743"},"modified":"2025-08-16T10:33:48","modified_gmt":"2025-08-16T10:33:48","slug":"renovacion-votos-matrimoniales","status":"publish","type":"page","link":"https:\/\/parroquiacarcavas.archimadrid.es\/index.php\/renovacion-votos-matrimoniales\/","title":{"rendered":"RENOVACI\u00d3N VOTOS MATRIMONIALES"},"content":{"rendered":"\n<h1 class=\"wp-block-heading\">Renovaci\u00f3n de los votos matrimoniales: \u00bfc\u00f3mo hacerlo?<\/h1>\n\n\n\n<p>Renovar los votos matrimoniales cat\u00f3licos es confirmar y reafirmar el juramento de amor eterno, respeto y fidelidad que ya se realiz\u00f3 durante el sacramento del matrimonio ante Dios.<\/p>\n\n\n\n<p>El matrimonio recuerda a un viaje comprometido de toda la vida. Donde la perseverancia, el respeto, la generosidad, la paciencia y sobre todo el amor, ser\u00e1n fundamentales para llegar a la meta. La gracia y la fortaleza que confiere el sacramento del matrimonio cat\u00f3lico es clave en el insistir y persistir de la vida conyugal.<\/p>\n\n\n\n<p><strong><a href=\"https:\/\/parroquiacarcavas.archimadrid.es\/wp-content\/uploads\/2025\/08\/Esposos.pdf\">Subsidio lit\u00fargico<\/a><\/strong><\/p>\n\n\n\n<h2 class=\"wp-block-heading\">\u00bfQu\u00e9 son los votos matrimoniales?<\/h2>\n\n\n\n<p>\u201cLa esposa y el esposo no est\u00e1n solos; los acompa\u00f1a Jes\u00fas\u201d. Casarse y compartir la vida es algo hermoso. Es un viaje comprometido, a veces dif\u00edcil, a veces complicado, pero vale la pena animarse. Y en este viaje de toda la vida, la esposa y el esposo no est\u00e1n solos; los acompa\u00f1a Jes\u00fas.\u201d&nbsp;<em>Papa Francisco, Catequesis 02\/06\/2021<\/em><\/p>\n\n\n\n<p>Los votos matrimoniales son las promesas que se realizan durante el sacramento del matrimonio. Dios ha deseado el proyecto de cada uno de los matrimonios. Representan la voluntad de estar unidos en el respeto y el amor, incluso en las circunstancias m\u00e1s adversas.<\/p>\n\n\n\n<h2 class=\"wp-block-heading\">\u00bfCu\u00e1les son los votos matrimoniales cat\u00f3licos?<\/h2>\n\n\n\n<p>Son tres los votos a los que se comprometen los novios en la ceremonia para recibir el sacramento del matrimonio:<\/p>\n\n\n\n<h3 class=\"wp-block-heading\">Fidelidad<\/h3>\n\n\n\n<p>\u201cEs necesario restituir el honor social a la fidelidad del amor, sabedores de que la fidelidad del hombre a la promesa depende siempre de la gracia y de la misericordia de Dios, y de que el v\u00ednculo que se crea por el amor o la amistad es bello y nunca destruye la libertad. Al contrario, libertad y fidelidad se sostienen mutuamente tanto en las relaciones interpersonales como en las sociales.\u201d P<em>apa francisco, Catequesis 21\/10\/2015<\/em><\/p>\n\n\n\n<h3 class=\"wp-block-heading\">Amor Perpetuo<\/h3>\n\n\n\n<p>Todo amor tiende a expandirse, es espiritual y materialmente f\u00e9rtil. La esterilidad nunca ha sido atributo del amor. No es cicatero ni mezquino; la medida del amor es amar sin medida, dec\u00eda San Agust\u00edn.<\/p>\n\n\n\n<h3 class=\"wp-block-heading\">Respeto<\/h3>\n\n\n\n<p>La mujer y el hombre maduros saben practicar, con sentido com\u00fan, el respeto a la autonom\u00eda y personalidad del otro. Es m\u00e1s, cada uno vive la vida del otro como propia. En este sentido, la expresi\u00f3n \u201cuna sola carne\u201d<\/p>\n\n\n\n<p><\/p>\n\n\n\n<h2 class=\"wp-block-heading\">Renovaci\u00f3n de votos matrimoniales<\/h2>\n\n\n\n<p>La renovaci\u00f3n de las promesas del matrimonio es cosa de cada d\u00eda, pero, como todo en la vida, necesita de una expresi\u00f3n concreta, de unas f\u00f3rmulas, de unas palabras, de un lugar.<\/p>\n\n\n\n<p>Es en el hoy del matrimonio donde se puede orar como nos ped\u00eda Jes\u00fas \u201cen esp\u00edritu y en verdad\u201d. Renovar los votos realizados en el sacramento del matrimonio necesita de esa disposici\u00f3n interior de entrega presente que es m\u00e1s importante que lo exterior.<\/p>\n\n\n\n<p>Por ello la renovaci\u00f3n matrimonial puede partir de un d\u00eda de especial de convivencia o retiro espiritual donde lo primordial sea el di\u00e1logo con la pareja y con Dios. Puede ser dirigida por un&nbsp;<a href=\"https:\/\/carfundacion.org\/blog\/direccion-y-director-espiritual\/\" target=\"_blank\" rel=\"noreferrer noopener\">director espiritual<\/a>&nbsp;o un&nbsp;<a href=\"https:\/\/carfundacion.org\/que-es-un-sacerdote\/\" target=\"_blank\" rel=\"noreferrer noopener\">sacerdote<\/a>.<\/p>\n\n\n\n<p>Otra parte fundamental es la celebraci\u00f3n de la Santa Misa en la que renovar\u00e1n las promesas matrimoniales.<\/p>\n\n\n\n<p>A la hora de renovar las promesas conyugales, como cristianos sabemos que hemos sido elegidos para esta vocaci\u00f3n y Dios nos ha puesto a la persona adecuada en la vida para cumplir esta vocaci\u00f3n.<\/p>\n\n\n\n<h2 class=\"wp-block-heading\">La importancia de renovar votos matrimoniales<\/h2>\n\n\n\n<p>Vivir en gracia es fundamental para que el matrimonio cristiano siga siendo fecundo en sentido amplio. Por ello, un prop\u00f3sito para el futuro de cualquier pareja debe ser el cuidar la vida de uni\u00f3n con Dios, la vida de la gracia.<\/p>\n\n\n\n<p>De ah\u00ed es donde surge la confianza, confianza no en nuestras fuerzas sino en que el mismo que los eligi\u00f3 y cuid\u00f3 hasta este d\u00eda, los mantendr\u00e1 hasta que \u201cmuerte los separe\u201d.<\/p>\n\n\n\n<p>La renovaci\u00f3n de votos matrimoniales se dibuja en tres verbos, el de reflexionar, dialogar y proyectar. No es casarse otra vez, porque eso no ser\u00eda posible, sino que renovar\u00e1n las promesas matrimoniales como una se\u00f1al, como un signo de que efectivamente hay en nosotros el esfuerzo, el inter\u00e9s por ir adelante en este camino.<\/p>\n\n\n\n<h3 class=\"wp-block-heading\">\u00bfCu\u00e1ndo celebrar la renovaci\u00f3n de los votos matrimoniales cat\u00f3licos?<\/h3>\n\n\n\n<p>Se puede celebrar la&nbsp;<a href=\"https:\/\/carfundacion.org\/santa-misa-online\/\" target=\"_blank\" rel=\"noreferrer noopener\">Santa Misa<\/a>&nbsp;para renovar votos matrimoniales cat\u00f3licos en cualquier momento propicio para la pareja. Pero lo m\u00e1s com\u00fan es celebrando a los 25 o 50 a\u00f1os de casados, cuando son las bodas de plata y oro.<\/p>\n\n\n\n<p>El sacramento del matrimonio es un don que Dios nos ha hecho. Es una gracia que crece y enriquece nuestra vida en la medida en que la cultivamos y seamos fieles a ella.<\/p>\n\n\n\n<p>\u00abEl matrimonio no es solo un acto \u00absocial\u00bb; es una vocaci\u00f3n que nace del coraz\u00f3n, es una decisi\u00f3n consciente para toda la vida que necesita una preparaci\u00f3n espec\u00edfica. Por favor, no lo olviden nunca. Dios tiene un sue\u00f1o para nosotros, el amor, y nos pide que lo hagamos nuestro. Hagamos nuestro el amor que es el sue\u00f1o de Dios.\u00bb&nbsp;<em>Papa Francisco<\/em><\/p>\n\n\n\n<h2 class=\"wp-block-heading\">\u00bfC\u00f3mo hacer la renovaci\u00f3n de votos matrimoniales?<\/h2>\n\n\n\n<p>Queremos renovar nuestra voluntad de seguir el camino de santidad matrimonial a la cual hemos sido llamados, y tambi\u00e9n agradecer al Se\u00f1or los dones que \u00e9l nos ha regalado como matrimonio y como familia por medio de este sacramento.<\/p>\n\n\n\n<p>La celebraci\u00f3n de la Santa Misa es la mejor manera de volver a pronunciar nuestros votos matrimoniales. As\u00ed lo haremos ante Dios y ante nuestros seres queridos. Porque, queremos renovar nuestra entrega como esposos y como padres; renovarnos en Jesucristo nuestro Se\u00f1or, desde lo m\u00e1s profundo del coraz\u00f3n en nuestro amor y en nuestra misi\u00f3n.<\/p>\n\n\n\n<p>Un&nbsp;<a href=\"https:\/\/carfundacion.org\/blog\/partes-de-la-misa-catolica-explicada\/\" target=\"_blank\" rel=\"noreferrer noopener\">parte de la Misa<\/a>&nbsp;de celebraci\u00f3n ser\u00e1 la renovaci\u00f3n de los expresaremos nuestro compromiso de esforzarnos por nuestra santidad conyugal para contribuir a la renovaci\u00f3n de votos.<\/p>\n\n\n\n<p>Imploramos al&nbsp;<a href=\"https:\/\/carfundacion.org\/blog\/espiritu-santo-quien-es-dones\/\" target=\"_blank\" rel=\"noreferrer noopener\">Esp\u00edritu Santo<\/a>&nbsp;para que haga fecunda la riqueza del sacramento del matrimonio en el seno de nuestras familias.<\/p>\n\n\n\n<p>Rezamos para que para que seamos transparentes del amor de Dios para nuestros hijos. Que como matrimonio encarnemos y prolonguemos ese profundo amor de Cristo por su Iglesia<\/p>\n\n\n\n<h2 class=\"wp-block-heading\">\u00bfQu\u00e9 pasos seguir para renovar votos matrimoniales en la Santa Misa?<\/h2>\n\n\n\n<p>En los principales aniversarios del matrimonio, como, por ejemplo, en el aniversario anual y en los jubileos (XXV, L, LX), ser\u00e1 oportuno tener un recuerdo especial del sacramento, mediante la celebraci\u00f3n de la Misa propia con las oraciones que indica el Misal romano. La bendici\u00f3n de los esposos puede hacerse dentro de la Misa, seg\u00fan los ritos descritos m\u00e1s adelante, en los n\u00fams. 95-107; 108-115, o bien fuera de la Misa, seg\u00fan los ritos que se indican m\u00e1s adelante, en los n\u00fams. 116-132; 133-135. 93. Fuera de los aniversarios, los esposos pueden tambi\u00e9n pedir la bendici\u00f3n en determinadas necesidades o circunstancias de la vida, como pueden ser una reuni\u00f3n espiritual o una peregrinaci\u00f3n en com\u00fan. Si se ha de bendecir a varios esposos a la vez, la oraci\u00f3n de bendici\u00f3n y la bendici\u00f3n final se dir\u00e1n en plural. Con el fin de acomodar la celebraci\u00f3n a las circunstancias del lugar, de los esposos y de las familias, pueden adaptarse algunos de los elementos de estos ritos, respetando siempre los principales. <\/p>\n\n\n\n<p>RITO QUE SE HA DE EMPLEAR DENTRO DE LA MISA CON MOTIVO DEL ANIVERSARIO DEL MATRIMONIO <\/p>\n\n\n\n<p>En la liturgia de la palabra, de conformidad con las r\u00fabricas, pueden tomarse las lecturas, o bien del Leccionario para la celebraci\u00f3n del Matrimonio, o bien de la Misa para dar gracias a Dios, seg\u00fan el Leccionario de las Misas por diversas necesidades.Despu\u00e9s de la lectura del Evangelio, el celebrante, bas\u00e1ndose en el texto sagrado, debe exponer en la homil\u00eda el misterio y la gracia de la vida matrimonial cristiana, teniendo en cuenta las diversas circunstancias de las personas. Luego el celebrante invita a los esposos a que oren en silencio y renueven ante Dios el prop\u00f3sito de vivir santamente en el matrimonio.  Si los esposos presentan los anillos de su matrimonio, el celebrante dice esta oraci\u00f3n:<\/p>\n\n\n\n<p><strong>Acrecienta y santifica, Se\u00f1or, el amor de tus servidores y, pues se entregaron mutuamente estos anillos en se\u00f1al de fidelidad, haz que progresen en la gracia del sacramento. Por Jesucristo, nuestro Se\u00f1or. R. Am\u00e9n. <\/strong><\/p>\n\n\n\n<p>Si se bendicen anillos nuevos, el celebrante dice esta oraci\u00f3n: <\/p>\n\n\n\n<p><strong>Bendice y santifica, Se\u00f1or, el amor de tus servidores y, ya que estos anillos representan para ellos un signo de su fidelidad, haz que tambi\u00e9n les recuerden su amor rec\u00edproco y la gracia del sacramento. Por Jesucristo, nuestro Se\u00f1or. R. Am\u00e9n<\/strong>. <\/p>\n\n\n\n<p>Los anillos pueden ser honrados con la incensaci\u00f3n. <\/p>\n\n\n\n<h2 class=\"wp-block-heading\">La importancia de los votos matrimoniales cat\u00f3licos en la vida familiar<\/h2>\n\n\n\n<p>Los cimientos de la<a href=\"https:\/\/carfundacion.org\/blog\/familia-cristiana-amoris-laetitia\/\" target=\"_blank\" rel=\"noreferrer noopener\">&nbsp;familia cristiana<\/a>&nbsp;surgen de la uni\u00f3n matrimonial. La vida matrimonial tiene que renovarse todos los d\u00edas. El Papa Francisco dice \u201c\u2026prefiero familias arrugadas, con heridas, con cicatrices pero que sigan andando, porque esas heridas, esas cicatrices, esas arrugas son fruto de la fidelidad de un amor que no siempre les fue f\u00e1cil. El amor no es f\u00e1cil; no es f\u00e1cil, no, pero es lo m\u00e1s lindo que un hombre y una mujer se pueden dar entre s\u00ed, el verdadero amor, para toda la vida.\u201d Encuentro con las familias en Mexico 2016<\/p>\n\n\n\n<p>El secreto del amor es querer que el otro sea feliz. De esa forma, la relaci\u00f3n matrimonial y la educaci\u00f3n de los hijos se edifica sobre la s\u00f3lida base de la entrega.<\/p>\n\n\n\n<p>Y al final de los d\u00edas, en la ancianidad, otra vez solos como cuando se comenz\u00f3 en este viaje, apoy\u00e1ndose en Dios como el primer d\u00eda. Porque se han cuidado estos detalles peque\u00f1os que han trenzado el tapiz de un matrimonio unido en la fe.<\/p>\n\n\n\n<h3 class=\"wp-block-heading\">Oraci\u00f3n por la familia<\/h3>\n\n\n\n<p>Jes\u00fas, Mar\u00eda y Jos\u00e9<br>en vosotros contemplamos<br>el esplendor del verdadero amor,<br>a vosotros, confiados, nos dirigimos.<br>Santa Familia de Nazaret,<br>haz tambi\u00e9n de nuestras familias<br>lugar de comuni\u00f3n y cen\u00e1culo de oraci\u00f3n,<br>aut\u00e9nticas escuelas del Evangelio<br>y peque\u00f1as Iglesias dom\u00e9sticas.<br>Santa Familia de Nazaret,<br>que nunca m\u00e1s haya en las familias episodios<br>de violencia, de cerraz\u00f3n y divisi\u00f3n;<br>que quien haya sido herido o escandalizado<br>sea pronto consolado y curado.<br>Santa Familia de Nazaret,<br>que el pr\u00f3ximo S\u00ednodo de los Obispos<br>haga tomar conciencia a todos<br>del car\u00e1cter sagrado e inviolable de la familia,<br>de su belleza en el proyecto de Dios.<br>Jes\u00fas, Mar\u00eda y Jos\u00e9,<br>escuchad, acoged nuestra s\u00faplica.<br><em>Am\u00e9n<\/em><\/p>\n\n\n\n<p><\/p>\n\n\n\n<p>Fuente: CARF<\/p>\n","protected":false},"excerpt":{"rendered":"<p>Renovaci\u00f3n de los votos matrimoniales: \u00bfc\u00f3mo hacerlo? Renovar los votos matrimoniales cat\u00f3licos es confirmar y reafirmar el juramento de amor eterno, respeto y fidelidad que &hellip;<\/p>\n","protected":false},"author":1,"featured_media":4744,"parent":0,"menu_order":0,"comment_status":"closed","ping_status":"closed","template":"","meta":{"footnotes":""},"class_list":["post-4743","page","type-page","status-publish","has-post-thumbnail","hentry"],"yoast_head":"<!-- This site is optimized with the Yoast SEO plugin v27.4 - https:\/\/yoast.com\/product\/yoast-seo-wordpress\/ -->\n<title>RENOVACI\u00d3N VOTOS MATRIMONIALES - VOTOS<\/title>\n<meta name=\"description\" content=\"Renovar los votos matrimoniales cat\u00f3licos es confirmar el juramento de amor eterno, respeto y fidelidad que se realiz\u00f3 en el d\u00eda de la boda\" \/>\n<meta name=\"robots\" content=\"index, follow, max-snippet:-1, max-image-preview:large, max-video-preview:-1\" \/>\n<link rel=\"canonical\" href=\"https:\/\/parroquiacarcavas.archimadrid.es\/index.php\/renovacion-votos-matrimoniales\/\" \/>\n<meta property=\"og:locale\" content=\"es_ES\" \/>\n<meta property=\"og:type\" content=\"article\" \/>\n<meta property=\"og:title\" content=\"RENOVACI\u00d3N VOTOS MATRIMONIALES - VOTOS\" \/>\n<meta property=\"og:description\" content=\"Renovar los votos matrimoniales cat\u00f3licos es confirmar el juramento de amor eterno, respeto y fidelidad que se realiz\u00f3 en el d\u00eda de la boda\" \/>\n<meta property=\"og:url\" content=\"https:\/\/parroquiacarcavas.archimadrid.es\/index.php\/renovacion-votos-matrimoniales\/\" \/>\n<meta property=\"og:site_name\" content=\"PARROQUIA SAN ANTONIO DE LAS C\u00c1RCAVAS\" \/>\n<meta property=\"article:modified_time\" content=\"2025-08-16T10:33:48+00:00\" \/>\n<meta property=\"og:image\" content=\"https:\/\/parroquiacarcavas.archimadrid.es\/wp-content\/uploads\/2022\/07\/582569.webp\" \/>\n\t<meta property=\"og:image:width\" content=\"1280\" \/>\n\t<meta property=\"og:image:height\" content=\"853\" \/>\n\t<meta property=\"og:image:type\" content=\"image\/webp\" \/>\n<meta name=\"twitter:card\" content=\"summary_large_image\" \/>\n<meta name=\"twitter:label1\" content=\"Tiempo de lectura\" \/>\n\t<meta name=\"twitter:data1\" content=\"9 minutos\" \/>\n<script type=\"application\/ld+json\" class=\"yoast-schema-graph\">{\"@context\":\"https:\\\/\\\/schema.org\",\"@graph\":[{\"@type\":\"WebPage\",\"@id\":\"https:\\\/\\\/parroquiacarcavas.archimadrid.es\\\/index.php\\\/renovacion-votos-matrimoniales\\\/\",\"url\":\"https:\\\/\\\/parroquiacarcavas.archimadrid.es\\\/index.php\\\/renovacion-votos-matrimoniales\\\/\",\"name\":\"RENOVACI\u00d3N VOTOS MATRIMONIALES - VOTOS\",\"isPartOf\":{\"@id\":\"https:\\\/\\\/parroquiacarcavas.archimadrid.es\\\/#website\"},\"primaryImageOfPage\":{\"@id\":\"https:\\\/\\\/parroquiacarcavas.archimadrid.es\\\/index.php\\\/renovacion-votos-matrimoniales\\\/#primaryimage\"},\"image\":{\"@id\":\"https:\\\/\\\/parroquiacarcavas.archimadrid.es\\\/index.php\\\/renovacion-votos-matrimoniales\\\/#primaryimage\"},\"thumbnailUrl\":\"https:\\\/\\\/i0.wp.com\\\/parroquiacarcavas.archimadrid.es\\\/wp-content\\\/uploads\\\/2022\\\/07\\\/582569.webp?fit=1280%2C853&ssl=1\",\"datePublished\":\"2022-07-16T08:54:08+00:00\",\"dateModified\":\"2025-08-16T10:33:48+00:00\",\"description\":\"Renovar los votos matrimoniales cat\u00f3licos es confirmar el juramento de amor eterno, respeto y fidelidad que se realiz\u00f3 en el d\u00eda de la boda\",\"breadcrumb\":{\"@id\":\"https:\\\/\\\/parroquiacarcavas.archimadrid.es\\\/index.php\\\/renovacion-votos-matrimoniales\\\/#breadcrumb\"},\"inLanguage\":\"es\",\"potentialAction\":[{\"@type\":\"ReadAction\",\"target\":[\"https:\\\/\\\/parroquiacarcavas.archimadrid.es\\\/index.php\\\/renovacion-votos-matrimoniales\\\/\"]}]},{\"@type\":\"ImageObject\",\"inLanguage\":\"es\",\"@id\":\"https:\\\/\\\/parroquiacarcavas.archimadrid.es\\\/index.php\\\/renovacion-votos-matrimoniales\\\/#primaryimage\",\"url\":\"https:\\\/\\\/i0.wp.com\\\/parroquiacarcavas.archimadrid.es\\\/wp-content\\\/uploads\\\/2022\\\/07\\\/582569.webp?fit=1280%2C853&ssl=1\",\"contentUrl\":\"https:\\\/\\\/i0.wp.com\\\/parroquiacarcavas.archimadrid.es\\\/wp-content\\\/uploads\\\/2022\\\/07\\\/582569.webp?fit=1280%2C853&ssl=1\",\"width\":1280,\"height\":853},{\"@type\":\"BreadcrumbList\",\"@id\":\"https:\\\/\\\/parroquiacarcavas.archimadrid.es\\\/index.php\\\/renovacion-votos-matrimoniales\\\/#breadcrumb\",\"itemListElement\":[{\"@type\":\"ListItem\",\"position\":1,\"name\":\"Portada\",\"item\":\"https:\\\/\\\/parroquiacarcavas.archimadrid.es\\\/\"},{\"@type\":\"ListItem\",\"position\":2,\"name\":\"RENOVACI\u00d3N VOTOS MATRIMONIALES\"}]},{\"@type\":\"WebSite\",\"@id\":\"https:\\\/\\\/parroquiacarcavas.archimadrid.es\\\/#website\",\"url\":\"https:\\\/\\\/parroquiacarcavas.archimadrid.es\\\/\",\"name\":\"PARROQUIA SAN ANTONIO DE LAS C\u00c1RCAVAS\",\"description\":\"VUESTRA CASA\",\"publisher\":{\"@id\":\"https:\\\/\\\/parroquiacarcavas.archimadrid.es\\\/#organization\"},\"potentialAction\":[{\"@type\":\"SearchAction\",\"target\":{\"@type\":\"EntryPoint\",\"urlTemplate\":\"https:\\\/\\\/parroquiacarcavas.archimadrid.es\\\/?s={search_term_string}\"},\"query-input\":{\"@type\":\"PropertyValueSpecification\",\"valueRequired\":true,\"valueName\":\"search_term_string\"}}],\"inLanguage\":\"es\"},{\"@type\":\"Organization\",\"@id\":\"https:\\\/\\\/parroquiacarcavas.archimadrid.es\\\/#organization\",\"name\":\"PARROQUIA SAN ANTONIO DE LAS C\u00c1RCAVAS\",\"url\":\"https:\\\/\\\/parroquiacarcavas.archimadrid.es\\\/\",\"logo\":{\"@type\":\"ImageObject\",\"inLanguage\":\"es\",\"@id\":\"https:\\\/\\\/parroquiacarcavas.archimadrid.es\\\/#\\\/schema\\\/logo\\\/image\\\/\",\"url\":\"https:\\\/\\\/parroquiacarcavas.archimadrid.es\\\/wp-content\\\/uploads\\\/2022\\\/02\\\/LOGO-SAN-ANTONIO.png\",\"contentUrl\":\"https:\\\/\\\/parroquiacarcavas.archimadrid.es\\\/wp-content\\\/uploads\\\/2022\\\/02\\\/LOGO-SAN-ANTONIO.png\",\"width\":1863,\"height\":1171,\"caption\":\"PARROQUIA SAN ANTONIO DE LAS C\u00c1RCAVAS\"},\"image\":{\"@id\":\"https:\\\/\\\/parroquiacarcavas.archimadrid.es\\\/#\\\/schema\\\/logo\\\/image\\\/\"}}]}<\/script>\n<!-- \/ Yoast SEO plugin. -->","yoast_head_json":{"title":"RENOVACI\u00d3N VOTOS MATRIMONIALES - VOTOS","description":"Renovar los votos matrimoniales cat\u00f3licos es confirmar el juramento de amor eterno, respeto y fidelidad que se realiz\u00f3 en el d\u00eda de la boda","robots":{"index":"index","follow":"follow","max-snippet":"max-snippet:-1","max-image-preview":"max-image-preview:large","max-video-preview":"max-video-preview:-1"},"canonical":"https:\/\/parroquiacarcavas.archimadrid.es\/index.php\/renovacion-votos-matrimoniales\/","og_locale":"es_ES","og_type":"article","og_title":"RENOVACI\u00d3N VOTOS MATRIMONIALES - VOTOS","og_description":"Renovar los votos matrimoniales cat\u00f3licos es confirmar el juramento de amor eterno, respeto y fidelidad que se realiz\u00f3 en el d\u00eda de la boda","og_url":"https:\/\/parroquiacarcavas.archimadrid.es\/index.php\/renovacion-votos-matrimoniales\/","og_site_name":"PARROQUIA SAN ANTONIO DE LAS C\u00c1RCAVAS","article_modified_time":"2025-08-16T10:33:48+00:00","og_image":[{"width":1280,"height":853,"url":"https:\/\/parroquiacarcavas.archimadrid.es\/wp-content\/uploads\/2022\/07\/582569.webp","type":"image\/webp"}],"twitter_card":"summary_large_image","twitter_misc":{"Tiempo de lectura":"9 minutos"},"schema":{"@context":"https:\/\/schema.org","@graph":[{"@type":"WebPage","@id":"https:\/\/parroquiacarcavas.archimadrid.es\/index.php\/renovacion-votos-matrimoniales\/","url":"https:\/\/parroquiacarcavas.archimadrid.es\/index.php\/renovacion-votos-matrimoniales\/","name":"RENOVACI\u00d3N VOTOS MATRIMONIALES - VOTOS","isPartOf":{"@id":"https:\/\/parroquiacarcavas.archimadrid.es\/#website"},"primaryImageOfPage":{"@id":"https:\/\/parroquiacarcavas.archimadrid.es\/index.php\/renovacion-votos-matrimoniales\/#primaryimage"},"image":{"@id":"https:\/\/parroquiacarcavas.archimadrid.es\/index.php\/renovacion-votos-matrimoniales\/#primaryimage"},"thumbnailUrl":"https:\/\/i0.wp.com\/parroquiacarcavas.archimadrid.es\/wp-content\/uploads\/2022\/07\/582569.webp?fit=1280%2C853&ssl=1","datePublished":"2022-07-16T08:54:08+00:00","dateModified":"2025-08-16T10:33:48+00:00","description":"Renovar los votos matrimoniales cat\u00f3licos es confirmar el juramento de amor eterno, respeto y fidelidad que se realiz\u00f3 en el d\u00eda de la boda","breadcrumb":{"@id":"https:\/\/parroquiacarcavas.archimadrid.es\/index.php\/renovacion-votos-matrimoniales\/#breadcrumb"},"inLanguage":"es","potentialAction":[{"@type":"ReadAction","target":["https:\/\/parroquiacarcavas.archimadrid.es\/index.php\/renovacion-votos-matrimoniales\/"]}]},{"@type":"ImageObject","inLanguage":"es","@id":"https:\/\/parroquiacarcavas.archimadrid.es\/index.php\/renovacion-votos-matrimoniales\/#primaryimage","url":"https:\/\/i0.wp.com\/parroquiacarcavas.archimadrid.es\/wp-content\/uploads\/2022\/07\/582569.webp?fit=1280%2C853&ssl=1","contentUrl":"https:\/\/i0.wp.com\/parroquiacarcavas.archimadrid.es\/wp-content\/uploads\/2022\/07\/582569.webp?fit=1280%2C853&ssl=1","width":1280,"height":853},{"@type":"BreadcrumbList","@id":"https:\/\/parroquiacarcavas.archimadrid.es\/index.php\/renovacion-votos-matrimoniales\/#breadcrumb","itemListElement":[{"@type":"ListItem","position":1,"name":"Portada","item":"https:\/\/parroquiacarcavas.archimadrid.es\/"},{"@type":"ListItem","position":2,"name":"RENOVACI\u00d3N VOTOS MATRIMONIALES"}]},{"@type":"WebSite","@id":"https:\/\/parroquiacarcavas.archimadrid.es\/#website","url":"https:\/\/parroquiacarcavas.archimadrid.es\/","name":"PARROQUIA SAN ANTONIO DE LAS C\u00c1RCAVAS","description":"VUESTRA CASA","publisher":{"@id":"https:\/\/parroquiacarcavas.archimadrid.es\/#organization"},"potentialAction":[{"@type":"SearchAction","target":{"@type":"EntryPoint","urlTemplate":"https:\/\/parroquiacarcavas.archimadrid.es\/?s={search_term_string}"},"query-input":{"@type":"PropertyValueSpecification","valueRequired":true,"valueName":"search_term_string"}}],"inLanguage":"es"},{"@type":"Organization","@id":"https:\/\/parroquiacarcavas.archimadrid.es\/#organization","name":"PARROQUIA SAN ANTONIO DE LAS C\u00c1RCAVAS","url":"https:\/\/parroquiacarcavas.archimadrid.es\/","logo":{"@type":"ImageObject","inLanguage":"es","@id":"https:\/\/parroquiacarcavas.archimadrid.es\/#\/schema\/logo\/image\/","url":"https:\/\/parroquiacarcavas.archimadrid.es\/wp-content\/uploads\/2022\/02\/LOGO-SAN-ANTONIO.png","contentUrl":"https:\/\/parroquiacarcavas.archimadrid.es\/wp-content\/uploads\/2022\/02\/LOGO-SAN-ANTONIO.png","width":1863,"height":1171,"caption":"PARROQUIA SAN ANTONIO DE LAS C\u00c1RCAVAS"},"image":{"@id":"https:\/\/parroquiacarcavas.archimadrid.es\/#\/schema\/logo\/image\/"}}]}},"_links":{"self":[{"href":"https:\/\/parroquiacarcavas.archimadrid.es\/index.php\/wp-json\/wp\/v2\/pages\/4743","targetHints":{"allow":["GET"]}}],"collection":[{"href":"https:\/\/parroquiacarcavas.archimadrid.es\/index.php\/wp-json\/wp\/v2\/pages"}],"about":[{"href":"https:\/\/parroquiacarcavas.archimadrid.es\/index.php\/wp-json\/wp\/v2\/types\/page"}],"author":[{"embeddable":true,"href":"https:\/\/parroquiacarcavas.archimadrid.es\/index.php\/wp-json\/wp\/v2\/users\/1"}],"replies":[{"embeddable":true,"href":"https:\/\/parroquiacarcavas.archimadrid.es\/index.php\/wp-json\/wp\/v2\/comments?post=4743"}],"version-history":[{"count":5,"href":"https:\/\/parroquiacarcavas.archimadrid.es\/index.php\/wp-json\/wp\/v2\/pages\/4743\/revisions"}],"predecessor-version":[{"id":5503,"href":"https:\/\/parroquiacarcavas.archimadrid.es\/index.php\/wp-json\/wp\/v2\/pages\/4743\/revisions\/5503"}],"wp:featuredmedia":[{"embeddable":true,"href":"https:\/\/parroquiacarcavas.archimadrid.es\/index.php\/wp-json\/wp\/v2\/media\/4744"}],"wp:attachment":[{"href":"https:\/\/parroquiacarcavas.archimadrid.es\/index.php\/wp-json\/wp\/v2\/media?parent=4743"}],"curies":[{"name":"wp","href":"https:\/\/api.w.org\/{rel}","templated":true}]}}