{"id":4833,"date":"2022-12-07T17:23:10","date_gmt":"2022-12-07T17:23:10","guid":{"rendered":"https:\/\/parroquiacarcavas.archimadrid.es\/?page_id=4833"},"modified":"2025-03-30T07:28:25","modified_gmt":"2025-03-30T07:28:25","slug":"sarcu-servicio-de-asistencia-religiosa-catolica-urgente","status":"publish","type":"page","link":"https:\/\/parroquiacarcavas.archimadrid.es\/index.php\/sarcu-servicio-de-asistencia-religiosa-catolica-urgente\/","title":{"rendered":"SARCU (Servicio de Asistencia Religiosa Cat\u00f3lica Urgente)"},"content":{"rendered":"\n<figure class=\"wp-block-image is-resized\"><img decoding=\"async\" src=\"https:\/\/i0.wp.com\/parroquiasdesancristobal.archimadrid.es\/wp-content\/uploads\/2020\/01\/SARCU-Cartel.jpg?fit=400%2C274&amp;ssl=1\" alt=\"\" style=\"width:809px;height:554px\"\/><\/figure>\n\n\n\n<h1 class=\"wp-block-heading\"><\/h1>\n\n\n\n<p>\u21d2 El&nbsp;<strong>SARCU<\/strong>&nbsp;(Servicio de Asistencia Religiosa Cat\u00f3lica Urgente) se puso en marcha el 15 de mayo de 2017. Y es:<\/p>\n\n\n\n<ul class=\"wp-block-list\">\n<li>Un&nbsp;<strong>servicio de nuestra Archidi\u00f3cesis de Madrid durante la noche<\/strong>&nbsp;(de 22.00 a 7.00) todos los d\u00edas del a\u00f1o.<\/li>\n\n\n\n<li>Atiende a&nbsp;<strong>casos urgentes y graves<\/strong>: moribundos, situaciones de peligro vital f\u00edsico o psicol\u00f3gico, grandes accidentes o cat\u00e1strofes, violaciones de los derechos humanos que requieren una r\u00e1pida actuaci\u00f3n\u2026 etc.<\/li>\n\n\n\n<li>Proporciona un&nbsp;<strong>sacerdote<\/strong>&nbsp;con una simple llamada telef\u00f3nica.<\/li>\n\n\n\n<li>El SARCU y ese mismo sacerdote, tras el servicio al que haya acudido, procurar\u00e1n en los d\u00edas siguientes&nbsp;<strong>complementar<\/strong>&nbsp;su ayuda -si se ve necesario- poniendo en contacto con la parroquia, servicios de escucha, o lo que sea preciso.<\/li>\n<\/ul>\n\n\n\n<p>\u21d2 Adem\u00e1s, el&nbsp;<strong>SARCU<\/strong>&nbsp;est\u00e1 preparado para, en caso de una&nbsp;<strong>urgencia masiva<\/strong>, activar a todos los sacerdotes colaboradores a cualquier hora del d\u00eda o de la noche:<\/p>\n\n\n\n<p>Debajo de este v\u00eddeo tienes&nbsp;<strong>m\u00e1s informaci\u00f3n<\/strong>&nbsp;y unos&nbsp;<strong>audios<\/strong>&nbsp;que comentan todo esto m\u00e1s ampliamente.<\/p>\n\n\n\n<h4 class=\"wp-block-heading\">&nbsp;\u00bf<strong>C\u00d3MO FUNCIONA EL SARCU<\/strong>? ES SENCILLO:<\/h4>\n\n\n\n<ul class=\"wp-block-list\">\n<li>Llama al&nbsp;<strong>913 717 717<\/strong>&nbsp;de&nbsp;<strong>10 de la noche a 7 de la ma\u00f1ana<\/strong>&nbsp;(fuera de esas horas, el servicio est\u00e1 inactivo).<\/li>\n\n\n\n<li>Te atender\u00e1 directamente un&nbsp;<strong>sacerdote<\/strong>. Expl\u00edcale la situaci\u00f3n y \u00e9l coger\u00e1 todos los datos precisos para intervenir.<\/li>\n\n\n\n<li>El sacerdote te&nbsp;<strong>rellamar\u00e1<\/strong>&nbsp;para comprobar que no se trata de una broma o de algo mal intencionado.<\/li>\n\n\n\n<li>Al poco tiempo, el sacerdote&nbsp;<strong>se personar\u00e1<\/strong>&nbsp;para acompa\u00f1ar pastoral y evang\u00e9licamente la situaci\u00f3n que lo requiere.<\/li>\n\n\n\n<li>Ese sacerdote y el SARCU procurar\u00e1n en los d\u00edas siguientes&nbsp;<strong>complementar<\/strong>&nbsp;su ayuda -si se ve necesario- poniendo en contacto con la parroquia, servicios de escucha, o lo que sea preciso.<\/li>\n<\/ul>\n\n\n\n<h4 class=\"wp-block-heading\">\u00bfPUEDE&nbsp;<strong>LLAMAR CUALQUIERA Y PARA CUALQUIER COSA<\/strong>?<\/h4>\n\n\n\n<ul class=\"wp-block-list\">\n<li><strong>S\u00ed<\/strong>, naturalmente que puede llamar cualquiera.<\/li>\n\n\n\n<li><strong>Pero no para cualquier cosa<\/strong>. Se requiere que, efectivamente, se trate de una situaci\u00f3n urgente. Si tu problema es gen\u00e9rico, mejor espera a que sea de d\u00eda, y acude a cualquier iglesia, donde se te atender\u00e1 en tu necesidad.<\/li>\n\n\n\n<li>Y ten en cuenta una cosa: si necesitas que se atienda a un enfermo o enferma de un&nbsp;<strong>hospital p\u00fablico<\/strong>&nbsp;(y de algunas cl\u00ednicas privadas), mejor dir\u00edgete a las enfermeras que est\u00e9 de noche. Esos hospitales tienen todos capellanes de guardia.<\/li>\n<\/ul>\n\n\n\n<p>\u21d2 \u00bf<strong>Cu\u00e1nto cuesta<\/strong>&nbsp;el que acuda un sacerdote del SARCU?<\/p>\n\n\n\n<ul class=\"wp-block-list\">\n<li><strong>Absolutamente nada<\/strong>. \u201c<em>Lo que hab\u00e9is recibido gratis, dadlo gratis<\/em>\u201d (Mateo 10, 8).<\/li>\n<\/ul>\n\n\n\n<p>\u21d2 Soy sacerdote. \u00bfC\u00f3mo puedo&nbsp;<strong>apuntarme como sacerdote<\/strong>&nbsp;colaborador del SARCU?<\/p>\n\n\n\n<ul class=\"wp-block-list\">\n<li><strong>Contacta con la Secretar\u00eda<\/strong>&nbsp;de nuestra Vicar\u00eda de Pastoral Social e Innovaci\u00f3n en el tel\u00e9fono 91 454 64 22.<\/li>\n<\/ul>\n\n\n\n<p>El programa&nbsp;<strong>\u00daltimas Preguntas<\/strong>, de La 2, habl\u00f3 del SARCU en su&nbsp;<a href=\"http:\/\/www.rtve.es\/alacarta\/videos\/ultimas-preguntas\/ultimas-preguntas-tantos-estudio-255\/4039022\/\" target=\"_blank\" rel=\"noreferrer noopener\"><strong>programa del 25 de mayo<\/strong><\/a>. He aqu\u00ed el corte:<\/p>\n\n\n\n<p>Una nueva entrevista, esta vez en HM televisi\u00f3n, de la&nbsp;<a href=\"https:\/\/www.eukmamie.org\/es\/\" target=\"_blank\" rel=\"noreferrer noopener\"><strong>Fundaci\u00f3n EUK Mamie<\/strong><\/a>, el 27 de junio de 2017.<\/p>\n\n\n\n<p>Un espl\u00e9ndido reportaje de Elena Genillo (<a href=\"https:\/\/twitter.com\/helengenillo?lang=es\" target=\"_blank\" rel=\"noreferrer noopener\">@helengenillo<\/a>) en&nbsp;<a href=\"http:\/\/www.larazon.es\/\" target=\"_blank\" rel=\"noreferrer noopener\">La Raz\u00f3n<\/a>, publicado el 26.6.17. Le dedicamos una entrada especial:&nbsp;<a href=\"https:\/\/www.pastoralsocialmadrid.com\/la-iglesia-no-duerme\/\" target=\"_blank\" rel=\"noreferrer noopener\"><strong>pulsa aqui<\/strong><\/a>&nbsp;para verla.<\/p>\n\n\n\n<p>Reportaje colgado en&nbsp;<a href=\"http:\/\/zoomin.tv\/video\/#!l\/eng_us\/latestvideos\/791025\" target=\"_blank\" rel=\"noreferrer noopener\">Zoomin TV<\/a>, una cadena de reportajes televisivos en internet con sede en Amsterdam (hay bastante en espa\u00f1ol, pero algunos r\u00f3tulos est\u00e1n en ingl\u00e9s):<\/p>\n\n\n\n<p>En&nbsp;<strong>Alfa y Omega<\/strong>, se public\u00f3 el 10 agosto de 2017 esta&nbsp;<a href=\"http:\/\/www.alfayomega.es\/123388\/el-sarcu-es-ser-cura-en-la-eucaristia-de-la-noche-y-el-dolor\" target=\"_blank\" rel=\"noreferrer noopener\"><strong>entrevista al coordinador del SARCU<\/strong><\/a>, Pablo Genov\u00e9s:<\/p>\n\n\n\n<p>En la revista&nbsp;<strong>Ecclesia<\/strong>, portada y art\u00edculo central en octubre de 2017, por Carlos Gonz\u00e1lez:<\/p>\n\n\n\n<p>En la&nbsp;<strong>revista Alandar<\/strong>, art\u00edculo el 1 de enero de 2018, por Ignacio Igartua:&nbsp;<a href=\"http:\/\/alandar.org\/decir-haciendo\/la-ternura-de-dios-en-medio-de-la-noche\/\" target=\"_blank\" rel=\"noreferrer noopener\"><strong>verlo aqu\u00ed<\/strong><\/a>.<\/p>\n\n\n\n<p>En el numero de enero de 2018 de la&nbsp;<strong><a href=\"https:\/\/www.21rs.es\/\" target=\"_blank\" rel=\"noreferrer noopener\">revista 21rs<\/a><\/strong>, art\u00edculo por Santi Riesco:<\/p>\n\n\n\n<p>En<strong>Alfa y Omega<\/strong>, con motivo del primer aniversario del SARCU,&nbsp;<strong><a href=\"http:\/\/www.alfayomega.es\/151167\/la-ciudad-no-duerme-y-dios-tampoco\" target=\"_blank\" rel=\"noreferrer noopener\">\u00abLa ciudad no duerme\u2026 y Dios tampoco\u00bb<\/a><\/strong>&nbsp;(10.5.18).<\/p>\n\n\n\n<p>Tambi\u00e9n con motivo del primer aniversario, entrevista al coordinador del SARCU en&nbsp;<strong>13TV<\/strong>&nbsp;(17.5.18):<\/p>\n\n\n\n<figure class=\"wp-block-embed is-type-rich is-provider-gestor-del-servicio wp-block-embed-gestor-del-servicio\"><div class=\"wp-block-embed__wrapper\">\nhttps:\/\/youtube.com\/watch?v=ReCgiSyG7A8%3Fecver%3D2\n<\/div><\/figure>\n\n\n\n<p>Reportaje en la&nbsp;<strong>revista Palabra<\/strong>&nbsp;de mayo del 19:<\/p>\n\n\n\n<p>En el<strong>&nbsp;programa Periferias<\/strong>, de TRECE TV, el 19.3.19:<\/p>\n\n\n\n<p><strong>V\u00eddeo de la archidi\u00f3cesis<\/strong>&nbsp;(20.9.19) para presentar el SARCU en un encuentro del servicio argentino de asistencia nocturna.<\/p>\n\n\n\n<p><strong>En Alfa y Omega<\/strong>&nbsp;(8.1.20). Aqu\u00ed abajo, en PDF. O&nbsp;<a href=\"https:\/\/alfayomega.es\/194406\/el-sarcu-no-puede-ser-solo-una-cosa-de-curas\" target=\"_blank\" rel=\"noreferrer noopener\">en la web<\/a>&nbsp;del semanario<\/p>\n","protected":false},"excerpt":{"rendered":"<p>\u21d2 El&nbsp;SARCU&nbsp;(Servicio de Asistencia Religiosa Cat\u00f3lica Urgente) se puso en marcha el 15 de mayo de 2017. Y es: \u21d2 Adem\u00e1s, el&nbsp;SARCU&nbsp;est\u00e1 preparado para, en &hellip;<\/p>\n","protected":false},"author":1,"featured_media":5393,"parent":0,"menu_order":0,"comment_status":"closed","ping_status":"closed","template":"","meta":{"footnotes":""},"class_list":["post-4833","page","type-page","status-publish","has-post-thumbnail","hentry"],"yoast_head":"<!-- This site is optimized with the Yoast SEO plugin v27.6 - https:\/\/yoast.com\/product\/yoast-seo-wordpress\/ -->\n<title>SARCU (Servicio de Asistencia Religiosa Cat\u00f3lica Urgente) - PARROQUIA SAN ANTONIO DE LAS C\u00c1RCAVAS<\/title>\n<meta name=\"robots\" content=\"index, follow, max-snippet:-1, max-image-preview:large, max-video-preview:-1\" \/>\n<link rel=\"canonical\" href=\"https:\/\/parroquiacarcavas.archimadrid.es\/index.php\/sarcu-servicio-de-asistencia-religiosa-catolica-urgente\/\" \/>\n<meta property=\"og:locale\" content=\"es_ES\" \/>\n<meta property=\"og:type\" content=\"article\" \/>\n<meta property=\"og:title\" content=\"SARCU (Servicio de Asistencia Religiosa Cat\u00f3lica Urgente) - PARROQUIA SAN ANTONIO DE LAS C\u00c1RCAVAS\" \/>\n<meta property=\"og:description\" content=\"\u21d2 El&nbsp;SARCU&nbsp;(Servicio de Asistencia Religiosa Cat\u00f3lica Urgente) se puso en marcha el 15 de mayo de 2017. Y es: \u21d2 Adem\u00e1s, el&nbsp;SARCU&nbsp;est\u00e1 preparado para, en &hellip;\" \/>\n<meta property=\"og:url\" content=\"https:\/\/parroquiacarcavas.archimadrid.es\/index.php\/sarcu-servicio-de-asistencia-religiosa-catolica-urgente\/\" \/>\n<meta property=\"og:site_name\" content=\"PARROQUIA SAN ANTONIO DE LAS C\u00c1RCAVAS\" \/>\n<meta property=\"article:modified_time\" content=\"2025-03-30T07:28:25+00:00\" \/>\n<meta property=\"og:image\" content=\"https:\/\/parroquiacarcavas.archimadrid.es\/wp-content\/uploads\/2025\/03\/noche-en-la-zona-norte-de-madrid-56716-xl.jpg\" \/>\n\t<meta property=\"og:image:width\" content=\"1200\" \/>\n\t<meta property=\"og:image:height\" content=\"800\" \/>\n\t<meta property=\"og:image:type\" content=\"image\/jpeg\" \/>\n<meta name=\"twitter:card\" content=\"summary_large_image\" \/>\n<meta name=\"twitter:label1\" content=\"Tiempo de lectura\" \/>\n\t<meta name=\"twitter:data1\" content=\"4 minutos\" \/>\n<script type=\"application\/ld+json\" class=\"yoast-schema-graph\">{\"@context\":\"https:\\\/\\\/schema.org\",\"@graph\":[{\"@type\":\"WebPage\",\"@id\":\"https:\\\/\\\/parroquiacarcavas.archimadrid.es\\\/index.php\\\/sarcu-servicio-de-asistencia-religiosa-catolica-urgente\\\/\",\"url\":\"https:\\\/\\\/parroquiacarcavas.archimadrid.es\\\/index.php\\\/sarcu-servicio-de-asistencia-religiosa-catolica-urgente\\\/\",\"name\":\"SARCU (Servicio de Asistencia Religiosa Cat\u00f3lica Urgente) - PARROQUIA SAN ANTONIO DE LAS C\u00c1RCAVAS\",\"isPartOf\":{\"@id\":\"https:\\\/\\\/parroquiacarcavas.archimadrid.es\\\/#website\"},\"primaryImageOfPage\":{\"@id\":\"https:\\\/\\\/parroquiacarcavas.archimadrid.es\\\/index.php\\\/sarcu-servicio-de-asistencia-religiosa-catolica-urgente\\\/#primaryimage\"},\"image\":{\"@id\":\"https:\\\/\\\/parroquiacarcavas.archimadrid.es\\\/index.php\\\/sarcu-servicio-de-asistencia-religiosa-catolica-urgente\\\/#primaryimage\"},\"thumbnailUrl\":\"https:\\\/\\\/i0.wp.com\\\/parroquiacarcavas.archimadrid.es\\\/wp-content\\\/uploads\\\/2025\\\/03\\\/noche-en-la-zona-norte-de-madrid-56716-xl.jpg?fit=1200%2C800&ssl=1\",\"datePublished\":\"2022-12-07T17:23:10+00:00\",\"dateModified\":\"2025-03-30T07:28:25+00:00\",\"breadcrumb\":{\"@id\":\"https:\\\/\\\/parroquiacarcavas.archimadrid.es\\\/index.php\\\/sarcu-servicio-de-asistencia-religiosa-catolica-urgente\\\/#breadcrumb\"},\"inLanguage\":\"es\",\"potentialAction\":[{\"@type\":\"ReadAction\",\"target\":[\"https:\\\/\\\/parroquiacarcavas.archimadrid.es\\\/index.php\\\/sarcu-servicio-de-asistencia-religiosa-catolica-urgente\\\/\"]}]},{\"@type\":\"ImageObject\",\"inLanguage\":\"es\",\"@id\":\"https:\\\/\\\/parroquiacarcavas.archimadrid.es\\\/index.php\\\/sarcu-servicio-de-asistencia-religiosa-catolica-urgente\\\/#primaryimage\",\"url\":\"https:\\\/\\\/i0.wp.com\\\/parroquiacarcavas.archimadrid.es\\\/wp-content\\\/uploads\\\/2025\\\/03\\\/noche-en-la-zona-norte-de-madrid-56716-xl.jpg?fit=1200%2C800&ssl=1\",\"contentUrl\":\"https:\\\/\\\/i0.wp.com\\\/parroquiacarcavas.archimadrid.es\\\/wp-content\\\/uploads\\\/2025\\\/03\\\/noche-en-la-zona-norte-de-madrid-56716-xl.jpg?fit=1200%2C800&ssl=1\",\"width\":1200,\"height\":800},{\"@type\":\"BreadcrumbList\",\"@id\":\"https:\\\/\\\/parroquiacarcavas.archimadrid.es\\\/index.php\\\/sarcu-servicio-de-asistencia-religiosa-catolica-urgente\\\/#breadcrumb\",\"itemListElement\":[{\"@type\":\"ListItem\",\"position\":1,\"name\":\"Portada\",\"item\":\"https:\\\/\\\/parroquiacarcavas.archimadrid.es\\\/\"},{\"@type\":\"ListItem\",\"position\":2,\"name\":\"SARCU (Servicio de Asistencia Religiosa Cat\u00f3lica Urgente)\"}]},{\"@type\":\"WebSite\",\"@id\":\"https:\\\/\\\/parroquiacarcavas.archimadrid.es\\\/#website\",\"url\":\"https:\\\/\\\/parroquiacarcavas.archimadrid.es\\\/\",\"name\":\"PARROQUIA SAN ANTONIO DE LAS C\u00c1RCAVAS\",\"description\":\"VUESTRA CASA\",\"publisher\":{\"@id\":\"https:\\\/\\\/parroquiacarcavas.archimadrid.es\\\/#organization\"},\"potentialAction\":[{\"@type\":\"SearchAction\",\"target\":{\"@type\":\"EntryPoint\",\"urlTemplate\":\"https:\\\/\\\/parroquiacarcavas.archimadrid.es\\\/?s={search_term_string}\"},\"query-input\":{\"@type\":\"PropertyValueSpecification\",\"valueRequired\":true,\"valueName\":\"search_term_string\"}}],\"inLanguage\":\"es\"},{\"@type\":\"Organization\",\"@id\":\"https:\\\/\\\/parroquiacarcavas.archimadrid.es\\\/#organization\",\"name\":\"PARROQUIA SAN ANTONIO DE LAS C\u00c1RCAVAS\",\"url\":\"https:\\\/\\\/parroquiacarcavas.archimadrid.es\\\/\",\"logo\":{\"@type\":\"ImageObject\",\"inLanguage\":\"es\",\"@id\":\"https:\\\/\\\/parroquiacarcavas.archimadrid.es\\\/#\\\/schema\\\/logo\\\/image\\\/\",\"url\":\"https:\\\/\\\/parroquiacarcavas.archimadrid.es\\\/wp-content\\\/uploads\\\/2022\\\/02\\\/LOGO-SAN-ANTONIO.png\",\"contentUrl\":\"https:\\\/\\\/parroquiacarcavas.archimadrid.es\\\/wp-content\\\/uploads\\\/2022\\\/02\\\/LOGO-SAN-ANTONIO.png\",\"width\":1863,\"height\":1171,\"caption\":\"PARROQUIA SAN ANTONIO DE LAS C\u00c1RCAVAS\"},\"image\":{\"@id\":\"https:\\\/\\\/parroquiacarcavas.archimadrid.es\\\/#\\\/schema\\\/logo\\\/image\\\/\"}}]}<\/script>\n<!-- \/ Yoast SEO plugin. -->","yoast_head_json":{"title":"SARCU (Servicio de Asistencia Religiosa Cat\u00f3lica Urgente) - PARROQUIA SAN ANTONIO DE LAS C\u00c1RCAVAS","robots":{"index":"index","follow":"follow","max-snippet":"max-snippet:-1","max-image-preview":"max-image-preview:large","max-video-preview":"max-video-preview:-1"},"canonical":"https:\/\/parroquiacarcavas.archimadrid.es\/index.php\/sarcu-servicio-de-asistencia-religiosa-catolica-urgente\/","og_locale":"es_ES","og_type":"article","og_title":"SARCU (Servicio de Asistencia Religiosa Cat\u00f3lica Urgente) - PARROQUIA SAN ANTONIO DE LAS C\u00c1RCAVAS","og_description":"\u21d2 El&nbsp;SARCU&nbsp;(Servicio de Asistencia Religiosa Cat\u00f3lica Urgente) se puso en marcha el 15 de mayo de 2017. Y es: \u21d2 Adem\u00e1s, el&nbsp;SARCU&nbsp;est\u00e1 preparado para, en &hellip;","og_url":"https:\/\/parroquiacarcavas.archimadrid.es\/index.php\/sarcu-servicio-de-asistencia-religiosa-catolica-urgente\/","og_site_name":"PARROQUIA SAN ANTONIO DE LAS C\u00c1RCAVAS","article_modified_time":"2025-03-30T07:28:25+00:00","og_image":[{"width":1200,"height":800,"url":"https:\/\/parroquiacarcavas.archimadrid.es\/wp-content\/uploads\/2025\/03\/noche-en-la-zona-norte-de-madrid-56716-xl.jpg","type":"image\/jpeg"}],"twitter_card":"summary_large_image","twitter_misc":{"Tiempo de lectura":"4 minutos"},"schema":{"@context":"https:\/\/schema.org","@graph":[{"@type":"WebPage","@id":"https:\/\/parroquiacarcavas.archimadrid.es\/index.php\/sarcu-servicio-de-asistencia-religiosa-catolica-urgente\/","url":"https:\/\/parroquiacarcavas.archimadrid.es\/index.php\/sarcu-servicio-de-asistencia-religiosa-catolica-urgente\/","name":"SARCU (Servicio de Asistencia Religiosa Cat\u00f3lica Urgente) - PARROQUIA SAN ANTONIO DE LAS C\u00c1RCAVAS","isPartOf":{"@id":"https:\/\/parroquiacarcavas.archimadrid.es\/#website"},"primaryImageOfPage":{"@id":"https:\/\/parroquiacarcavas.archimadrid.es\/index.php\/sarcu-servicio-de-asistencia-religiosa-catolica-urgente\/#primaryimage"},"image":{"@id":"https:\/\/parroquiacarcavas.archimadrid.es\/index.php\/sarcu-servicio-de-asistencia-religiosa-catolica-urgente\/#primaryimage"},"thumbnailUrl":"https:\/\/i0.wp.com\/parroquiacarcavas.archimadrid.es\/wp-content\/uploads\/2025\/03\/noche-en-la-zona-norte-de-madrid-56716-xl.jpg?fit=1200%2C800&ssl=1","datePublished":"2022-12-07T17:23:10+00:00","dateModified":"2025-03-30T07:28:25+00:00","breadcrumb":{"@id":"https:\/\/parroquiacarcavas.archimadrid.es\/index.php\/sarcu-servicio-de-asistencia-religiosa-catolica-urgente\/#breadcrumb"},"inLanguage":"es","potentialAction":[{"@type":"ReadAction","target":["https:\/\/parroquiacarcavas.archimadrid.es\/index.php\/sarcu-servicio-de-asistencia-religiosa-catolica-urgente\/"]}]},{"@type":"ImageObject","inLanguage":"es","@id":"https:\/\/parroquiacarcavas.archimadrid.es\/index.php\/sarcu-servicio-de-asistencia-religiosa-catolica-urgente\/#primaryimage","url":"https:\/\/i0.wp.com\/parroquiacarcavas.archimadrid.es\/wp-content\/uploads\/2025\/03\/noche-en-la-zona-norte-de-madrid-56716-xl.jpg?fit=1200%2C800&ssl=1","contentUrl":"https:\/\/i0.wp.com\/parroquiacarcavas.archimadrid.es\/wp-content\/uploads\/2025\/03\/noche-en-la-zona-norte-de-madrid-56716-xl.jpg?fit=1200%2C800&ssl=1","width":1200,"height":800},{"@type":"BreadcrumbList","@id":"https:\/\/parroquiacarcavas.archimadrid.es\/index.php\/sarcu-servicio-de-asistencia-religiosa-catolica-urgente\/#breadcrumb","itemListElement":[{"@type":"ListItem","position":1,"name":"Portada","item":"https:\/\/parroquiacarcavas.archimadrid.es\/"},{"@type":"ListItem","position":2,"name":"SARCU (Servicio de Asistencia Religiosa Cat\u00f3lica Urgente)"}]},{"@type":"WebSite","@id":"https:\/\/parroquiacarcavas.archimadrid.es\/#website","url":"https:\/\/parroquiacarcavas.archimadrid.es\/","name":"PARROQUIA SAN ANTONIO DE LAS C\u00c1RCAVAS","description":"VUESTRA CASA","publisher":{"@id":"https:\/\/parroquiacarcavas.archimadrid.es\/#organization"},"potentialAction":[{"@type":"SearchAction","target":{"@type":"EntryPoint","urlTemplate":"https:\/\/parroquiacarcavas.archimadrid.es\/?s={search_term_string}"},"query-input":{"@type":"PropertyValueSpecification","valueRequired":true,"valueName":"search_term_string"}}],"inLanguage":"es"},{"@type":"Organization","@id":"https:\/\/parroquiacarcavas.archimadrid.es\/#organization","name":"PARROQUIA SAN ANTONIO DE LAS C\u00c1RCAVAS","url":"https:\/\/parroquiacarcavas.archimadrid.es\/","logo":{"@type":"ImageObject","inLanguage":"es","@id":"https:\/\/parroquiacarcavas.archimadrid.es\/#\/schema\/logo\/image\/","url":"https:\/\/parroquiacarcavas.archimadrid.es\/wp-content\/uploads\/2022\/02\/LOGO-SAN-ANTONIO.png","contentUrl":"https:\/\/parroquiacarcavas.archimadrid.es\/wp-content\/uploads\/2022\/02\/LOGO-SAN-ANTONIO.png","width":1863,"height":1171,"caption":"PARROQUIA SAN ANTONIO DE LAS C\u00c1RCAVAS"},"image":{"@id":"https:\/\/parroquiacarcavas.archimadrid.es\/#\/schema\/logo\/image\/"}}]}},"_links":{"self":[{"href":"https:\/\/parroquiacarcavas.archimadrid.es\/index.php\/wp-json\/wp\/v2\/pages\/4833","targetHints":{"allow":["GET"]}}],"collection":[{"href":"https:\/\/parroquiacarcavas.archimadrid.es\/index.php\/wp-json\/wp\/v2\/pages"}],"about":[{"href":"https:\/\/parroquiacarcavas.archimadrid.es\/index.php\/wp-json\/wp\/v2\/types\/page"}],"author":[{"embeddable":true,"href":"https:\/\/parroquiacarcavas.archimadrid.es\/index.php\/wp-json\/wp\/v2\/users\/1"}],"replies":[{"embeddable":true,"href":"https:\/\/parroquiacarcavas.archimadrid.es\/index.php\/wp-json\/wp\/v2\/comments?post=4833"}],"version-history":[{"count":2,"href":"https:\/\/parroquiacarcavas.archimadrid.es\/index.php\/wp-json\/wp\/v2\/pages\/4833\/revisions"}],"predecessor-version":[{"id":5392,"href":"https:\/\/parroquiacarcavas.archimadrid.es\/index.php\/wp-json\/wp\/v2\/pages\/4833\/revisions\/5392"}],"wp:featuredmedia":[{"embeddable":true,"href":"https:\/\/parroquiacarcavas.archimadrid.es\/index.php\/wp-json\/wp\/v2\/media\/5393"}],"wp:attachment":[{"href":"https:\/\/parroquiacarcavas.archimadrid.es\/index.php\/wp-json\/wp\/v2\/media?parent=4833"}],"curies":[{"name":"wp","href":"https:\/\/api.w.org\/{rel}","templated":true}]}}