{"id":5188,"date":"2024-10-01T06:22:30","date_gmt":"2024-10-01T06:22:30","guid":{"rendered":"https:\/\/parroquiacarcavas.archimadrid.es\/?page_id=5188"},"modified":"2026-02-28T13:18:44","modified_gmt":"2026-02-28T13:18:44","slug":"cursillos-prematrimoniales","status":"publish","type":"page","link":"https:\/\/parroquiacarcavas.archimadrid.es\/index.php\/cursillos-prematrimoniales\/","title":{"rendered":"CURSILLOS PREMATRIMONIALES"},"content":{"rendered":"\n<p>Las fechas que tenemos disponibles para el <strong>2026 <\/strong>son las siguientes:<\/p>\n\n\n\n<figure class=\"wp-block-image size-large\"><img data-recalc-dims=\"1\" loading=\"lazy\" decoding=\"async\" width=\"769\" height=\"769\" src=\"https:\/\/i0.wp.com\/parroquiacarcavas.archimadrid.es\/wp-content\/uploads\/2026\/02\/Copia-de-Copia-de-Copia-de-Copia-de-Copia-de-Copia-de-Copia-de-Pray-for-Ukraine-Peace-Praying-Instagram-Post-11.png?resize=769%2C769&#038;ssl=1\" alt=\"\" class=\"wp-image-5647\" srcset=\"https:\/\/i0.wp.com\/parroquiacarcavas.archimadrid.es\/wp-content\/uploads\/2026\/02\/Copia-de-Copia-de-Copia-de-Copia-de-Copia-de-Copia-de-Copia-de-Pray-for-Ukraine-Peace-Praying-Instagram-Post-11.png?resize=1024%2C1024&amp;ssl=1 1024w, https:\/\/i0.wp.com\/parroquiacarcavas.archimadrid.es\/wp-content\/uploads\/2026\/02\/Copia-de-Copia-de-Copia-de-Copia-de-Copia-de-Copia-de-Copia-de-Pray-for-Ukraine-Peace-Praying-Instagram-Post-11.png?resize=300%2C300&amp;ssl=1 300w, https:\/\/i0.wp.com\/parroquiacarcavas.archimadrid.es\/wp-content\/uploads\/2026\/02\/Copia-de-Copia-de-Copia-de-Copia-de-Copia-de-Copia-de-Copia-de-Pray-for-Ukraine-Peace-Praying-Instagram-Post-11.png?resize=150%2C150&amp;ssl=1 150w, https:\/\/i0.wp.com\/parroquiacarcavas.archimadrid.es\/wp-content\/uploads\/2026\/02\/Copia-de-Copia-de-Copia-de-Copia-de-Copia-de-Copia-de-Copia-de-Pray-for-Ukraine-Peace-Praying-Instagram-Post-11.png?resize=768%2C768&amp;ssl=1 768w, https:\/\/i0.wp.com\/parroquiacarcavas.archimadrid.es\/wp-content\/uploads\/2026\/02\/Copia-de-Copia-de-Copia-de-Copia-de-Copia-de-Copia-de-Copia-de-Pray-for-Ukraine-Peace-Praying-Instagram-Post-11.png?w=1080&amp;ssl=1 1080w\" sizes=\"auto, (max-width: 769px) 100vw, 769px\" \/><\/figure>\n\n\n\n<p class=\"has-text-align-center\"><strong>PRIMER CURSILLO<\/strong><\/p>\n\n\n\n<p class=\"has-text-align-center\">28 FEBRERO &#8211; 1 MARZO y 7 &#8211; 8 MARZO 2026<\/p>\n\n\n\n<p class=\"has-text-align-center\"><strong>SEGUNDO CURSILLO<\/strong><\/p>\n\n\n\n<p class=\"has-text-align-center\">30 &#8211; 31 MAYO <\/p>\n\n\n\n<p>La duraci\u00f3n del cursillo es de <strong>DOS<\/strong> fines de semana. Comienzan el s\u00e1bado por la ma\u00f1ana a las 9:30, termina por la tarde noche y el domingo es solamente por la tarde, despu\u00e9s de comer, hasta la Misa de 20:00. Para apuntarse hay que enviar un WhatsApp al <strong>914993177<\/strong> enviando nombre completo de los novios, n\u00fameros de tel\u00e9fono y emails.<\/p>\n\n\n\n<p>Debido a la visita del Papa Leon XIV en junio acortamos el cursillo en un solo fin de semana a finales del mes de mayo de 2026<\/p>\n\n\n\n<p>En el caso en el que viv\u00e1is en las C\u00e1rcavas o en Valdebebas o recordamos que ten\u00e9is que hacer aqu\u00ed en nuestra parroquia el <a href=\"https:\/\/parroquiacarcavas.archimadrid.es\/index.php\/matrimonio\/\">expediente matrimonial <\/a>cuando proceda.<\/p>\n\n\n\n<p><\/p>\n","protected":false},"excerpt":{"rendered":"<p>Las fechas que tenemos disponibles para el 2026 son las siguientes: PRIMER CURSILLO 28 FEBRERO &#8211; 1 MARZO y 7 &#8211; 8 MARZO 2026 SEGUNDO &hellip;<\/p>\n","protected":false},"author":1,"featured_media":5378,"parent":0,"menu_order":0,"comment_status":"closed","ping_status":"closed","template":"","meta":{"footnotes":""},"class_list":["post-5188","page","type-page","status-publish","has-post-thumbnail","hentry"],"yoast_head":"<!-- This site is optimized with the Yoast SEO plugin v27.4 - https:\/\/yoast.com\/product\/yoast-seo-wordpress\/ -->\n<title>CURSILLOS PREMATRIMONIALES - PARROQUIA SAN ANTONIO DE LAS C\u00c1RCAVAS<\/title>\n<meta name=\"robots\" content=\"index, follow, max-snippet:-1, max-image-preview:large, max-video-preview:-1\" \/>\n<link rel=\"canonical\" href=\"https:\/\/parroquiacarcavas.archimadrid.es\/index.php\/cursillos-prematrimoniales\/\" \/>\n<meta property=\"og:locale\" content=\"es_ES\" \/>\n<meta property=\"og:type\" content=\"article\" \/>\n<meta property=\"og:title\" content=\"CURSILLOS PREMATRIMONIALES - PARROQUIA SAN ANTONIO DE LAS C\u00c1RCAVAS\" \/>\n<meta property=\"og:description\" content=\"Las fechas que tenemos disponibles para el 2026 son las siguientes: PRIMER CURSILLO 28 FEBRERO &#8211; 1 MARZO y 7 &#8211; 8 MARZO 2026 SEGUNDO &hellip;\" \/>\n<meta property=\"og:url\" content=\"https:\/\/parroquiacarcavas.archimadrid.es\/index.php\/cursillos-prematrimoniales\/\" \/>\n<meta property=\"og:site_name\" content=\"PARROQUIA SAN ANTONIO DE LAS C\u00c1RCAVAS\" \/>\n<meta property=\"article:modified_time\" content=\"2026-02-28T13:18:44+00:00\" \/>\n<meta property=\"og:image\" content=\"https:\/\/parroquiacarcavas.archimadrid.es\/wp-content\/uploads\/2025\/03\/IMG_20250322_133306-scaled.jpg\" \/>\n\t<meta property=\"og:image:width\" content=\"2560\" \/>\n\t<meta property=\"og:image:height\" content=\"1923\" \/>\n\t<meta property=\"og:image:type\" content=\"image\/jpeg\" \/>\n<meta name=\"twitter:card\" content=\"summary_large_image\" \/>\n<meta name=\"twitter:label1\" content=\"Tiempo de lectura\" \/>\n\t<meta name=\"twitter:data1\" content=\"2 minutos\" \/>\n<script type=\"application\/ld+json\" class=\"yoast-schema-graph\">{\"@context\":\"https:\\\/\\\/schema.org\",\"@graph\":[{\"@type\":\"WebPage\",\"@id\":\"https:\\\/\\\/parroquiacarcavas.archimadrid.es\\\/index.php\\\/cursillos-prematrimoniales\\\/\",\"url\":\"https:\\\/\\\/parroquiacarcavas.archimadrid.es\\\/index.php\\\/cursillos-prematrimoniales\\\/\",\"name\":\"CURSILLOS PREMATRIMONIALES - PARROQUIA SAN ANTONIO DE LAS C\u00c1RCAVAS\",\"isPartOf\":{\"@id\":\"https:\\\/\\\/parroquiacarcavas.archimadrid.es\\\/#website\"},\"primaryImageOfPage\":{\"@id\":\"https:\\\/\\\/parroquiacarcavas.archimadrid.es\\\/index.php\\\/cursillos-prematrimoniales\\\/#primaryimage\"},\"image\":{\"@id\":\"https:\\\/\\\/parroquiacarcavas.archimadrid.es\\\/index.php\\\/cursillos-prematrimoniales\\\/#primaryimage\"},\"thumbnailUrl\":\"https:\\\/\\\/i0.wp.com\\\/parroquiacarcavas.archimadrid.es\\\/wp-content\\\/uploads\\\/2025\\\/03\\\/IMG_20250322_133306-scaled.jpg?fit=2560%2C1923&ssl=1\",\"datePublished\":\"2024-10-01T06:22:30+00:00\",\"dateModified\":\"2026-02-28T13:18:44+00:00\",\"breadcrumb\":{\"@id\":\"https:\\\/\\\/parroquiacarcavas.archimadrid.es\\\/index.php\\\/cursillos-prematrimoniales\\\/#breadcrumb\"},\"inLanguage\":\"es\",\"potentialAction\":[{\"@type\":\"ReadAction\",\"target\":[\"https:\\\/\\\/parroquiacarcavas.archimadrid.es\\\/index.php\\\/cursillos-prematrimoniales\\\/\"]}]},{\"@type\":\"ImageObject\",\"inLanguage\":\"es\",\"@id\":\"https:\\\/\\\/parroquiacarcavas.archimadrid.es\\\/index.php\\\/cursillos-prematrimoniales\\\/#primaryimage\",\"url\":\"https:\\\/\\\/i0.wp.com\\\/parroquiacarcavas.archimadrid.es\\\/wp-content\\\/uploads\\\/2025\\\/03\\\/IMG_20250322_133306-scaled.jpg?fit=2560%2C1923&ssl=1\",\"contentUrl\":\"https:\\\/\\\/i0.wp.com\\\/parroquiacarcavas.archimadrid.es\\\/wp-content\\\/uploads\\\/2025\\\/03\\\/IMG_20250322_133306-scaled.jpg?fit=2560%2C1923&ssl=1\",\"width\":2560,\"height\":1923},{\"@type\":\"BreadcrumbList\",\"@id\":\"https:\\\/\\\/parroquiacarcavas.archimadrid.es\\\/index.php\\\/cursillos-prematrimoniales\\\/#breadcrumb\",\"itemListElement\":[{\"@type\":\"ListItem\",\"position\":1,\"name\":\"Portada\",\"item\":\"https:\\\/\\\/parroquiacarcavas.archimadrid.es\\\/\"},{\"@type\":\"ListItem\",\"position\":2,\"name\":\"CURSILLOS PREMATRIMONIALES\"}]},{\"@type\":\"WebSite\",\"@id\":\"https:\\\/\\\/parroquiacarcavas.archimadrid.es\\\/#website\",\"url\":\"https:\\\/\\\/parroquiacarcavas.archimadrid.es\\\/\",\"name\":\"PARROQUIA SAN ANTONIO DE LAS C\u00c1RCAVAS\",\"description\":\"VUESTRA CASA\",\"publisher\":{\"@id\":\"https:\\\/\\\/parroquiacarcavas.archimadrid.es\\\/#organization\"},\"potentialAction\":[{\"@type\":\"SearchAction\",\"target\":{\"@type\":\"EntryPoint\",\"urlTemplate\":\"https:\\\/\\\/parroquiacarcavas.archimadrid.es\\\/?s={search_term_string}\"},\"query-input\":{\"@type\":\"PropertyValueSpecification\",\"valueRequired\":true,\"valueName\":\"search_term_string\"}}],\"inLanguage\":\"es\"},{\"@type\":\"Organization\",\"@id\":\"https:\\\/\\\/parroquiacarcavas.archimadrid.es\\\/#organization\",\"name\":\"PARROQUIA SAN ANTONIO DE LAS C\u00c1RCAVAS\",\"url\":\"https:\\\/\\\/parroquiacarcavas.archimadrid.es\\\/\",\"logo\":{\"@type\":\"ImageObject\",\"inLanguage\":\"es\",\"@id\":\"https:\\\/\\\/parroquiacarcavas.archimadrid.es\\\/#\\\/schema\\\/logo\\\/image\\\/\",\"url\":\"https:\\\/\\\/parroquiacarcavas.archimadrid.es\\\/wp-content\\\/uploads\\\/2022\\\/02\\\/LOGO-SAN-ANTONIO.png\",\"contentUrl\":\"https:\\\/\\\/parroquiacarcavas.archimadrid.es\\\/wp-content\\\/uploads\\\/2022\\\/02\\\/LOGO-SAN-ANTONIO.png\",\"width\":1863,\"height\":1171,\"caption\":\"PARROQUIA SAN ANTONIO DE LAS C\u00c1RCAVAS\"},\"image\":{\"@id\":\"https:\\\/\\\/parroquiacarcavas.archimadrid.es\\\/#\\\/schema\\\/logo\\\/image\\\/\"}}]}<\/script>\n<!-- \/ Yoast SEO plugin. -->","yoast_head_json":{"title":"CURSILLOS PREMATRIMONIALES - PARROQUIA SAN ANTONIO DE LAS C\u00c1RCAVAS","robots":{"index":"index","follow":"follow","max-snippet":"max-snippet:-1","max-image-preview":"max-image-preview:large","max-video-preview":"max-video-preview:-1"},"canonical":"https:\/\/parroquiacarcavas.archimadrid.es\/index.php\/cursillos-prematrimoniales\/","og_locale":"es_ES","og_type":"article","og_title":"CURSILLOS PREMATRIMONIALES - PARROQUIA SAN ANTONIO DE LAS C\u00c1RCAVAS","og_description":"Las fechas que tenemos disponibles para el 2026 son las siguientes: PRIMER CURSILLO 28 FEBRERO &#8211; 1 MARZO y 7 &#8211; 8 MARZO 2026 SEGUNDO &hellip;","og_url":"https:\/\/parroquiacarcavas.archimadrid.es\/index.php\/cursillos-prematrimoniales\/","og_site_name":"PARROQUIA SAN ANTONIO DE LAS C\u00c1RCAVAS","article_modified_time":"2026-02-28T13:18:44+00:00","og_image":[{"width":2560,"height":1923,"url":"https:\/\/parroquiacarcavas.archimadrid.es\/wp-content\/uploads\/2025\/03\/IMG_20250322_133306-scaled.jpg","type":"image\/jpeg"}],"twitter_card":"summary_large_image","twitter_misc":{"Tiempo de lectura":"2 minutos"},"schema":{"@context":"https:\/\/schema.org","@graph":[{"@type":"WebPage","@id":"https:\/\/parroquiacarcavas.archimadrid.es\/index.php\/cursillos-prematrimoniales\/","url":"https:\/\/parroquiacarcavas.archimadrid.es\/index.php\/cursillos-prematrimoniales\/","name":"CURSILLOS PREMATRIMONIALES - PARROQUIA SAN ANTONIO DE LAS C\u00c1RCAVAS","isPartOf":{"@id":"https:\/\/parroquiacarcavas.archimadrid.es\/#website"},"primaryImageOfPage":{"@id":"https:\/\/parroquiacarcavas.archimadrid.es\/index.php\/cursillos-prematrimoniales\/#primaryimage"},"image":{"@id":"https:\/\/parroquiacarcavas.archimadrid.es\/index.php\/cursillos-prematrimoniales\/#primaryimage"},"thumbnailUrl":"https:\/\/i0.wp.com\/parroquiacarcavas.archimadrid.es\/wp-content\/uploads\/2025\/03\/IMG_20250322_133306-scaled.jpg?fit=2560%2C1923&ssl=1","datePublished":"2024-10-01T06:22:30+00:00","dateModified":"2026-02-28T13:18:44+00:00","breadcrumb":{"@id":"https:\/\/parroquiacarcavas.archimadrid.es\/index.php\/cursillos-prematrimoniales\/#breadcrumb"},"inLanguage":"es","potentialAction":[{"@type":"ReadAction","target":["https:\/\/parroquiacarcavas.archimadrid.es\/index.php\/cursillos-prematrimoniales\/"]}]},{"@type":"ImageObject","inLanguage":"es","@id":"https:\/\/parroquiacarcavas.archimadrid.es\/index.php\/cursillos-prematrimoniales\/#primaryimage","url":"https:\/\/i0.wp.com\/parroquiacarcavas.archimadrid.es\/wp-content\/uploads\/2025\/03\/IMG_20250322_133306-scaled.jpg?fit=2560%2C1923&ssl=1","contentUrl":"https:\/\/i0.wp.com\/parroquiacarcavas.archimadrid.es\/wp-content\/uploads\/2025\/03\/IMG_20250322_133306-scaled.jpg?fit=2560%2C1923&ssl=1","width":2560,"height":1923},{"@type":"BreadcrumbList","@id":"https:\/\/parroquiacarcavas.archimadrid.es\/index.php\/cursillos-prematrimoniales\/#breadcrumb","itemListElement":[{"@type":"ListItem","position":1,"name":"Portada","item":"https:\/\/parroquiacarcavas.archimadrid.es\/"},{"@type":"ListItem","position":2,"name":"CURSILLOS PREMATRIMONIALES"}]},{"@type":"WebSite","@id":"https:\/\/parroquiacarcavas.archimadrid.es\/#website","url":"https:\/\/parroquiacarcavas.archimadrid.es\/","name":"PARROQUIA SAN ANTONIO DE LAS C\u00c1RCAVAS","description":"VUESTRA CASA","publisher":{"@id":"https:\/\/parroquiacarcavas.archimadrid.es\/#organization"},"potentialAction":[{"@type":"SearchAction","target":{"@type":"EntryPoint","urlTemplate":"https:\/\/parroquiacarcavas.archimadrid.es\/?s={search_term_string}"},"query-input":{"@type":"PropertyValueSpecification","valueRequired":true,"valueName":"search_term_string"}}],"inLanguage":"es"},{"@type":"Organization","@id":"https:\/\/parroquiacarcavas.archimadrid.es\/#organization","name":"PARROQUIA SAN ANTONIO DE LAS C\u00c1RCAVAS","url":"https:\/\/parroquiacarcavas.archimadrid.es\/","logo":{"@type":"ImageObject","inLanguage":"es","@id":"https:\/\/parroquiacarcavas.archimadrid.es\/#\/schema\/logo\/image\/","url":"https:\/\/parroquiacarcavas.archimadrid.es\/wp-content\/uploads\/2022\/02\/LOGO-SAN-ANTONIO.png","contentUrl":"https:\/\/parroquiacarcavas.archimadrid.es\/wp-content\/uploads\/2022\/02\/LOGO-SAN-ANTONIO.png","width":1863,"height":1171,"caption":"PARROQUIA SAN ANTONIO DE LAS C\u00c1RCAVAS"},"image":{"@id":"https:\/\/parroquiacarcavas.archimadrid.es\/#\/schema\/logo\/image\/"}}]}},"_links":{"self":[{"href":"https:\/\/parroquiacarcavas.archimadrid.es\/index.php\/wp-json\/wp\/v2\/pages\/5188","targetHints":{"allow":["GET"]}}],"collection":[{"href":"https:\/\/parroquiacarcavas.archimadrid.es\/index.php\/wp-json\/wp\/v2\/pages"}],"about":[{"href":"https:\/\/parroquiacarcavas.archimadrid.es\/index.php\/wp-json\/wp\/v2\/types\/page"}],"author":[{"embeddable":true,"href":"https:\/\/parroquiacarcavas.archimadrid.es\/index.php\/wp-json\/wp\/v2\/users\/1"}],"replies":[{"embeddable":true,"href":"https:\/\/parroquiacarcavas.archimadrid.es\/index.php\/wp-json\/wp\/v2\/comments?post=5188"}],"version-history":[{"count":7,"href":"https:\/\/parroquiacarcavas.archimadrid.es\/index.php\/wp-json\/wp\/v2\/pages\/5188\/revisions"}],"predecessor-version":[{"id":5648,"href":"https:\/\/parroquiacarcavas.archimadrid.es\/index.php\/wp-json\/wp\/v2\/pages\/5188\/revisions\/5648"}],"wp:featuredmedia":[{"embeddable":true,"href":"https:\/\/parroquiacarcavas.archimadrid.es\/index.php\/wp-json\/wp\/v2\/media\/5378"}],"wp:attachment":[{"href":"https:\/\/parroquiacarcavas.archimadrid.es\/index.php\/wp-json\/wp\/v2\/media?parent=5188"}],"curies":[{"name":"wp","href":"https:\/\/api.w.org\/{rel}","templated":true}]}}