{"id":968,"date":"2017-10-10T10:34:19","date_gmt":"2017-10-10T09:34:19","guid":{"rendered":"http:\/\/parroquiasdesancristobal.archimadrid.es\/?page_id=968"},"modified":"2026-01-19T18:28:57","modified_gmt":"2026-01-19T18:28:57","slug":"horarios","status":"publish","type":"page","link":"https:\/\/parroquiacarcavas.archimadrid.es\/index.php\/horarios\/","title":{"rendered":"HORARIOS"},"content":{"rendered":"\n<p class=\"has-text-align-center\"><\/p>\n\n\n\n<figure class=\"wp-block-image size-large\"><img data-recalc-dims=\"1\" loading=\"lazy\" decoding=\"async\" width=\"724\" height=\"1024\" src=\"https:\/\/i0.wp.com\/parroquiacarcavas.archimadrid.es\/wp-content\/uploads\/2025\/09\/Horario-2025-2026-vertical-15-9-25_page-0001.jpg?resize=724%2C1024&#038;ssl=1\" alt=\"\" class=\"wp-image-5521\" srcset=\"https:\/\/i0.wp.com\/parroquiacarcavas.archimadrid.es\/wp-content\/uploads\/2025\/09\/Horario-2025-2026-vertical-15-9-25_page-0001-scaled.jpg?resize=724%2C1024&amp;ssl=1 724w, https:\/\/i0.wp.com\/parroquiacarcavas.archimadrid.es\/wp-content\/uploads\/2025\/09\/Horario-2025-2026-vertical-15-9-25_page-0001-scaled.jpg?resize=212%2C300&amp;ssl=1 212w, https:\/\/i0.wp.com\/parroquiacarcavas.archimadrid.es\/wp-content\/uploads\/2025\/09\/Horario-2025-2026-vertical-15-9-25_page-0001-scaled.jpg?resize=768%2C1086&amp;ssl=1 768w, https:\/\/i0.wp.com\/parroquiacarcavas.archimadrid.es\/wp-content\/uploads\/2025\/09\/Horario-2025-2026-vertical-15-9-25_page-0001-scaled.jpg?resize=1086%2C1536&amp;ssl=1 1086w, https:\/\/i0.wp.com\/parroquiacarcavas.archimadrid.es\/wp-content\/uploads\/2025\/09\/Horario-2025-2026-vertical-15-9-25_page-0001-scaled.jpg?resize=1448%2C2048&amp;ssl=1 1448w, https:\/\/i0.wp.com\/parroquiacarcavas.archimadrid.es\/wp-content\/uploads\/2025\/09\/Horario-2025-2026-vertical-15-9-25_page-0001-scaled.jpg?w=1810&amp;ssl=1 1810w, https:\/\/i0.wp.com\/parroquiacarcavas.archimadrid.es\/wp-content\/uploads\/2025\/09\/Horario-2025-2026-vertical-15-9-25_page-0001-scaled.jpg?w=1538&amp;ssl=1 1538w\" sizes=\"auto, (max-width: 724px) 100vw, 724px\" \/><\/figure>\n\n\n<h1>Horarios de Misas:<\/h1>\n<h5><strong><span style=\"color: #000000;\">Domingos\u00a0 \u00a0 \u00a0 \u00a0 \u00a0 \u00a0 \u00a0 \u00a0 \u00a0 10:00, 11:30, 13:00, 18:30 y 20:00.<\/span><\/strong><\/h5>\n<p>Lunes a viernes\u00a0 \u00a0 \u00a0 \u00a0 \u00a0 7:30, 10:00 y 20:00.<\/p>\n<p>S\u00e1bados\u00a0 \u00a0 \u00a0 \u00a0 \u00a0 \u00a0 \u00a0 \u00a0 \u00a0 \u00a0 \u00a0 10:00 y 20:00.<strong>\u00a0<\/strong><\/p>\n<p align=\"justify\"><strong>Otros horarios :<\/strong><\/p>\n<ul>\n<li><strong>Horario de apertura del templo:<\/strong> 7:00-12:00\u00a0 18:00-21:00 (menos los s\u00e1bados que se abre a las 9:30 y a las 19:00)<\/li>\n<li><strong>Despacho parroquial:<\/strong> Mi\u00e9rcoles de 18:00-20:30 y Viernes de 9:00 a 10:00 y de 10:30 a 12:00.<\/li>\n<li><strong>Confesiones:<\/strong> Domingos y preceptos de 9:30 a 13:00 y de 18:00 a 21:00. Mi\u00e9rcoles y viernes de 19:00 a 20:00. Los jueves de 19:00 a 22:00. Siempre que lo solicit\u00e9is y estemos libres podemos confesar.<\/li>\n<li><strong>C\u00e1ritas<\/strong>: los lunes de 10:00 a 11:00 y los viernes de 18:00 a 19:00\u00a0<\/li>\n<li><strong>Bautizos:<\/strong> Todos los s\u00e1bados ma\u00f1ana y tarde . Los bautizos son comunitarios.\u00a0<\/li>\n<li><strong>Exposici\u00f3n del Sant\u00edsimo:<\/strong> Todos los jueves de 10:30 a 12:00 y de 19:00 a 20:00 y de 20:30 a 22:00.<\/li>\n<li><strong>Intenciones de misas y\/o funerales:<\/strong>\u00a0Solicitar a los sacerdotes.<\/li>\n<\/ul>\n<h1><span id=\"FIESTAS_Y_HORARIOS_ESPECIALES_PARA_ESPANA_Y_MADRID\"><span class=\"xr_tl h2\">FIESTAS Y HORARIOS\u00a0<\/span><span class=\"xr_tl h2\">ESPECIALES PARA ESPA\u00d1A\u00a0<\/span><span class=\"xr_tl h2\">Y MADRID<\/span><\/span><\/h1>\n<div class=\"h2\">\u00a0<\/div>\n<div class=\"h2\"><strong><span class=\"xr_tl h4\">Son fiestas de precepto (Horario especial):<\/span><span class=\"xr_tl Lista\"><span class=\"Lista\">\u00a0<\/span><\/span><\/strong><\/div>\n<div class=\"h2\"><span class=\"xr_tl Lista\"><span class=\"Lista\">\u00b71 de enero: Sta. Madre de Dios V\u00edspera <strong>20:00<\/strong> Dia de la fiesta: <\/span><\/span><strong style=\"font-size: revert; text-indent: 0em;\"><span style=\"color: #000000;\">\u00a011:30, 13:00, 18:30 y 20:00.<\/span><\/strong><\/div>\n<div class=\"h2\"><span class=\"xr_tl Lista\">\u00b76 enero: Epifan\u00eda del Se\u00f1or. <span class=\"Lista\">V\u00edspera <strong>20:00<\/strong> Dia de la fiesta: <\/span><strong style=\"font-size: revert; text-indent: 0em;\"><span style=\"color: #000000;\">11:30, 13:00, 18:30 y 20:00.<\/span><\/strong><\/span><\/div>\n<div class=\"h2\"><span class=\"xr_tl Lista\">\u00b719 marzo: San Jos\u00e9.\u00a0<\/span><\/div>\n<div class=\"h2\"><span class=\"xr_tl Lista\">\u00b715 mayo: San Isidro. <span class=\"Lista\">V\u00edspera <strong>20:00<\/strong> Dia de la fiesta: <\/span><strong style=\"font-size: revert; text-indent: 0em;\"><span style=\"color: #000000;\">10:00, 11:30, 13:00, 18:30 y 20:00.<\/span><\/strong><\/span><\/div>\n<div class=\"h2\"><span class=\"xr_tl Lista\">\u00b725 julio: Santiago, ap\u00f3stol<\/span><span class=\"xr_tl Lista\">\u00a0<\/span><\/div>\n<div class=\"h2\"><span class=\"xr_tl Lista\">\u00b715 agosto: Asunci\u00f3n de la Virgen<\/span><span class=\"xr_tl Lista\">\u00a0<\/span><\/div>\n<div class=\"h2\"><span class=\"xr_tl Lista\">\u00b71 noviembre: Todos los Santos:\u00a0<\/span><\/div>\n<div class=\"h2\"><span class=\"xr_tl Lista\">\u00b78 diciembre: Inmaculada Concepci\u00f3n:\u00a0<\/span><\/div>\n<div class=\"h2\"><span class=\"xr_tl Lista\"><span class=\"Lista\">\u00b725 diciembre: Navidad Horario especial\u00a0<\/span><\/span><\/div>\n<div class=\"h2\">\u00a0<\/div>\n<div class=\"h2\">\u00a0<\/div>\n<div class=\"h2\"><strong><span class=\"xr_tl h4\">NO son fiestas de precepto (Horario de\u00a0<\/span><span class=\"xr_tl h4\">diario):<\/span><span class=\"xr_tl Lista\">\u00a0<\/span><\/strong><\/div>\n<div class=\"h2\"><span class=\"xr_tl Lista\">\u00b7Mi\u00e9rcoles de ceniza\u00a0(horario especial).<\/span><\/div>\n<div class=\"h2\"><span class=\"xr_tl Lista\">\u00b7Jueves Santo y Viernes Santo (horario especial).<\/span><span class=\"xr_tl Lista\">\u00a0<\/span><\/div>\n<div class=\"h2\"><span class=\"xr_tl Lista\">\u00b7San Jos\u00e9 obrero (1 mayo)<\/span><span class=\"xr_tl Lista\">.<\/span><\/div>\n<div class=\"h2\"><span class=\"xr_tl Lista\">\u00b7San Pedro y san Pablo (29 junio).<\/span><\/div>\n<div class=\"h2\"><span class=\"xr_tl Lista\">\u00b7Sta. Mar\u00eda de la Cabeza (9 septiembre).\u00a0<\/span><\/div>\n<div class=\"h2\"><span class=\"xr_tl Lista\"><span class=\"Lista\">\u00b7Ntra. Sra. del Pilar (12 octubre).\u00a0<\/span><\/span><\/div>\n<div class=\"h2\"><span class=\"xr_tl Lista\"><span class=\"Lista\">\u00b7Exaltaci\u00f3n de la Cruz (14 septiembre).\u00a0<\/span><\/span><\/div>\n<div><span class=\"xr_tl Lista\"><span class=\"Lista\">\u00b7Ntra Sra. de la Almudena (9 noviembre)<\/span><\/span><span class=\"xr_tl Texto_normal\"><img loading=\"lazy\" decoding=\"async\" class=\"xr_an_2_4_825\" src=\"https:\/\/i1.wp.com\/www.archimadrid.es\/sanhermenegildo\/index_html_files\/0.gif?w=840\" alt=\"\" width=\"1\" height=\"1\" \/>.<\/span><\/div>\n<p>\u201cLa Eucarist\u00eda es el sacramento y la fuente de la unidad eclesial. Es lo que ha afirmado desde el inicio la tradici\u00f3n cristiana, bas\u00e1ndose precisamente en el signo del pan y del vino. As\u00ed, la Didach\u00e9, una obra escrita en los albores del cristianismo, afirma: \u201cComo este fragmento estaba disperso por los montes y, reunido, se hizo uno, as\u00ed sea reunida tu Iglesia de los confines de la tierra en tu reino\u201d (9, 4)\u201d <strong>SAN JUAN PABLO II.<\/strong><\/p>","protected":false},"excerpt":{"rendered":"<p>Horarios de Misas: Domingos\u00a0 \u00a0 \u00a0 \u00a0 \u00a0 \u00a0 \u00a0 \u00a0 \u00a0 10:00, 11:30, 13:00, 18:30 y 20:00. Lunes a viernes\u00a0 \u00a0 \u00a0 \u00a0 \u00a0 &hellip;<\/p>\n","protected":false},"author":1,"featured_media":0,"parent":0,"menu_order":0,"comment_status":"closed","ping_status":"closed","template":"","meta":{"footnotes":""},"class_list":["post-968","page","type-page","status-publish","hentry"],"yoast_head":"<!-- This site is optimized with the Yoast SEO plugin v27.6 - https:\/\/yoast.com\/product\/yoast-seo-wordpress\/ -->\n<title>Horarios de Misas de la parroquias de las C\u00e1rcavas<\/title>\n<meta name=\"description\" content=\"Esto son los horarios de la parroquia de San Antonio de las C\u00e1rcavas. Te invitamos a que conozcas a Jesucristo a trav\u00e9s de la Eucarist\u00eda.\" \/>\n<meta name=\"robots\" content=\"index, follow, max-snippet:-1, max-image-preview:large, max-video-preview:-1\" \/>\n<link rel=\"canonical\" href=\"https:\/\/parroquiacarcavas.archimadrid.es\/index.php\/horarios\/\" \/>\n<meta property=\"og:locale\" content=\"es_ES\" \/>\n<meta property=\"og:type\" content=\"article\" \/>\n<meta property=\"og:title\" content=\"Horarios de Misas de la parroquias de las C\u00e1rcavas\" \/>\n<meta property=\"og:description\" content=\"Esto son los horarios de la parroquia de San Antonio de las C\u00e1rcavas. Te invitamos a que conozcas a Jesucristo a trav\u00e9s de la Eucarist\u00eda.\" \/>\n<meta property=\"og:url\" content=\"https:\/\/parroquiacarcavas.archimadrid.es\/index.php\/horarios\/\" \/>\n<meta property=\"og:site_name\" content=\"PARROQUIA SAN ANTONIO DE LAS C\u00c1RCAVAS\" \/>\n<meta property=\"article:modified_time\" content=\"2026-01-19T18:28:57+00:00\" \/>\n<meta property=\"og:image\" content=\"https:\/\/parroquiacarcavas.archimadrid.es\/wp-content\/uploads\/2025\/09\/Horario-2025-2026-vertical-15-9-25_page-0001-724x1024.jpg\" \/>\n<meta name=\"twitter:card\" content=\"summary_large_image\" \/>\n<meta name=\"twitter:label1\" content=\"Tiempo de lectura\" \/>\n\t<meta name=\"twitter:data1\" content=\"3 minutos\" \/>\n<script type=\"application\/ld+json\" class=\"yoast-schema-graph\">{\"@context\":\"https:\\\/\\\/schema.org\",\"@graph\":[{\"@type\":\"WebPage\",\"@id\":\"https:\\\/\\\/parroquiacarcavas.archimadrid.es\\\/index.php\\\/horarios\\\/\",\"url\":\"https:\\\/\\\/parroquiacarcavas.archimadrid.es\\\/index.php\\\/horarios\\\/\",\"name\":\"Horarios de Misas de la parroquias de las C\u00e1rcavas\",\"isPartOf\":{\"@id\":\"https:\\\/\\\/parroquiacarcavas.archimadrid.es\\\/#website\"},\"primaryImageOfPage\":{\"@id\":\"https:\\\/\\\/parroquiacarcavas.archimadrid.es\\\/index.php\\\/horarios\\\/#primaryimage\"},\"image\":{\"@id\":\"https:\\\/\\\/parroquiacarcavas.archimadrid.es\\\/index.php\\\/horarios\\\/#primaryimage\"},\"thumbnailUrl\":\"https:\\\/\\\/parroquiacarcavas.archimadrid.es\\\/wp-content\\\/uploads\\\/2025\\\/09\\\/Horario-2025-2026-vertical-15-9-25_page-0001-724x1024.jpg\",\"datePublished\":\"2017-10-10T09:34:19+00:00\",\"dateModified\":\"2026-01-19T18:28:57+00:00\",\"description\":\"Esto son los horarios de la parroquia de San Antonio de las C\u00e1rcavas. Te invitamos a que conozcas a Jesucristo a trav\u00e9s de la Eucarist\u00eda.\",\"breadcrumb\":{\"@id\":\"https:\\\/\\\/parroquiacarcavas.archimadrid.es\\\/index.php\\\/horarios\\\/#breadcrumb\"},\"inLanguage\":\"es\",\"potentialAction\":[{\"@type\":\"ReadAction\",\"target\":[\"https:\\\/\\\/parroquiacarcavas.archimadrid.es\\\/index.php\\\/horarios\\\/\"]}]},{\"@type\":\"ImageObject\",\"inLanguage\":\"es\",\"@id\":\"https:\\\/\\\/parroquiacarcavas.archimadrid.es\\\/index.php\\\/horarios\\\/#primaryimage\",\"url\":\"https:\\\/\\\/i0.wp.com\\\/parroquiacarcavas.archimadrid.es\\\/wp-content\\\/uploads\\\/2025\\\/09\\\/Horario-2025-2026-vertical-15-9-25_page-0001-scaled.jpg?fit=1810%2C2560&ssl=1\",\"contentUrl\":\"https:\\\/\\\/i0.wp.com\\\/parroquiacarcavas.archimadrid.es\\\/wp-content\\\/uploads\\\/2025\\\/09\\\/Horario-2025-2026-vertical-15-9-25_page-0001-scaled.jpg?fit=1810%2C2560&ssl=1\",\"width\":1810,\"height\":2560},{\"@type\":\"BreadcrumbList\",\"@id\":\"https:\\\/\\\/parroquiacarcavas.archimadrid.es\\\/index.php\\\/horarios\\\/#breadcrumb\",\"itemListElement\":[{\"@type\":\"ListItem\",\"position\":1,\"name\":\"Portada\",\"item\":\"https:\\\/\\\/parroquiacarcavas.archimadrid.es\\\/\"},{\"@type\":\"ListItem\",\"position\":2,\"name\":\"HORARIOS\"}]},{\"@type\":\"WebSite\",\"@id\":\"https:\\\/\\\/parroquiacarcavas.archimadrid.es\\\/#website\",\"url\":\"https:\\\/\\\/parroquiacarcavas.archimadrid.es\\\/\",\"name\":\"PARROQUIA SAN ANTONIO DE LAS C\u00c1RCAVAS\",\"description\":\"VUESTRA CASA\",\"publisher\":{\"@id\":\"https:\\\/\\\/parroquiacarcavas.archimadrid.es\\\/#organization\"},\"potentialAction\":[{\"@type\":\"SearchAction\",\"target\":{\"@type\":\"EntryPoint\",\"urlTemplate\":\"https:\\\/\\\/parroquiacarcavas.archimadrid.es\\\/?s={search_term_string}\"},\"query-input\":{\"@type\":\"PropertyValueSpecification\",\"valueRequired\":true,\"valueName\":\"search_term_string\"}}],\"inLanguage\":\"es\"},{\"@type\":\"Organization\",\"@id\":\"https:\\\/\\\/parroquiacarcavas.archimadrid.es\\\/#organization\",\"name\":\"PARROQUIA SAN ANTONIO DE LAS C\u00c1RCAVAS\",\"url\":\"https:\\\/\\\/parroquiacarcavas.archimadrid.es\\\/\",\"logo\":{\"@type\":\"ImageObject\",\"inLanguage\":\"es\",\"@id\":\"https:\\\/\\\/parroquiacarcavas.archimadrid.es\\\/#\\\/schema\\\/logo\\\/image\\\/\",\"url\":\"https:\\\/\\\/parroquiacarcavas.archimadrid.es\\\/wp-content\\\/uploads\\\/2022\\\/02\\\/LOGO-SAN-ANTONIO.png\",\"contentUrl\":\"https:\\\/\\\/parroquiacarcavas.archimadrid.es\\\/wp-content\\\/uploads\\\/2022\\\/02\\\/LOGO-SAN-ANTONIO.png\",\"width\":1863,\"height\":1171,\"caption\":\"PARROQUIA SAN ANTONIO DE LAS C\u00c1RCAVAS\"},\"image\":{\"@id\":\"https:\\\/\\\/parroquiacarcavas.archimadrid.es\\\/#\\\/schema\\\/logo\\\/image\\\/\"}}]}<\/script>\n<!-- \/ Yoast SEO plugin. -->","yoast_head_json":{"title":"Horarios de Misas de la parroquias de las C\u00e1rcavas","description":"Esto son los horarios de la parroquia de San Antonio de las C\u00e1rcavas. Te invitamos a que conozcas a Jesucristo a trav\u00e9s de la Eucarist\u00eda.","robots":{"index":"index","follow":"follow","max-snippet":"max-snippet:-1","max-image-preview":"max-image-preview:large","max-video-preview":"max-video-preview:-1"},"canonical":"https:\/\/parroquiacarcavas.archimadrid.es\/index.php\/horarios\/","og_locale":"es_ES","og_type":"article","og_title":"Horarios de Misas de la parroquias de las C\u00e1rcavas","og_description":"Esto son los horarios de la parroquia de San Antonio de las C\u00e1rcavas. Te invitamos a que conozcas a Jesucristo a trav\u00e9s de la Eucarist\u00eda.","og_url":"https:\/\/parroquiacarcavas.archimadrid.es\/index.php\/horarios\/","og_site_name":"PARROQUIA SAN ANTONIO DE LAS C\u00c1RCAVAS","article_modified_time":"2026-01-19T18:28:57+00:00","og_image":[{"url":"https:\/\/parroquiacarcavas.archimadrid.es\/wp-content\/uploads\/2025\/09\/Horario-2025-2026-vertical-15-9-25_page-0001-724x1024.jpg","type":"","width":"","height":""}],"twitter_card":"summary_large_image","twitter_misc":{"Tiempo de lectura":"3 minutos"},"schema":{"@context":"https:\/\/schema.org","@graph":[{"@type":"WebPage","@id":"https:\/\/parroquiacarcavas.archimadrid.es\/index.php\/horarios\/","url":"https:\/\/parroquiacarcavas.archimadrid.es\/index.php\/horarios\/","name":"Horarios de Misas de la parroquias de las C\u00e1rcavas","isPartOf":{"@id":"https:\/\/parroquiacarcavas.archimadrid.es\/#website"},"primaryImageOfPage":{"@id":"https:\/\/parroquiacarcavas.archimadrid.es\/index.php\/horarios\/#primaryimage"},"image":{"@id":"https:\/\/parroquiacarcavas.archimadrid.es\/index.php\/horarios\/#primaryimage"},"thumbnailUrl":"https:\/\/parroquiacarcavas.archimadrid.es\/wp-content\/uploads\/2025\/09\/Horario-2025-2026-vertical-15-9-25_page-0001-724x1024.jpg","datePublished":"2017-10-10T09:34:19+00:00","dateModified":"2026-01-19T18:28:57+00:00","description":"Esto son los horarios de la parroquia de San Antonio de las C\u00e1rcavas. Te invitamos a que conozcas a Jesucristo a trav\u00e9s de la Eucarist\u00eda.","breadcrumb":{"@id":"https:\/\/parroquiacarcavas.archimadrid.es\/index.php\/horarios\/#breadcrumb"},"inLanguage":"es","potentialAction":[{"@type":"ReadAction","target":["https:\/\/parroquiacarcavas.archimadrid.es\/index.php\/horarios\/"]}]},{"@type":"ImageObject","inLanguage":"es","@id":"https:\/\/parroquiacarcavas.archimadrid.es\/index.php\/horarios\/#primaryimage","url":"https:\/\/i0.wp.com\/parroquiacarcavas.archimadrid.es\/wp-content\/uploads\/2025\/09\/Horario-2025-2026-vertical-15-9-25_page-0001-scaled.jpg?fit=1810%2C2560&ssl=1","contentUrl":"https:\/\/i0.wp.com\/parroquiacarcavas.archimadrid.es\/wp-content\/uploads\/2025\/09\/Horario-2025-2026-vertical-15-9-25_page-0001-scaled.jpg?fit=1810%2C2560&ssl=1","width":1810,"height":2560},{"@type":"BreadcrumbList","@id":"https:\/\/parroquiacarcavas.archimadrid.es\/index.php\/horarios\/#breadcrumb","itemListElement":[{"@type":"ListItem","position":1,"name":"Portada","item":"https:\/\/parroquiacarcavas.archimadrid.es\/"},{"@type":"ListItem","position":2,"name":"HORARIOS"}]},{"@type":"WebSite","@id":"https:\/\/parroquiacarcavas.archimadrid.es\/#website","url":"https:\/\/parroquiacarcavas.archimadrid.es\/","name":"PARROQUIA SAN ANTONIO DE LAS C\u00c1RCAVAS","description":"VUESTRA CASA","publisher":{"@id":"https:\/\/parroquiacarcavas.archimadrid.es\/#organization"},"potentialAction":[{"@type":"SearchAction","target":{"@type":"EntryPoint","urlTemplate":"https:\/\/parroquiacarcavas.archimadrid.es\/?s={search_term_string}"},"query-input":{"@type":"PropertyValueSpecification","valueRequired":true,"valueName":"search_term_string"}}],"inLanguage":"es"},{"@type":"Organization","@id":"https:\/\/parroquiacarcavas.archimadrid.es\/#organization","name":"PARROQUIA SAN ANTONIO DE LAS C\u00c1RCAVAS","url":"https:\/\/parroquiacarcavas.archimadrid.es\/","logo":{"@type":"ImageObject","inLanguage":"es","@id":"https:\/\/parroquiacarcavas.archimadrid.es\/#\/schema\/logo\/image\/","url":"https:\/\/parroquiacarcavas.archimadrid.es\/wp-content\/uploads\/2022\/02\/LOGO-SAN-ANTONIO.png","contentUrl":"https:\/\/parroquiacarcavas.archimadrid.es\/wp-content\/uploads\/2022\/02\/LOGO-SAN-ANTONIO.png","width":1863,"height":1171,"caption":"PARROQUIA SAN ANTONIO DE LAS C\u00c1RCAVAS"},"image":{"@id":"https:\/\/parroquiacarcavas.archimadrid.es\/#\/schema\/logo\/image\/"}}]}},"_links":{"self":[{"href":"https:\/\/parroquiacarcavas.archimadrid.es\/index.php\/wp-json\/wp\/v2\/pages\/968","targetHints":{"allow":["GET"]}}],"collection":[{"href":"https:\/\/parroquiacarcavas.archimadrid.es\/index.php\/wp-json\/wp\/v2\/pages"}],"about":[{"href":"https:\/\/parroquiacarcavas.archimadrid.es\/index.php\/wp-json\/wp\/v2\/types\/page"}],"author":[{"embeddable":true,"href":"https:\/\/parroquiacarcavas.archimadrid.es\/index.php\/wp-json\/wp\/v2\/users\/1"}],"replies":[{"embeddable":true,"href":"https:\/\/parroquiacarcavas.archimadrid.es\/index.php\/wp-json\/wp\/v2\/comments?post=968"}],"version-history":[{"count":31,"href":"https:\/\/parroquiacarcavas.archimadrid.es\/index.php\/wp-json\/wp\/v2\/pages\/968\/revisions"}],"predecessor-version":[{"id":5610,"href":"https:\/\/parroquiacarcavas.archimadrid.es\/index.php\/wp-json\/wp\/v2\/pages\/968\/revisions\/5610"}],"wp:attachment":[{"href":"https:\/\/parroquiacarcavas.archimadrid.es\/index.php\/wp-json\/wp\/v2\/media?parent=968"}],"curies":[{"name":"wp","href":"https:\/\/api.w.org\/{rel}","templated":true}]}}